{"id":24331,"date":"2026-03-26T13:49:24","date_gmt":"2026-03-26T12:49:24","guid":{"rendered":"https:\/\/wateryou.eu\/product\/verlaengerungskabel-fuer-orbis-36-volt-pumpe-6-meter\/"},"modified":"2026-03-26T13:49:24","modified_gmt":"2026-03-26T12:49:24","slug":"verlaengerungskabel-fuer-orbis-36-volt-pumpe-6-meter","status":"publish","type":"product","link":"https:\/\/wateryou.eu\/de\/produkt\/verlaengerungskabel-fuer-orbis-36-volt-pumpe-6-meter\/","title":{"rendered":"Verl\u00e4ngerungskabel f\u00fcr Orbis 36-Volt-Pumpe \u2013 6 Meter"},"content":{"rendered":"<p>Au\u00dfenkabel f\u00fcr den Einsatz ohne nahegelegene Steckdose, f\u00fcr Orbis Mini-Teich \u2013 6 Meter<\/p>\n","protected":false},"excerpt":{"rendered":"<p>Au\u00dfenkabel f\u00fcr den Einsatz, wenn keine Steckdose in der N\u00e4he ist, f\u00fcr den Orbis Mini-Teich<\/p>\n","protected":false},"featured_media":24220,"comment_status":"closed","ping_status":"closed","template":"","meta":{"_acf_changed":false,"_seopress_robots_primary_cat":"none","_seopress_titles_title":"%%post_title%% %%sep%% %%sitetitle%%","_seopress_titles_desc":"Au\u00dfenkabel f\u00fcr den Einsatz, wenn keine Steckdose in der N\u00e4he ist, f\u00fcr den Orbis Mini-Teich ","_seopress_robots_index":""},"product_brand":[],"product_cat":[1120],"product_tag":[1547],"class_list":{"0":"post-24331","1":"product","2":"type-product","3":"status-publish","4":"has-post-thumbnail","6":"product_cat-nicht-kategorisiert","7":"product_tag-orbis","8":"product_shipping_class-nl-standard-de","9":"yith_product_brand-velda-de","10":"entry","11":"has-media","13":"first","14":"instock","15":"taxable","16":"shipping-taxable","17":"purchasable","18":"product-type-simple","19":"col","20":"span_1_of_4","21":"wvn-content-left","22":"wvn-thumbs-layout-vertical","23":"wvn-btn-normal","24":"wvn-tabs-layout-vertical","25":"has-no-thumbnails"},"acf":[],"_links":{"self":[{"href":"https:\/\/wateryou.eu\/de\/wp-json\/wp\/v2\/product\/24331","targetHints":{"allow":["GET"]}}],"collection":[{"href":"https:\/\/wateryou.eu\/de\/wp-json\/wp\/v2\/product"}],"about":[{"href":"https:\/\/wateryou.eu\/de\/wp-json\/wp\/v2\/types\/product"}],"replies":[{"embeddable":true,"href":"https:\/\/wateryou.eu\/de\/wp-json\/wp\/v2\/comments?post=24331"}],"wp:featuredmedia":[{"embeddable":true,"href":"https:\/\/wateryou.eu\/de\/wp-json\/wp\/v2\/media\/24220"}],"wp:attachment":[{"href":"https:\/\/wateryou.eu\/de\/wp-json\/wp\/v2\/media?parent=24331"}],"wp:term":[{"taxonomy":"product_brand","embeddable":true,"href":"https:\/\/wateryou.eu\/de\/wp-json\/wp\/v2\/product_brand?post=24331"},{"taxonomy":"product_cat","embeddable":true,"href":"https:\/\/wateryou.eu\/de\/wp-json\/wp\/v2\/product_cat?post=24331"},{"taxonomy":"product_tag","embeddable":true,"href":"https:\/\/wateryou.eu\/de\/wp-json\/wp\/v2\/product_tag?post=24331"}],"curies":[{"name":"wp","href":"https:\/\/api.w.org\/{rel}","templated":true}]}}