{"id":24313,"date":"2026-03-26T11:23:54","date_gmt":"2026-03-26T10:23:54","guid":{"rendered":"https:\/\/wateryou.eu\/product\/orbis-planter-pflanzgefaess-o-67-x-44-cm-in-5-farben\/"},"modified":"2026-03-26T11:23:54","modified_gmt":"2026-03-26T10:23:54","slug":"orbis-planter-pflanzgefaess-o-67-x-44-cm-in-5-farben","status":"publish","type":"product","link":"https:\/\/wateryou.eu\/de\/produkt\/orbis-planter-pflanzgefaess-o-67-x-44-cm-in-5-farben\/","title":{"rendered":"Orbis Planter Pflanzgef\u00e4\u00df \u2013 \u00d8 67 x 44 cm, in 5 Farben"},"content":{"rendered":"<p><strong>Stilvoller Pflanzk\u00fcbel im Korb, <span class=\"article-property-value\">\u00d8 67 x 44 cm, 70 Liter<\/span><\/strong><\/p>\n<ul>\n<li>Nat\u00fcrliches Aussehen und Gef\u00fchl<\/li>\n<li>Recyclingmaterial<\/li>\n<li>Nachhaltig und stark<\/li>\n<\/ul>\n<p>Das au\u00dfergew\u00f6hnliche Design aus gewebtem Material auf Holzbasis passt hervorragend zu allen Garten- und Einrichtungsstilen.<\/p>\n<p>Wollen Sie den Pflanzkasten im Freien verwenden? Dann bohren Sie ein Loch in den Boden des Inneneinsatzes, damit \u00fcbersch\u00fcssiges Wasser ablaufen kann. M\u00f6chten Sie sp\u00e4ter Zimmer- oder Wasserpflanzen einsetzen? Ein neuer Inneneinsatz ist ebenfalls erh\u00e4ltlich.   <\/p>\n<ul>\n<li>Grote plantenbak in een mand met houten voet<\/li>\n<li>Kunststoff-Gartenkorb mit frostbest\u00e4ndigem Innenbeh\u00e4lter<\/li>\n<li>Pflanzk\u00fcbel in 5 Weidenfarben, passend f\u00fcr alle Garten- und Einrichtungsstile.<\/li>\n<li>F\u00fcr drinnen und drau\u00dfen<\/li>\n<\/ul>\n","protected":false},"excerpt":{"rendered":"<p><span class=\"article-property-value\">Velda Orbis Pflanzk\u00fcbel im Korb, Olivenweiden-Pflanzk\u00fcbel, rund \u00d8 67 cm, 70 Liter<\/span><\/p>\n","protected":false},"featured_media":24177,"comment_status":"closed","ping_status":"closed","template":"","meta":{"_acf_changed":false,"_seopress_robots_primary_cat":"none","_seopress_titles_title":"%%post_title%% %%sep%% %%sitetitle%%","_seopress_titles_desc":"Velda Orbis Pflanzk\u00fcbel im Korb, Olivenweiden-Pflanzk\u00fcbel, rund \u00d8 67 cm, 70 Liter","_seopress_robots_index":""},"product_brand":[],"product_cat":[1149],"product_tag":[1547],"class_list":{"0":"post-24313","1":"product","2":"type-product","3":"status-publish","4":"has-post-thumbnail","6":"product_cat-erleben-sie","7":"product_tag-orbis","8":"product_shipping_class-nl-standard-de","9":"yith_product_brand-velda-de","10":"entry","11":"has-media","13":"first","14":"outofstock","15":"sale","16":"taxable","17":"shipping-taxable","18":"purchasable","19":"product-type-variable","20":"col","21":"span_1_of_4","22":"wvn-content-left","23":"wvn-thumbs-layout-vertical","24":"wvn-btn-normal","25":"wvn-tabs-layout-vertical"},"acf":[],"_links":{"self":[{"href":"https:\/\/wateryou.eu\/de\/wp-json\/wp\/v2\/product\/24313","targetHints":{"allow":["GET"]}}],"collection":[{"href":"https:\/\/wateryou.eu\/de\/wp-json\/wp\/v2\/product"}],"about":[{"href":"https:\/\/wateryou.eu\/de\/wp-json\/wp\/v2\/types\/product"}],"replies":[{"embeddable":true,"href":"https:\/\/wateryou.eu\/de\/wp-json\/wp\/v2\/comments?post=24313"}],"wp:featuredmedia":[{"embeddable":true,"href":"https:\/\/wateryou.eu\/de\/wp-json\/wp\/v2\/media\/24177"}],"wp:attachment":[{"href":"https:\/\/wateryou.eu\/de\/wp-json\/wp\/v2\/media?parent=24313"}],"wp:term":[{"taxonomy":"product_brand","embeddable":true,"href":"https:\/\/wateryou.eu\/de\/wp-json\/wp\/v2\/product_brand?post=24313"},{"taxonomy":"product_cat","embeddable":true,"href":"https:\/\/wateryou.eu\/de\/wp-json\/wp\/v2\/product_cat?post=24313"},{"taxonomy":"product_tag","embeddable":true,"href":"https:\/\/wateryou.eu\/de\/wp-json\/wp\/v2\/product_tag?post=24313"}],"curies":[{"name":"wp","href":"https:\/\/api.w.org\/{rel}","templated":true}]}}