{"id":24307,"date":"2026-02-09T13:30:35","date_gmt":"2026-02-09T12:30:35","guid":{"rendered":"https:\/\/wateryou.eu\/product\/aqua-teststreifen\/"},"modified":"2026-02-09T13:30:35","modified_gmt":"2026-02-09T12:30:35","slug":"aqua-teststreifen","status":"publish","type":"product","link":"https:\/\/wateryou.eu\/de\/produkt\/aqua-teststreifen\/","title":{"rendered":"Aqua Teststreifen"},"content":{"rendered":"<div class=\"elementor-element elementor-element-ffe553c elementor-widget elementor-widget-heading\" data-id=\"ffe553c\" data-element_type=\"widget\" data-widget_type=\"heading.default\">\n<h2 class=\"elementor-heading-title elementor-size-default\"><span style=\"font-size: 16px;\">Aqua Teststreifen sind eine einfache und zuverl\u00e4ssige Methode, die 6 wichtigsten Wasserparameter in Teichen und Aquarien zu messen. Mit diesen Streifen erhalten Sie sofort Informationen zu pH-Wert, Gesamth\u00e4rte, Karbonath\u00e4rte sowie Nitrit-, Nitrat- und Chlorgehalt. Bestimmen Sie diese Werte durch einfaches Eintauchen (2 Sekunden), ohne das Wasser abzusch\u00fctteln. Vergleichen Sie anschlie\u00dfend die Farbbereiche auf dem Streifen mit der Farbskala auf der Verpackung. F\u00fcr optimale Ergebnisse bewahren Sie die Streifen an einem trockenen und k\u00fchlen Ort auf und verschlie\u00dfen Sie die Tube nach Gebrauch sofort wieder.    <\/span><\/h2>\n<\/div>\n<div class=\"elementor-element elementor-element-f21700c elementor-widget elementor-widget-woocommerce-product-content\" data-id=\"f21700c\" data-element_type=\"widget\" data-widget_type=\"woocommerce-product-content.default\">\n<p>Mit den Aqua Teststreifen erhalten Sie sofortigen Einblick in die Zusammensetzung Ihres Teich- oder Aquarienwassers. Ideal, um festzustellen, ob das Wasser in Ihrem Aquarium oder Teich die optimalen Wasserparameter erf\u00fcllt, wie zum Beispiel: <\/p>\n<p>\u2013 S\u00e4uregrad: pH 7\u20138,5<br \/>\n\u2013 Gesamth\u00e4rte: GH 8\u201312 \u00b0DH<br \/>\n\u2013 Karbonath\u00e4rte: KH 6\u20138 \u00b0DH<br \/>\n\u2013 Nitrit: NO\u2083 &lt; 25 mg\/l<br \/>\n\u2013 Nitrat: NO\u2082 \u2264 0,2 mg\/l<br \/>\n\u2013 Chlor: Cl\u2082 0 mg\/l<\/p>\n<p>Aqua-Teststreifen sind eine zuverl\u00e4ssige, einfache und schnelle Methode, die Wasserwerte Ihres Aquariums oder Teichs zu \u00fcberpr\u00fcfen. Mit diesen Streifen k\u00f6nnen Sie die Wasserwerte regelm\u00e4\u00dfig kontrollieren und so sicherstellen, dass Ihre Teich- oder Aquarienbewohner gesund und munter bleiben! <\/p>\n<\/div>\n","protected":false},"excerpt":{"rendered":"<p>Aqua Teststreifen sind eine einfache und zuverl\u00e4ssige Methode, die 6 wichtigsten Wasserparameter in Teichen und Aquarien zu messen. Mit diesen Streifen erhalten Sie sofort Informationen zu pH-Wert, Gesamth\u00e4rte, Karbonath\u00e4rte sowie Nitrit-, Nitrat- und Chlorgehalt. Bestimmen Sie diese Werte durch einfaches Eintauchen (2 Sekunden), ohne das Wasser abzusch\u00fctteln. Vergleichen Sie anschlie\u00dfend die Farbbereiche auf dem Streifen [&hellip;]<\/p>\n","protected":false},"featured_media":23955,"comment_status":"closed","ping_status":"closed","template":"","meta":{"_acf_changed":false,"_seopress_robots_primary_cat":"none","_seopress_titles_title":"","_seopress_titles_desc":"","_seopress_robots_index":""},"product_brand":[],"product_cat":[1241,1197],"product_tag":[],"class_list":{"0":"post-24307","1":"product","2":"type-product","3":"status-publish","4":"has-post-thumbnail","6":"product_cat-wasserverbesserung","7":"product_cat-watertesten-de","8":"product_shipping_class-nl-standard-de","9":"entry","10":"has-media","12":"first","13":"instock","14":"taxable","15":"shipping-taxable","16":"purchasable","17":"product-type-simple","18":"col","19":"span_1_of_4","20":"wvn-content-left","21":"wvn-thumbs-layout-vertical","22":"wvn-btn-normal","23":"wvn-tabs-layout-vertical"},"acf":[],"_links":{"self":[{"href":"https:\/\/wateryou.eu\/de\/wp-json\/wp\/v2\/product\/24307","targetHints":{"allow":["GET"]}}],"collection":[{"href":"https:\/\/wateryou.eu\/de\/wp-json\/wp\/v2\/product"}],"about":[{"href":"https:\/\/wateryou.eu\/de\/wp-json\/wp\/v2\/types\/product"}],"replies":[{"embeddable":true,"href":"https:\/\/wateryou.eu\/de\/wp-json\/wp\/v2\/comments?post=24307"}],"wp:featuredmedia":[{"embeddable":true,"href":"https:\/\/wateryou.eu\/de\/wp-json\/wp\/v2\/media\/23955"}],"wp:attachment":[{"href":"https:\/\/wateryou.eu\/de\/wp-json\/wp\/v2\/media?parent=24307"}],"wp:term":[{"taxonomy":"product_brand","embeddable":true,"href":"https:\/\/wateryou.eu\/de\/wp-json\/wp\/v2\/product_brand?post=24307"},{"taxonomy":"product_cat","embeddable":true,"href":"https:\/\/wateryou.eu\/de\/wp-json\/wp\/v2\/product_cat?post=24307"},{"taxonomy":"product_tag","embeddable":true,"href":"https:\/\/wateryou.eu\/de\/wp-json\/wp\/v2\/product_tag?post=24307"}],"curies":[{"name":"wp","href":"https:\/\/api.w.org\/{rel}","templated":true}]}}