{"id":24302,"date":"2026-03-26T12:20:46","date_gmt":"2026-03-26T11:20:46","guid":{"rendered":"https:\/\/wateryou.eu\/product\/orbis-bio-pond-lose-mini-teich-90-liter\/"},"modified":"2026-03-26T12:20:46","modified_gmt":"2026-03-26T11:20:46","slug":"orbis-bio-pond-lose-mini-teich-90-liter","status":"publish","type":"product","link":"https:\/\/wateryou.eu\/de\/produkt\/orbis-bio-pond-lose-mini-teich-90-liter\/","title":{"rendered":"Orbis Bio-Pond &#8211; Lose Mini-Teich 90 Liter"},"content":{"rendered":"<p><strong>Ein kleiner, ebenerdiger Teich ist immer eine Option! <\/strong><\/p>\n<p>Nicht jeder Garten bietet Platz f\u00fcr einen Teich, aber mit einem Miniteich l\u00e4sst sich das Wassererlebnis trotzdem genie\u00dfen. Schon ein kleines Becken mit sanft pl\u00e4tscherndem Wasser bringt mehr Leben und Artenvielfalt in Ihren kleinen Garten oder auf Ihre Terrasse. Der unterirdische Bio-Teich dient nicht nur als Pflanzbecken f\u00fcr Wasserpflanzen, sondern bietet auch V\u00f6geln, Amphibien und Igeln einen Trink- und Badeplatz.  <\/p>\n<p>Wir bei Velda sind \u00fcberzeugt, dass die Artenvielfalt in unserer unmittelbaren Umgebung die Welt und die unserer Kinder bereichert. M\u00f6chten Sie mithelfen und einen kleinen Teich anlegen? Mit dem kompletten Bio-Teich-Set oder den einzelnen Bausteinen k\u00f6nnen Sie im Handumdrehen ein farbenfrohes Wasserspiel in Ihrem Garten genie\u00dfen und ganz einfach zum Erhalt der Artenvielfalt beitragen.  <\/p>\n<p>V\u00f6gel, Igel und Insekten kommen zum Trinken, aber die Teichpflanzen machen den entscheidenden Unterschied. Erwecken Sie Ihren Bio-Teich zum Leben mit Teichpflanzen, die Bienen, Hummeln und Schmetterlingen die ganze Saison \u00fcber Nektar und Pollen bieten. Das Ergebnis ist ein farbenfroher Garten, in dem sich gefiederte Freunde dankbar Nahrung sammeln. Wussten Sie, dass sich Schlupfwespen ebenfalls von Nektar ern\u00e4hren und gleichzeitig Blattl\u00e4use bek\u00e4mpfen?   <\/p>\n<p>Teichpflanzen dienen Libellen als Eiablageplatz und Brutst\u00e4tte. Diese ern\u00e4hren sich von M\u00fcckenlarven und fangen sp\u00e4ter selbst M\u00fccken und Fliegen, sodass Sie weniger von diesen Plagegeistern bel\u00e4stigt werden. Dank der Libellen in der N\u00e4he Ihres Teichs k\u00f6nnen Sie au\u00dferdem h\u00e4ufiger V\u00f6gel, Flederm\u00e4use und Amphibien beobachten, die von diesem zus\u00e4tzlichen Nahrungsangebot profitieren.  <\/p>\n<p>Sie werden sehen, dass das kleine aquatische Biotop ein beliebter Treffpunkt in Ihrem Garten und eine wertvolle Bereicherung des nat\u00fcrlichen Gleichgewichts ist. Biodiversit\u00e4t war noch nie so einfach! <\/p>\n<p>M\u00f6chten Sie <strong>Bienen <\/strong>und <strong>Schmetterlinge <\/strong>an Ihrem Teich beobachten? Dann w\u00e4hlen Sie bl\u00fchende Teichpflanzen wie Sumpfdotterblume, Wasserveilchen und Hahnenfu\u00df. <\/p>\n<p>M\u00f6chten Sie <strong>Libellen und Kleinlibellen<\/strong> an Ihrem Teich beobachten? Dann w\u00e4hlen Sie Teichpflanzen mit St\u00e4ngeln, wie zum Beispiel die <strong>Gemeine Segge, das Schilfrohr und die Wassersoldat.<\/strong> <\/p>\n","protected":false},"excerpt":{"rendered":"<p>kleiner ebenerdiger Teich 90 Liter<\/p>\n","protected":false},"featured_media":24195,"comment_status":"closed","ping_status":"closed","template":"","meta":{"_acf_changed":false,"_seopress_robots_primary_cat":"none","_seopress_titles_title":"%%post_title%% %%sep%% %%sitetitle%%","_seopress_titles_desc":"kleiner ebenerdiger Teich 90 Liter","_seopress_robots_index":""},"product_brand":[],"product_cat":[1220],"product_tag":[1547],"class_list":{"0":"post-24302","1":"product","2":"type-product","3":"status-publish","4":"has-post-thumbnail","6":"product_cat-mini-teiche","7":"product_tag-orbis","8":"product_shipping_class-nl-standard-de","9":"yith_product_brand-velda-de","10":"entry","11":"has-media","13":"first","14":"instock","15":"taxable","16":"shipping-taxable","17":"purchasable","18":"product-type-variable","19":"col","20":"span_1_of_4","21":"wvn-content-left","22":"wvn-thumbs-layout-vertical","23":"wvn-btn-normal","24":"wvn-tabs-layout-vertical"},"acf":[],"_links":{"self":[{"href":"https:\/\/wateryou.eu\/de\/wp-json\/wp\/v2\/product\/24302","targetHints":{"allow":["GET"]}}],"collection":[{"href":"https:\/\/wateryou.eu\/de\/wp-json\/wp\/v2\/product"}],"about":[{"href":"https:\/\/wateryou.eu\/de\/wp-json\/wp\/v2\/types\/product"}],"replies":[{"embeddable":true,"href":"https:\/\/wateryou.eu\/de\/wp-json\/wp\/v2\/comments?post=24302"}],"wp:featuredmedia":[{"embeddable":true,"href":"https:\/\/wateryou.eu\/de\/wp-json\/wp\/v2\/media\/24195"}],"wp:attachment":[{"href":"https:\/\/wateryou.eu\/de\/wp-json\/wp\/v2\/media?parent=24302"}],"wp:term":[{"taxonomy":"product_brand","embeddable":true,"href":"https:\/\/wateryou.eu\/de\/wp-json\/wp\/v2\/product_brand?post=24302"},{"taxonomy":"product_cat","embeddable":true,"href":"https:\/\/wateryou.eu\/de\/wp-json\/wp\/v2\/product_cat?post=24302"},{"taxonomy":"product_tag","embeddable":true,"href":"https:\/\/wateryou.eu\/de\/wp-json\/wp\/v2\/product_tag?post=24302"}],"curies":[{"name":"wp","href":"https:\/\/api.w.org\/{rel}","templated":true}]}}