{"id":23459,"date":"2025-08-11T11:22:06","date_gmt":"2025-08-11T09:22:06","guid":{"rendered":"https:\/\/wateryou.eu\/?post_type=product&#038;p=23459"},"modified":"2026-05-06T10:34:58","modified_gmt":"2026-05-06T08:34:58","slug":"orbis-mini-teich-starter-set-enthaelt-wasserfall-substrat-pflanzennahrung-und-bakterien","status":"publish","type":"product","link":"https:\/\/wateryou.eu\/de\/produkt\/orbis-mini-teich-starter-set-enthaelt-wasserfall-substrat-pflanzennahrung-und-bakterien\/","title":{"rendered":"Orbis Mini-Teich Starter Set \u2013 Enth\u00e4lt Wasserfall, Substrat, Pflanzennahrung und Bakterien"},"content":{"rendered":"<p><strong>Stilvoller Mini-Teich<\/strong><\/p>\n<ul>\n<li>&#8211; Nat\u00fcrliches Aussehen und Gef\u00fchl<\/li>\n<li>&#8211; Recyceltes Material<\/li>\n<li>&#8211; Langlebig und stark<\/li>\n<\/ul>\n<p><strong>Zus\u00e4tzlich zum Orbis-Miniteich enth\u00e4lt das Starterset folgende Extras:<\/strong><\/p>\n<ul>\n<li><em> <span class=\"sku_wrapper detail-container\"> <span class=\"sku\"><a href=\"https:\/\/wateryou.eu\/de\/produkt\/growth-balls-pflanzennahrungsdunger\/\"> 122250: Growth balls<\/a> <\/span><\/span>im Wert von 6,49 \u20ac<\/em><\/li>\n<li><a href=\"https:\/\/wateryou.eu\/de\/produkt\/bacterial-2\/\">122615: Bacterial 50 ml<\/a> im Wert von 9,99 \u20ac<\/li>\n<li><a href=\"https:\/\/wateryou.eu\/de\/produkt\/mini-pond-substrate-2\/\">123020: Mini-Pond Substrate 4 kg \/ 5 l<\/a> im Wert von 9,99 \u20ac <\/li>\n<\/ul>\n<p>&nbsp;<\/p>\n<div id='gallery-1' class='gallery galleryid-23459 gallery-columns-4 gallery-size-thumbnail'><figure class='gallery-item'>\n\t\t\t<div class='gallery-icon landscape'>\n\t\t\t\t<a href='https:\/\/wateryou.eu\/wp-content\/uploads\/2025\/02\/orbis-beige-en-antraciet-samen-wateryou1.webp'><img decoding=\"async\" width=\"150\" height=\"150\" src=\"https:\/\/wateryou.eu\/wp-content\/uploads\/2025\/02\/orbis-beige-en-antraciet-samen-wateryou1-150x150.webp\" class=\"attachment-thumbnail size-thumbnail\" alt=\"\" srcset=\"https:\/\/wateryou.eu\/wp-content\/uploads\/2025\/02\/orbis-beige-en-antraciet-samen-wateryou1-150x150.webp 150w, https:\/\/wateryou.eu\/wp-content\/uploads\/2025\/02\/orbis-beige-en-antraciet-samen-wateryou1-300x300.webp 300w, https:\/\/wateryou.eu\/wp-content\/uploads\/2025\/02\/orbis-beige-en-antraciet-samen-wateryou1-1024x1024.webp 1024w, https:\/\/wateryou.eu\/wp-content\/uploads\/2025\/02\/orbis-beige-en-antraciet-samen-wateryou1-768x768.webp 768w, https:\/\/wateryou.eu\/wp-content\/uploads\/2025\/02\/orbis-beige-en-antraciet-samen-wateryou1-40x40.webp 40w, https:\/\/wateryou.eu\/wp-content\/uploads\/2025\/02\/orbis-beige-en-antraciet-samen-wateryou1-20x20.webp 20w, https:\/\/wateryou.eu\/wp-content\/uploads\/2025\/02\/orbis-beige-en-antraciet-samen-wateryou1-600x600.webp 600w, https:\/\/wateryou.eu\/wp-content\/uploads\/2025\/02\/orbis-beige-en-antraciet-samen-wateryou1-100x100.webp 100w, https:\/\/wateryou.eu\/wp-content\/uploads\/2025\/02\/orbis-beige-en-antraciet-samen-wateryou1.webp 1080w\" sizes=\"(max-width: 150px) 100vw, 150px\" \/><\/a>\n\t\t\t<\/div><\/figure><figure class='gallery-item'>\n\t\t\t<div class='gallery-icon portrait'>\n\t\t\t\t<a href='https:\/\/wateryou.eu\/wp-content\/uploads\/2023\/04\/e5c03c6086e3c6ad42e94f307a6a32cb.webp'><img decoding=\"async\" width=\"150\" height=\"150\" src=\"https:\/\/wateryou.eu\/wp-content\/uploads\/2023\/04\/e5c03c6086e3c6ad42e94f307a6a32cb-150x150.webp\" class=\"attachment-thumbnail size-thumbnail\" alt=\"\" srcset=\"https:\/\/wateryou.eu\/wp-content\/uploads\/2023\/04\/e5c03c6086e3c6ad42e94f307a6a32cb-150x150.webp 150w, https:\/\/wateryou.eu\/wp-content\/uploads\/2023\/04\/e5c03c6086e3c6ad42e94f307a6a32cb-100x100.webp 100w\" sizes=\"(max-width: 150px) 100vw, 150px\" \/><\/a>\n\t\t\t<\/div><\/figure><figure class='gallery-item'>\n\t\t\t<div class='gallery-icon portrait'>\n\t\t\t\t<a href='https:\/\/wateryou.eu\/wp-content\/uploads\/2023\/04\/f18794ddeb78830d6aa7f3f4df340dab.webp'><img decoding=\"async\" width=\"150\" height=\"150\" src=\"https:\/\/wateryou.eu\/wp-content\/uploads\/2023\/04\/f18794ddeb78830d6aa7f3f4df340dab-150x150.webp\" class=\"attachment-thumbnail size-thumbnail\" alt=\"\" srcset=\"https:\/\/wateryou.eu\/wp-content\/uploads\/2023\/04\/f18794ddeb78830d6aa7f3f4df340dab-150x150.webp 150w, https:\/\/wateryou.eu\/wp-content\/uploads\/2023\/04\/f18794ddeb78830d6aa7f3f4df340dab-100x100.webp 100w\" sizes=\"(max-width: 150px) 100vw, 150px\" \/><\/a>\n\t\t\t<\/div><\/figure><figure class='gallery-item'>\n\t\t\t<div class='gallery-icon portrait'>\n\t\t\t\t<a href='https:\/\/wateryou.eu\/wp-content\/uploads\/2023\/04\/08d28e29d7fbc2cb6ffd971f87c925f8-1.webp'><img decoding=\"async\" width=\"150\" height=\"150\" src=\"https:\/\/wateryou.eu\/wp-content\/uploads\/2023\/04\/08d28e29d7fbc2cb6ffd971f87c925f8-1-150x150.webp\" class=\"attachment-thumbnail size-thumbnail\" alt=\"\" srcset=\"https:\/\/wateryou.eu\/wp-content\/uploads\/2023\/04\/08d28e29d7fbc2cb6ffd971f87c925f8-1-150x150.webp 150w, https:\/\/wateryou.eu\/wp-content\/uploads\/2023\/04\/08d28e29d7fbc2cb6ffd971f87c925f8-1-100x100.webp 100w\" sizes=\"(max-width: 150px) 100vw, 150px\" \/><\/a>\n\t\t\t<\/div><\/figure>\n\t\t<\/div>\n\n<p>&nbsp;<\/p>\n<p>Nicht jeder hat die M\u00f6glichkeit, einen Teich anzulegen, aber mit dem Orbis Mini-Teich k\u00f6nnen Sie das Erlebnis Wasser \u00fcberall genie\u00dfen. Ein kleines Becken mit sanft pl\u00e4tscherndem Wasser bringt mehr Lebendigkeit und Artenvielfalt auf Ihre Terrasse, Ihren Balkon, in Ihren Wintergarten oder Ihren kleinen Garten. Das au\u00dfergew\u00f6hnliche Design des Orbis passt perfekt zu jedem Garten- und Einrichtungsstil.  <\/p>\n<p><iframe title=\"ORBIS Miniteich Montage und Design - Wateryou.eu\" src=\"https:\/\/www.youtube.com\/embed\/FCHeubpWvQo\" width=\"600\" height=\"450\" frameborder=\"0\" allowfullscreen=\"allowfullscreen\"><\/iframe><\/p>\n<ul>\n<li><span class=\"article-property-value\">&#8211; Miniteich mit Wasserfallpumpe und Pflanzkorb<\/span><\/li>\n<li><span class=\"article-property-value\">&#8211; Kunststoff-Au\u00dfenkorb mit wasserdichtem Innenbeh\u00e4lter<\/span><\/li>\n<li><span class=\"article-property-value\">&#8211; Beigefarbener Terrassenteich aus Korbgeflecht passt zu allen Gartenm\u00f6belstilen<\/span><\/li>\n<li><span class=\"article-property-value\">&#8211; Einfach zu bedienen, einfach zu installieren und wartungsfrei<\/span><\/li>\n<li><span class=\"article-property-value\">&#8211; Kleine vijver voor tuin, terras, veranda, patio, serre, binnentuin en balkon<\/span><\/li>\n<\/ul>\n<p><em>Der Orbis-Miniteich enth\u00e4lt:<\/em><\/p>\n<ul>\n<li><em>&#8211; Weidenkorb f\u00fcr den Au\u00dfenbereich<\/em><\/li>\n<li><em>&#8211; Wasserdichter Innenbeh\u00e4lter (65 Liter)<\/em><\/li>\n<li><em>&#8211; 36 Volt Pumpe inkl. Netzteil (1000 l\/h)<\/em><\/li>\n<li><em>&#8211; Holzsockel in X-Form<\/em><\/li>\n<li><em>&#8211; Wasserfall mit Filtermaterial (Aktivkohle)<\/em><\/li>\n<li><em>&#8211; H\u00e4ngender Pflanzenkorb (9&#215;9 cm) f\u00fcr die Wand<\/em><\/li>\n<\/ul>\n<p><em>Und zus\u00e4tzlich in unserem <strong>Starterset <\/strong>enthalten:<\/em><\/p>\n<ul>\n<li><em>&#8211; Velda Growth balls<\/em><\/li>\n<li><em>&#8211; Bacterial 50ml<\/em><\/li>\n<li><em>&#8211; Mini-pond substrate 4kg\/5L<\/em><\/li>\n<\/ul>\n<p>&nbsp;<\/p>\n<div id='gallery-2' class='gallery galleryid-23459 gallery-columns-2 gallery-size-large'><figure class='gallery-item'>\n\t\t\t<div class='gallery-icon landscape'>\n\t\t\t\t<a href='https:\/\/wateryou.eu\/wp-content\/uploads\/2025\/02\/ORBIS-6-Gemiddeld.webp'><img decoding=\"async\" width=\"768\" height=\"768\" src=\"https:\/\/wateryou.eu\/wp-content\/uploads\/2025\/02\/ORBIS-6-Gemiddeld.webp\" class=\"attachment-large size-large\" alt=\"\" srcset=\"https:\/\/wateryou.eu\/wp-content\/uploads\/2025\/02\/ORBIS-6-Gemiddeld.webp 768w, https:\/\/wateryou.eu\/wp-content\/uploads\/2025\/02\/ORBIS-6-Gemiddeld-300x300.webp 300w, https:\/\/wateryou.eu\/wp-content\/uploads\/2025\/02\/ORBIS-6-Gemiddeld-150x150.webp 150w, https:\/\/wateryou.eu\/wp-content\/uploads\/2025\/02\/ORBIS-6-Gemiddeld-40x40.webp 40w, https:\/\/wateryou.eu\/wp-content\/uploads\/2025\/02\/ORBIS-6-Gemiddeld-20x20.webp 20w, https:\/\/wateryou.eu\/wp-content\/uploads\/2025\/02\/ORBIS-6-Gemiddeld-600x600.webp 600w, https:\/\/wateryou.eu\/wp-content\/uploads\/2025\/02\/ORBIS-6-Gemiddeld-100x100.webp 100w\" sizes=\"(max-width: 768px) 100vw, 768px\" \/><\/a>\n\t\t\t<\/div><\/figure><figure class='gallery-item'>\n\t\t\t<div class='gallery-icon landscape'>\n\t\t\t\t<a href='https:\/\/wateryou.eu\/wp-content\/uploads\/2025\/02\/ORBIS-5-Gemiddeld.webp'><img decoding=\"async\" width=\"768\" height=\"768\" src=\"https:\/\/wateryou.eu\/wp-content\/uploads\/2025\/02\/ORBIS-5-Gemiddeld.webp\" class=\"attachment-large size-large\" alt=\"\" srcset=\"https:\/\/wateryou.eu\/wp-content\/uploads\/2025\/02\/ORBIS-5-Gemiddeld.webp 768w, https:\/\/wateryou.eu\/wp-content\/uploads\/2025\/02\/ORBIS-5-Gemiddeld-300x300.webp 300w, https:\/\/wateryou.eu\/wp-content\/uploads\/2025\/02\/ORBIS-5-Gemiddeld-150x150.webp 150w, https:\/\/wateryou.eu\/wp-content\/uploads\/2025\/02\/ORBIS-5-Gemiddeld-40x40.webp 40w, https:\/\/wateryou.eu\/wp-content\/uploads\/2025\/02\/ORBIS-5-Gemiddeld-20x20.webp 20w, https:\/\/wateryou.eu\/wp-content\/uploads\/2025\/02\/ORBIS-5-Gemiddeld-600x600.webp 600w, https:\/\/wateryou.eu\/wp-content\/uploads\/2025\/02\/ORBIS-5-Gemiddeld-100x100.webp 100w\" sizes=\"(max-width: 768px) 100vw, 768px\" \/><\/a>\n\t\t\t<\/div><\/figure>\n\t\t<\/div>\n\n","protected":false},"excerpt":{"rendered":"<p>Orbis Mini-Teich im Korb Starterset \u2013 inklusive Wasserfall, Substrat, Pflanzennahrung und Bakterien. Runder Terrassenteich mit Wasserfall aus naturbelassenem, beigefarbenem oder anthrazitfarbenem Weidengeflecht. <\/p>\n","protected":false},"featured_media":24440,"comment_status":"closed","ping_status":"closed","template":"","meta":{"_acf_changed":false,"_seopress_robots_primary_cat":"none","_seopress_titles_title":"","_seopress_titles_desc":"","_seopress_robots_index":""},"product_brand":[],"product_cat":[1220],"product_tag":[1547],"class_list":{"0":"post-23459","1":"product","2":"type-product","3":"status-publish","4":"has-post-thumbnail","6":"product_cat-mini-teiche","7":"product_tag-orbis","8":"product_shipping_class-nl-standard-de","9":"yith_product_brand-velda-de","10":"entry","11":"has-media","13":"first","14":"instock","15":"sale","16":"taxable","17":"shipping-taxable","18":"purchasable","19":"product-type-variable","20":"col","21":"span_1_of_4","22":"wvn-content-left","23":"wvn-thumbs-layout-vertical","24":"wvn-btn-normal","25":"wvn-tabs-layout-vertical"},"acf":[],"_links":{"self":[{"href":"https:\/\/wateryou.eu\/de\/wp-json\/wp\/v2\/product\/23459","targetHints":{"allow":["GET"]}}],"collection":[{"href":"https:\/\/wateryou.eu\/de\/wp-json\/wp\/v2\/product"}],"about":[{"href":"https:\/\/wateryou.eu\/de\/wp-json\/wp\/v2\/types\/product"}],"replies":[{"embeddable":true,"href":"https:\/\/wateryou.eu\/de\/wp-json\/wp\/v2\/comments?post=23459"}],"wp:featuredmedia":[{"embeddable":true,"href":"https:\/\/wateryou.eu\/de\/wp-json\/wp\/v2\/media\/24440"}],"wp:attachment":[{"href":"https:\/\/wateryou.eu\/de\/wp-json\/wp\/v2\/media?parent=23459"}],"wp:term":[{"taxonomy":"product_brand","embeddable":true,"href":"https:\/\/wateryou.eu\/de\/wp-json\/wp\/v2\/product_brand?post=23459"},{"taxonomy":"product_cat","embeddable":true,"href":"https:\/\/wateryou.eu\/de\/wp-json\/wp\/v2\/product_cat?post=23459"},{"taxonomy":"product_tag","embeddable":true,"href":"https:\/\/wateryou.eu\/de\/wp-json\/wp\/v2\/product_tag?post=23459"}],"curies":[{"name":"wp","href":"https:\/\/api.w.org\/{rel}","templated":true}]}}