{"id":23026,"date":"2023-04-12T13:41:57","date_gmt":"2023-04-12T11:41:57","guid":{"rendered":"https:\/\/wateryou.eu\/product\/mini-pond-substrate-2\/"},"modified":"2026-04-13T15:58:24","modified_gmt":"2026-04-13T13:58:24","slug":"mini-pond-substrate-2","status":"publish","type":"product","link":"https:\/\/wateryou.eu\/de\/produkt\/mini-pond-substrate-2\/","title":{"rendered":"Mini-Pond Substrate"},"content":{"rendered":"<p>Geben Sie Ihren Mini-Teichen und Terrassenteichen einen optimalen Start mit dem Mini-Teich-Substrat von Velda. Dieses spezielle Substrat ist f\u00fcr den Einsatz als Bodendecker, aber auch zum Eintopfen von Sumpf- und Sauerstoffpflanzen konzipiert. Der Untergrund besteht aus einer Mischung aus Ton, Kies, Kalkstein, Vermiculit und wasserdichtem Material. Durch die Verwendung des Substrats sorgen Sie f\u00fcr eine starke Wurzelentwicklung bei Sumpfpflanzen und sch\u00f6ne Blattgirlanden bei Sauerstoffpflanzen. Mit Mini-Pond Substrat ist Ihnen ein gesundes Mini-Teichmilieu sicher, da die Sauerstoffpflanzen N\u00e4hrstoffe aufnehmen und mehr Sauerstoff abgeben. Sp\u00fclen Sie das Substrat vor Gebrauch gut aus und bedecken Sie den gesamten Boden mit ca. 2 cm des Materials auftragen und die Pflanzk\u00f6rbe vollst\u00e4ndig mit dem Mini-Teich-Substrat f\u00fcllen. Die besten Ergebnisse erzielen Sie, wenn Sie das Material vor dem Eintopfen der Pflanzen zus\u00e4tzlich befeuchten. Mit dem Velda Mini-Pond Substrat k\u00f6nnen Sie sicher sein, dass Ihr Mini-Teich oder Terrassenteich einen guten Start hat.       <\/p>\n","protected":false},"excerpt":{"rendered":"<p>Teichsubstrat speziell f\u00fcr Miniteiche<\/p>\n","protected":false},"featured_media":22333,"comment_status":"closed","ping_status":"closed","template":"","meta":{"_acf_changed":false,"_seopress_robots_primary_cat":"none","_seopress_titles_title":"","_seopress_titles_desc":"","_seopress_robots_index":""},"product_brand":[],"product_cat":[1226,1201],"product_tag":[],"class_list":{"0":"post-23026","1":"product","2":"type-product","3":"status-publish","4":"has-post-thumbnail","6":"product_cat-boden-pflanzen","7":"product_cat-pflanzenerde-substrat","8":"product_shipping_class-nl-standard-de","9":"pa_formaat-4-kg-5-l-de","10":"yith_product_brand-velda-de","11":"entry","12":"has-media","14":"first","15":"instock","16":"taxable","17":"shipping-taxable","18":"purchasable","19":"product-type-simple","20":"col","21":"span_1_of_4","22":"wvn-content-left","23":"wvn-thumbs-layout-vertical","24":"wvn-btn-normal","25":"wvn-tabs-layout-vertical","26":"has-no-thumbnails"},"acf":[],"_links":{"self":[{"href":"https:\/\/wateryou.eu\/de\/wp-json\/wp\/v2\/product\/23026","targetHints":{"allow":["GET"]}}],"collection":[{"href":"https:\/\/wateryou.eu\/de\/wp-json\/wp\/v2\/product"}],"about":[{"href":"https:\/\/wateryou.eu\/de\/wp-json\/wp\/v2\/types\/product"}],"replies":[{"embeddable":true,"href":"https:\/\/wateryou.eu\/de\/wp-json\/wp\/v2\/comments?post=23026"}],"wp:featuredmedia":[{"embeddable":true,"href":"https:\/\/wateryou.eu\/de\/wp-json\/wp\/v2\/media\/22333"}],"wp:attachment":[{"href":"https:\/\/wateryou.eu\/de\/wp-json\/wp\/v2\/media?parent=23026"}],"wp:term":[{"taxonomy":"product_brand","embeddable":true,"href":"https:\/\/wateryou.eu\/de\/wp-json\/wp\/v2\/product_brand?post=23026"},{"taxonomy":"product_cat","embeddable":true,"href":"https:\/\/wateryou.eu\/de\/wp-json\/wp\/v2\/product_cat?post=23026"},{"taxonomy":"product_tag","embeddable":true,"href":"https:\/\/wateryou.eu\/de\/wp-json\/wp\/v2\/product_tag?post=23026"}],"curies":[{"name":"wp","href":"https:\/\/api.w.org\/{rel}","templated":true}]}}