{"id":23025,"date":"2023-04-12T13:42:16","date_gmt":"2023-04-12T11:42:16","guid":{"rendered":"https:\/\/wateryou.eu\/product\/plant-tabs-2\/"},"modified":"2025-08-12T09:43:49","modified_gmt":"2025-08-12T07:43:49","slug":"plant-tabs-2","status":"publish","type":"product","link":"https:\/\/wateryou.eu\/de\/produkt\/plant-tabs-2\/","title":{"rendered":"Plant Tabs"},"content":{"rendered":"<p>Nat\u00fcrlicher Pflanzend\u00fcnger f\u00fcr alle Teichpflanzen<\/p>\n","protected":false},"excerpt":{"rendered":"<p>Nat\u00fcrlicher Pflanzend\u00fcnger f\u00fcr alle Teichpflanzen<\/p>\n","protected":false},"featured_media":23465,"comment_status":"closed","ping_status":"closed","template":"","meta":{"_acf_changed":false,"_seopress_robots_primary_cat":"none","_seopress_titles_title":"","_seopress_titles_desc":"","_seopress_robots_index":""},"product_brand":[],"product_cat":[1226,1228],"product_tag":[1544],"class_list":{"0":"post-23025","1":"product","2":"type-product","3":"status-publish","4":"has-post-thumbnail","6":"product_cat-boden-pflanzen","7":"product_cat-pflanzenernahrung","8":"product_tag-fur-1-m2","9":"product_shipping_class-nl-standard-de","10":"pa_formaat-135-g-de","11":"pa_formaat-400-g-de","12":"pa_geschikt-voor-fur-1-m2","13":"pa_geschikt-voor-fur-3-m2","14":"yith_product_brand-velda-de","15":"entry","16":"has-media","18":"first","19":"outofstock","20":"taxable","21":"shipping-taxable","22":"purchasable","23":"product-type-simple","24":"col","25":"span_1_of_4","26":"wvn-content-left","27":"wvn-thumbs-layout-vertical","28":"wvn-btn-normal","29":"wvn-tabs-layout-vertical","30":"has-no-thumbnails"},"acf":[],"_links":{"self":[{"href":"https:\/\/wateryou.eu\/de\/wp-json\/wp\/v2\/product\/23025","targetHints":{"allow":["GET"]}}],"collection":[{"href":"https:\/\/wateryou.eu\/de\/wp-json\/wp\/v2\/product"}],"about":[{"href":"https:\/\/wateryou.eu\/de\/wp-json\/wp\/v2\/types\/product"}],"replies":[{"embeddable":true,"href":"https:\/\/wateryou.eu\/de\/wp-json\/wp\/v2\/comments?post=23025"}],"wp:featuredmedia":[{"embeddable":true,"href":"https:\/\/wateryou.eu\/de\/wp-json\/wp\/v2\/media\/23465"}],"wp:attachment":[{"href":"https:\/\/wateryou.eu\/de\/wp-json\/wp\/v2\/media?parent=23025"}],"wp:term":[{"taxonomy":"product_brand","embeddable":true,"href":"https:\/\/wateryou.eu\/de\/wp-json\/wp\/v2\/product_brand?post=23025"},{"taxonomy":"product_cat","embeddable":true,"href":"https:\/\/wateryou.eu\/de\/wp-json\/wp\/v2\/product_cat?post=23025"},{"taxonomy":"product_tag","embeddable":true,"href":"https:\/\/wateryou.eu\/de\/wp-json\/wp\/v2\/product_tag?post=23025"}],"curies":[{"name":"wp","href":"https:\/\/api.w.org\/{rel}","templated":true}]}}