{"id":23022,"date":"2023-04-12T13:42:45","date_gmt":"2023-04-12T11:42:45","guid":{"rendered":"https:\/\/wateryou.eu\/product\/bio-activator-2\/"},"modified":"2023-04-12T13:42:45","modified_gmt":"2023-04-12T11:42:45","slug":"bio-activator-2","status":"publish","type":"product","link":"https:\/\/wateryou.eu\/de\/produkt\/bio-activator-2\/","title":{"rendered":"Bio-Activator"},"content":{"rendered":"<p>Bio-Activator ist die perfekte L\u00f6sung f\u00fcr das Teichschlammproblem. Es vereint zwei lang anhaltende Komponenten in einem Granulat, um organischen Schmutz aus Ihrem Teich zu entfernen. Diese aktiven Bakterien arbeiten in sauerstoffarmem Wasser und wandeln Nitrat in Gasbl\u00e4schen um, die den Teich auf nat\u00fcrliche Weise verlassen. Verf\u00fcgbar f\u00fcr alle (Schwimm-)Teiche mit einer Wassertemperatur \u00fcber 10 \u00b0C.   <\/p>\n<p>Bio-Activator ist ein einzigartiges Produkt, das aus einer Mischung von N\u00e4hrstoffen, Mineralien, organischen Substanzen, Enzymen und Bakterien besteht. Es enth\u00e4lt keine Schadstoffe und ist daher v\u00f6llig unbedenklich f\u00fcr Mensch und Umwelt. Es verbessert die Wasserqualit\u00e4t, beugt Algenwachstum vor und tr\u00e4gt zur Reinigung des Teichbodens bei. Mit Bio-Activator k\u00f6nnen Sie Ihren Teich auf einfache und effektive Weise sauber halten.   <\/p>\n","protected":false},"excerpt":{"rendered":"<p>Teichbodenreiniger + Bakterienaktivator<\/p>\n","protected":false},"featured_media":22245,"comment_status":"closed","ping_status":"closed","template":"","meta":{"_acf_changed":false,"_seopress_robots_primary_cat":"none","_seopress_titles_title":"","_seopress_titles_desc":"","_seopress_robots_index":""},"product_brand":[],"product_cat":[1242,1241],"product_tag":[],"class_list":{"0":"post-23022","1":"product","2":"type-product","3":"status-publish","4":"has-post-thumbnail","6":"product_cat-bakterienkulturen","7":"product_cat-wasserverbesserung","8":"product_shipping_class-nl-standard-de","9":"pa_formaat-2500-ml-de","10":"pa_formaat-5000-ml-de","11":"pa_geschikt-voor-fuer-25-m","12":"pa_geschikt-voor-fuer-50-m","13":"yith_product_brand-velda-de","14":"entry","15":"has-media","17":"first","18":"instock","19":"taxable","20":"shipping-taxable","21":"purchasable","22":"product-type-variable","23":"has-default-attributes","24":"col","25":"span_1_of_4","26":"wvn-content-left","27":"wvn-thumbs-layout-vertical","28":"wvn-btn-normal","29":"wvn-tabs-layout-vertical","30":"has-no-thumbnails"},"acf":[],"_links":{"self":[{"href":"https:\/\/wateryou.eu\/de\/wp-json\/wp\/v2\/product\/23022","targetHints":{"allow":["GET"]}}],"collection":[{"href":"https:\/\/wateryou.eu\/de\/wp-json\/wp\/v2\/product"}],"about":[{"href":"https:\/\/wateryou.eu\/de\/wp-json\/wp\/v2\/types\/product"}],"replies":[{"embeddable":true,"href":"https:\/\/wateryou.eu\/de\/wp-json\/wp\/v2\/comments?post=23022"}],"wp:featuredmedia":[{"embeddable":true,"href":"https:\/\/wateryou.eu\/de\/wp-json\/wp\/v2\/media\/22245"}],"wp:attachment":[{"href":"https:\/\/wateryou.eu\/de\/wp-json\/wp\/v2\/media?parent=23022"}],"wp:term":[{"taxonomy":"product_brand","embeddable":true,"href":"https:\/\/wateryou.eu\/de\/wp-json\/wp\/v2\/product_brand?post=23022"},{"taxonomy":"product_cat","embeddable":true,"href":"https:\/\/wateryou.eu\/de\/wp-json\/wp\/v2\/product_cat?post=23022"},{"taxonomy":"product_tag","embeddable":true,"href":"https:\/\/wateryou.eu\/de\/wp-json\/wp\/v2\/product_tag?post=23022"}],"curies":[{"name":"wp","href":"https:\/\/api.w.org\/{rel}","templated":true}]}}