{"id":23010,"date":"2023-04-12T13:43:19","date_gmt":"2023-04-12T11:43:19","guid":{"rendered":"https:\/\/wateryou.eu\/product\/algweg-liquid-2\/"},"modified":"2025-11-12T02:30:06","modified_gmt":"2025-11-12T01:30:06","slug":"algweg-liquid-2","status":"publish","type":"product","link":"https:\/\/wateryou.eu\/de\/produkt\/algweg-liquid-2\/","title":{"rendered":"Algweg Liquid"},"content":{"rendered":"<p>Algweg Liquid ist ein leistungsstarkes Mittel zur Entfernung von Schwebealgen in Ihrem Teich. Die Formel hilft effektiv, diese l\u00e4stige Algenbildung zu bek\u00e4mpfen. Bei weichem Wasser (GH unter 8 \u00baDH) und einem pH-Wert unter 8 wird die Verwendung der halben Dosierung empfohlen. Bitte beachten: Algen sind wichtige Sauerstoffproduzenten. Sein pl\u00f6tzliches Verschwinden kann zu Sauerstoffmangel f\u00fchren. Um Algenwachstum langfristig vorzubeugen, ist es wichtig, dass mindestens 40 bis 50 % der Wasseroberfl\u00e4che mit Pflanzen bedeckt sind.     <\/p>\n<p>Algweg Liquid hat eine einzigartige Zusammensetzung mit Wirkstoffen zur Algenentfernung. Die Formel besteht aus einer Kombination nat\u00fcrlicher Wirkstoffe, wie Spurenelementen und S\u00e4uren. Diese Inhaltsstoffe wirken zusammen, um die Algenbildung zu reduzieren, ohne das \u00d6kosystem zu sch\u00e4digen. Dar\u00fcber hinaus enth\u00e4lt Algweg Liquid keine sch\u00e4dlichen Chemikalien oder Zusatzstoffe und kann daher sicher im Teich verwendet werden.   <\/p>\n<p>Algweg Liquid ist eine ideale L\u00f6sung zur Bek\u00e4mpfung von Algen in Teichen. Die L\u00f6sung wirkt effektiv gegen Algenbildung und tr\u00e4gt zur Erhaltung der Wasserqualit\u00e4t bei. Mit der richtigen Dosierung und gutem Pflanzenwachstum k\u00f6nnen Sie Algenproblemen langfristig vorbeugen.  <\/p>\n","protected":false},"excerpt":{"rendered":"<p>entfernt Schwebealgen aus dem Teich<\/p>\n","protected":false},"featured_media":22287,"comment_status":"closed","ping_status":"closed","template":"","meta":{"_acf_changed":false,"_seopress_robots_primary_cat":"none","_seopress_titles_title":"Alg weg Liquid - Wateryou","_seopress_titles_desc":"Alg weg Liquid ist ein leistungsstarkes Produkt zum Entfernen von Schwebealgen in Ihrem Teich. Es besteht aus einer Kombination nat\u00fcrlicher Wirkstoffe, wie Spurenelementen und S\u00e4uren. Die Inhaltsstoffe wirken zusammen, um Algen zu reduzieren, ohne das \u00d6kosystem zu sch\u00e4digen.  ","_seopress_robots_index":""},"product_brand":[],"product_cat":[1245,1241],"product_tag":[],"class_list":{"0":"post-23010","1":"product","2":"type-product","3":"status-publish","4":"has-post-thumbnail","6":"product_cat-grunes-wasser","7":"product_cat-wasserverbesserung","8":"product_shipping_class-nl-standard-de","9":"pa_formaat-1000-ml-de","10":"pa_formaat-250-ml-de","11":"pa_formaat-2500-ml-de","12":"pa_formaat-500-ml-de","13":"pa_geschikt-voor-fur-10-000-liter-wasser","14":"pa_geschikt-voor-fur-20-000-liter-wasser","15":"pa_geschikt-voor-fuer-5000-liter-wasser","16":"yith_product_brand-vt-de-2","17":"entry","18":"has-media","20":"first","21":"instock","22":"taxable","23":"shipping-taxable","24":"purchasable","25":"product-type-variable","26":"has-default-attributes","27":"has-rating","28":"col","29":"span_1_of_4","30":"wvn-content-left","31":"wvn-thumbs-layout-vertical","32":"wvn-btn-normal","33":"wvn-tabs-layout-vertical"},"acf":[],"_links":{"self":[{"href":"https:\/\/wateryou.eu\/de\/wp-json\/wp\/v2\/product\/23010","targetHints":{"allow":["GET"]}}],"collection":[{"href":"https:\/\/wateryou.eu\/de\/wp-json\/wp\/v2\/product"}],"about":[{"href":"https:\/\/wateryou.eu\/de\/wp-json\/wp\/v2\/types\/product"}],"replies":[{"embeddable":true,"href":"https:\/\/wateryou.eu\/de\/wp-json\/wp\/v2\/comments?post=23010"}],"wp:featuredmedia":[{"embeddable":true,"href":"https:\/\/wateryou.eu\/de\/wp-json\/wp\/v2\/media\/22287"}],"wp:attachment":[{"href":"https:\/\/wateryou.eu\/de\/wp-json\/wp\/v2\/media?parent=23010"}],"wp:term":[{"taxonomy":"product_brand","embeddable":true,"href":"https:\/\/wateryou.eu\/de\/wp-json\/wp\/v2\/product_brand?post=23010"},{"taxonomy":"product_cat","embeddable":true,"href":"https:\/\/wateryou.eu\/de\/wp-json\/wp\/v2\/product_cat?post=23010"},{"taxonomy":"product_tag","embeddable":true,"href":"https:\/\/wateryou.eu\/de\/wp-json\/wp\/v2\/product_tag?post=23010"}],"curies":[{"name":"wp","href":"https:\/\/api.w.org\/{rel}","templated":true}]}}