{"id":23005,"date":"2023-04-12T13:44:15","date_gmt":"2023-04-12T11:44:15","guid":{"rendered":"https:\/\/wateryou.eu\/product\/giant-biofill-xl-set-40000-teichfilter\/"},"modified":"2023-04-12T13:44:15","modified_gmt":"2023-04-12T11:44:15","slug":"giant-biofill-xl-set-40000-teichfilter","status":"publish","type":"product","link":"https:\/\/wateryou.eu\/de\/produkt\/giant-biofill-xl-set-40000-teichfilter\/","title":{"rendered":"Giant Biofill XL Set 40000 &#8211; Teichfilter"},"content":{"rendered":"<p>Giant Biofill XL Set ist eine verantwortungsvolle Investition in die Gewinnung von gesundem und kristallklarem Teichwasser. Das Set ist in 3 Varianten f\u00fcr Teiche bis 20.000, 40.000 oder 60.000 Liter Wasser erh\u00e4ltlich. Jedes Set verf\u00fcgt \u00fcber eine gro\u00dfe und ger\u00e4umige Filtereinheit mit einem Bruttoinhalt von ca. 210 Litern.  <\/p>\n<p>Das Set besteht aus:<br \/>\n&#8211; Eine UV-C Einheit in 18 Watt, 36 Watt oder 2 x 36 Watt<br \/>\n&#8211; Eine 12500 Watt Green Line Pumpe<br \/>\n&#8211; Ein Silenta Bel\u00fcftungsset<br \/>\n&#8211; Filtermaterialien und Armaturen<\/p>\n<p>Die Installation des Filters erfolgt ganz einfach durch Anschluss an eine Abwasser-\/Teichpumpe und einen Filterschlauch. Alle Kassetten sind herausnehmbar, was ein einfaches Aussp\u00fclen der Filtermaterialien erm\u00f6glicht. Die erste Kassette enth\u00e4lt die eingebaute UV-C-Einheit und den mitgelieferten Mineralfilterstart. Der Deckel verf\u00fcgt au\u00dferdem \u00fcber eine Vorrichtung zum Anschluss einer Luftpumpe. Die zweite Kassette ist mit Biob\u00e4llen gef\u00fcllt, die dritte mit einer groben Japanmatte und die vierte mit einer feineren Japanmatte.    <\/p>\n<p>Die mechanische und biologische Wirkung der Filtermaterialien, die gleichzeitige Behandlung gegen Schwebealgen und Krankheitserreger und schlie\u00dflich die M\u00f6glichkeit, das Wasser zu erw\u00e4rmen und mit Sauerstoff zu versorgen, machen den Giant Biofill XL zu einer verantwortungsvollen Investition f\u00fcr gesundes und kristallklares Teichwasser.<\/p>\n","protected":false},"excerpt":{"rendered":"<p>+ UV-C Unit 36 W + Green Line 12500 + beluchting<\/p>\n<p><span class=\"ui-provider a b c d e f g h i j k l m n o p q r s t u v w x y z ab ac ae af ag ah ai aj ak\" dir=\"ltr\"><em>Dieses Produkt wird auf einer Palette <strong>(kostenloser Versand)<\/strong> per Fracht versandt. Der Spediteur wird Sie bez\u00fcglich des Lieferzeitpunkts kontaktieren.<\/em><\/span><\/p>\n","protected":false},"featured_media":21695,"comment_status":"closed","ping_status":"closed","template":"","meta":{"_acf_changed":false,"_seopress_robots_primary_cat":"none","_seopress_titles_title":"","_seopress_titles_desc":"","_seopress_robots_index":""},"product_brand":[],"product_cat":[1232,1230,1235,1143,1229],"product_tag":[],"class_list":{"0":"post-23005","1":"product","2":"type-product","3":"status-publish","4":"has-post-thumbnail","6":"product_cat-biofilters-de","7":"product_cat-pumpen-und-filter","8":"product_cat-pumps","9":"product_cat-teile-und-wartung","10":"product_cat-uv-c-unit-de","11":"product_shipping_class-nl-standard-de","12":"pa_geschikt-voor-bis-zu-40-000-liter-wasser","13":"pa_heeft-filterfunctie-1-de","14":"pa_heeft-uvc-1-de","15":"pa_inhoud-giant-biofill-xl-uv-c-unit-36-w-green-line-12500-belueftung","16":"pa_inhoud-filter-210-de","17":"yith_product_brand-velda-de","18":"entry","19":"has-media","21":"first","22":"instock","23":"sale","24":"taxable","25":"shipping-taxable","26":"purchasable","27":"product-type-simple","28":"col","29":"span_1_of_4","30":"wvn-content-left","31":"wvn-thumbs-layout-vertical","32":"wvn-btn-normal","33":"wvn-tabs-layout-vertical","34":"has-no-thumbnails"},"acf":[],"_links":{"self":[{"href":"https:\/\/wateryou.eu\/de\/wp-json\/wp\/v2\/product\/23005","targetHints":{"allow":["GET"]}}],"collection":[{"href":"https:\/\/wateryou.eu\/de\/wp-json\/wp\/v2\/product"}],"about":[{"href":"https:\/\/wateryou.eu\/de\/wp-json\/wp\/v2\/types\/product"}],"replies":[{"embeddable":true,"href":"https:\/\/wateryou.eu\/de\/wp-json\/wp\/v2\/comments?post=23005"}],"wp:featuredmedia":[{"embeddable":true,"href":"https:\/\/wateryou.eu\/de\/wp-json\/wp\/v2\/media\/21695"}],"wp:attachment":[{"href":"https:\/\/wateryou.eu\/de\/wp-json\/wp\/v2\/media?parent=23005"}],"wp:term":[{"taxonomy":"product_brand","embeddable":true,"href":"https:\/\/wateryou.eu\/de\/wp-json\/wp\/v2\/product_brand?post=23005"},{"taxonomy":"product_cat","embeddable":true,"href":"https:\/\/wateryou.eu\/de\/wp-json\/wp\/v2\/product_cat?post=23005"},{"taxonomy":"product_tag","embeddable":true,"href":"https:\/\/wateryou.eu\/de\/wp-json\/wp\/v2\/product_tag?post=23005"}],"curies":[{"name":"wp","href":"https:\/\/api.w.org\/{rel}","templated":true}]}}