{"id":22970,"date":"2023-04-12T13:44:15","date_gmt":"2023-04-12T11:44:15","guid":{"rendered":"https:\/\/wateryou.eu\/product\/biofilterkugeln\/"},"modified":"2023-04-12T13:44:15","modified_gmt":"2023-04-12T11:44:15","slug":"biofilterkugeln","status":"publish","type":"product","link":"https:\/\/wateryou.eu\/de\/produkt\/biofilterkugeln\/","title":{"rendered":"Biofilterkugeln"},"content":{"rendered":"<p>Velda Giant Biofill XL? der ideale Filter f\u00fcr kristallklares Teichwasser! <\/p>\n<p>Dieser Gro\u00dffilter mit herausnehmbaren Kassetten basiert auf dem Durchflussprinzip. Bei einem Bruttoinhalt von 210 Litern l\u00e4sst sich die Filterleistung durch Zusammenschalten mehrerer Filter noch weiter steigern. Die erste Kassette ist mit einer UV-C-Einheit ausgestattet, die den Wasserfluss aktiviert. Die zweite Kassette ist mit Bioballs f\u00fcr eine gute Schmutzfilterung gef\u00fcllt, w\u00e4hrend die dritte und vierte Kassette mit japanischen Matten ausgestattet sind, die Staubpartikel aus dem Wasser entfernen. Zus\u00e4tzlich besteht die M\u00f6glichkeit zum Anschluss einer Luftpumpe, Bel\u00fcftung (Silenta 300) und Heizung (Pond Heater 300 Watt).    <\/p>\n<p>Durch die mechanische und biologische Wirkung der Filtermaterialien, die gleichzeitige Behandlung gegen Schwebealgen und Krankheitserreger sowie die M\u00f6glichkeit, das Wasser zu erw\u00e4rmen und mit Sauerstoff zu versorgen, entsteht kristallklares Teichwasser. Durch die Ablassvorrichtung im Filter k\u00f6nnen Schlamm und Schmutz problemlos abgelassen werden. Die einfache Installation macht den Giant Biofill XL zu einer verantwortungsvollen Investition f\u00fcr gesundes und kristallklares Teichwasser.  <\/p>\n","protected":false},"excerpt":{"rendered":"<p>biologisches Filtermaterial<\/p>\n","protected":false},"featured_media":21697,"comment_status":"closed","ping_status":"closed","template":"","meta":{"_acf_changed":false,"_seopress_robots_primary_cat":"","_seopress_titles_title":"","_seopress_titles_desc":"","_seopress_robots_index":""},"product_brand":[],"product_cat":[1232,1120,1143],"product_tag":[],"class_list":{"0":"post-22970","1":"product","2":"type-product","3":"status-publish","4":"has-post-thumbnail","6":"product_cat-biofilters-de","7":"product_cat-nicht-kategorisiert","8":"product_cat-teile-und-wartung","9":"product_shipping_class-nl-standard-de","10":"pa_geschikt-voor-fuer-druckfilter","11":"pa_geschikt-voor-fuer-giant-biofill-xl","12":"yith_product_brand-velda-de","13":"entry","14":"has-media","16":"first","17":"outofstock","18":"sale","19":"purchasable","20":"product-type-simple","21":"col","22":"span_1_of_4","23":"wvn-content-left","24":"wvn-thumbs-layout-vertical","25":"wvn-btn-normal","26":"wvn-tabs-layout-vertical","27":"has-no-thumbnails"},"acf":[],"_links":{"self":[{"href":"https:\/\/wateryou.eu\/de\/wp-json\/wp\/v2\/product\/22970","targetHints":{"allow":["GET"]}}],"collection":[{"href":"https:\/\/wateryou.eu\/de\/wp-json\/wp\/v2\/product"}],"about":[{"href":"https:\/\/wateryou.eu\/de\/wp-json\/wp\/v2\/types\/product"}],"replies":[{"embeddable":true,"href":"https:\/\/wateryou.eu\/de\/wp-json\/wp\/v2\/comments?post=22970"}],"wp:featuredmedia":[{"embeddable":true,"href":"https:\/\/wateryou.eu\/de\/wp-json\/wp\/v2\/media\/21697"}],"wp:attachment":[{"href":"https:\/\/wateryou.eu\/de\/wp-json\/wp\/v2\/media?parent=22970"}],"wp:term":[{"taxonomy":"product_brand","embeddable":true,"href":"https:\/\/wateryou.eu\/de\/wp-json\/wp\/v2\/product_brand?post=22970"},{"taxonomy":"product_cat","embeddable":true,"href":"https:\/\/wateryou.eu\/de\/wp-json\/wp\/v2\/product_cat?post=22970"},{"taxonomy":"product_tag","embeddable":true,"href":"https:\/\/wateryou.eu\/de\/wp-json\/wp\/v2\/product_tag?post=22970"}],"curies":[{"name":"wp","href":"https:\/\/api.w.org\/{rel}","templated":true}]}}