{"id":22968,"date":"2023-04-12T13:44:23","date_gmt":"2023-04-12T11:44:23","guid":{"rendered":"https:\/\/wateryou.eu\/product\/filtralon-basic-2\/"},"modified":"2023-04-12T13:44:23","modified_gmt":"2023-04-12T11:44:23","slug":"filtralon-basic-2","status":"publish","type":"product","link":"https:\/\/wateryou.eu\/de\/produkt\/filtralon-basic-2\/","title":{"rendered":"Filtralon Basic"},"content":{"rendered":"<p>Filtralon ist ein hervorragendes Filtermaterial zum Entfernen feiner Schmutzpartikel aus Teichwasser. Das Material filtert Schmutzpartikel bis zu 3 Mikrometer und sorgt schnell wieder f\u00fcr klares Teichwasser. Es handelt sich um ein leichtes Material mit guter Wasserdurchl\u00e4ssigkeit, das sich einfach waschen l\u00e4sst. Mit dem mitgelieferten Wasserverteiler f\u00fcr den Druckfilter Clear Control 25 \/ 50 \/ 75 l\u00e4sst er sich einfach in den Filtrationsprozess einbinden.    <\/p>\n<p>Filtralon bietet zahlreiche Vorteile:<br \/>\n&#8211; Filtert feine Schmutzpartikel bis zu 3 Mikrometer<br \/>\n&#8211; Sorgt schnell wieder f\u00fcr klares Teichwasser<br \/>\n&#8211; Leichtes Material mit guter Wasserdurchl\u00e4ssigkeit<br \/>\n&#8211; Leicht auswaschbar<br \/>\n&#8211; Lieferung inkl. Wasserverteiler f\u00fcr den Druckfilter Clear Control 25 \/ 50 \/ 75<br \/>\n&#8211; Erg\u00e4nzung zum Filtrationsprozess f\u00fcr effektive Ergebnisse<\/p>\n","protected":false},"excerpt":{"rendered":"<p>leichte Filterb\u00e4lle entfernen sehr feinen Schmutz<\/p>\n","protected":false},"featured_media":21702,"comment_status":"closed","ping_status":"closed","template":"","meta":{"_acf_changed":false,"_seopress_robots_primary_cat":"","_seopress_titles_title":"","_seopress_titles_desc":"","_seopress_robots_index":""},"product_brand":[],"product_cat":[1137,1120,1143,1148],"product_tag":[],"class_list":{"0":"post-22968","1":"product","2":"type-product","3":"status-publish","4":"has-post-thumbnail","6":"product_cat-filter-materialien","7":"product_cat-nicht-kategorisiert","8":"product_cat-teile-und-wartung","9":"product_cat-wartung","10":"product_shipping_class-nl-standard-de","11":"pa_formaat-700-g-de","12":"yith_product_brand-velda-de","13":"entry","14":"has-media","16":"first","17":"instock","18":"taxable","19":"shipping-taxable","20":"purchasable","21":"product-type-simple","22":"col","23":"span_1_of_4","24":"wvn-content-left","25":"wvn-thumbs-layout-vertical","26":"wvn-btn-normal","27":"wvn-tabs-layout-vertical","28":"has-no-thumbnails"},"acf":[],"_links":{"self":[{"href":"https:\/\/wateryou.eu\/de\/wp-json\/wp\/v2\/product\/22968","targetHints":{"allow":["GET"]}}],"collection":[{"href":"https:\/\/wateryou.eu\/de\/wp-json\/wp\/v2\/product"}],"about":[{"href":"https:\/\/wateryou.eu\/de\/wp-json\/wp\/v2\/types\/product"}],"replies":[{"embeddable":true,"href":"https:\/\/wateryou.eu\/de\/wp-json\/wp\/v2\/comments?post=22968"}],"wp:featuredmedia":[{"embeddable":true,"href":"https:\/\/wateryou.eu\/de\/wp-json\/wp\/v2\/media\/21702"}],"wp:attachment":[{"href":"https:\/\/wateryou.eu\/de\/wp-json\/wp\/v2\/media?parent=22968"}],"wp:term":[{"taxonomy":"product_brand","embeddable":true,"href":"https:\/\/wateryou.eu\/de\/wp-json\/wp\/v2\/product_brand?post=22968"},{"taxonomy":"product_cat","embeddable":true,"href":"https:\/\/wateryou.eu\/de\/wp-json\/wp\/v2\/product_cat?post=22968"},{"taxonomy":"product_tag","embeddable":true,"href":"https:\/\/wateryou.eu\/de\/wp-json\/wp\/v2\/product_tag?post=22968"}],"curies":[{"name":"wp","href":"https:\/\/api.w.org\/{rel}","templated":true}]}}