{"id":22966,"date":"2023-04-12T13:44:50","date_gmt":"2023-04-12T11:44:50","guid":{"rendered":"https:\/\/wateryou.eu\/product\/giant-airstone-xxl-10-mm-luchtsteen-2\/"},"modified":"2026-01-19T16:14:38","modified_gmt":"2026-01-19T15:14:38","slug":"giant-airstone-xxl-10-mm-luchtsteen-2","status":"publish","type":"product","link":"https:\/\/wateryou.eu\/de\/produkt\/giant-airstone-xxl-10-mm-luchtsteen-2\/","title":{"rendered":"Giant Airstone XXL 10 mm &#8211; luchtsteen"},"content":{"rendered":"<div class=\"media-body\">\n<div class=\"text-content\">\n<p><strong>Bel\u00fcftungsset f\u00fcr sauerstoffreiches Teichwasser<\/strong><\/p>\n<ul>\n<li>Bel\u00fcftung im Sommer<\/li>\n<li>Eisfrei halten im Winter<\/li>\n<\/ul>\n<p>Die Silenta Luftpumpe wird an einem trockenen Ort und oberhalb des Wasserspiegels platziert. Der Luftschlauch versorgt den im Teich h\u00e4ngenden Luftstein mit Sauerstoff. Der Sauerstoff wird in Form von Luftbl\u00e4schen an das Teichwasser abgegeben. Gleichzeitig transportieren die Blasen sch\u00e4dliche Gase ab, die in tieferen Wasserschichten vorhanden sind. Dadurch wird ein Ersticken der Kleinstlebewesen und Fische im Teich verhindert. Die Luftpumpe ist ger\u00e4uscharm und hat eine lange Lebensdauer.     <\/p>\n<ul>\n<li><strong>Sommer<\/strong><\/li>\n<\/ul>\n<p>Bei steigenden Wassertemperaturen kommt es h\u00e4ufig zu Sauerstoffmangel. Die Fische kommen an die Oberfl\u00e4che, um Luft zu schnappen. Und wenn Sie Algen entfernen, entfernen Sie auch eine wichtige Sauerstoffquelle. Eine L\u00f6sung bietet dann die Bel\u00fcftung des Teiches. Die Luftblasen reichern das Wasser mit Sauerstoff an und entfernen sch\u00e4dliche Gase.    <\/p>\n<ul>\n<li><strong>winter<\/strong><\/li>\n<\/ul>\n<p>Wenn der Teich im Winter zufriert, kommt es h\u00e4ufig zum Fischsterben durch Ersticken. Schneiden Sie jedoch niemals ein Loch in das Eis, da die Vibrationen sch\u00e4dlich f\u00fcr Ihre Fische sind. Die Bel\u00fcftung des Wassers ist dann besser. Die Luftblasen halten den Teich eisfrei und das Wasser sauerstoffreich.   <\/p>\n<\/div>\n<\/div>\n","protected":false},"excerpt":{"rendered":"<p>Bel\u00fcftungsset f\u00fcr sauerstoffreiches Teichwasser Bel\u00fcftung im Sommer Eisfrei halten im Winter Die Silenta Luftpumpe wird an einem trockenen Ort und oberhalb des Wasserspiegels platziert. Der Luftschlauch versorgt den im Teich h\u00e4ngenden Luftstein mit Sauerstoff. Der Sauerstoff wird in Form von Luftbl\u00e4schen an das Teichwasser abgegeben. Gleichzeitig transportieren die Blasen sch\u00e4dliche Gase ab, die in tieferen [&hellip;]<\/p>\n","protected":false},"featured_media":23849,"comment_status":"closed","ping_status":"closed","template":"","meta":{"_acf_changed":false,"_seopress_robots_primary_cat":"none","_seopress_titles_title":"","_seopress_titles_desc":"","_seopress_robots_index":""},"product_brand":[],"product_cat":[1231,1120],"product_tag":[],"class_list":{"0":"post-22966","1":"product","2":"type-product","3":"status-publish","4":"has-post-thumbnail","6":"product_cat-beluftung","7":"product_cat-nicht-kategorisiert","8":"product_shipping_class-nl-standard-de","9":"pa_diameter-o-9mm-de","10":"yith_product_brand-velda-de","11":"entry","12":"has-media","14":"first","15":"instock","16":"taxable","17":"shipping-taxable","18":"purchasable","19":"product-type-simple","20":"col","21":"span_1_of_4","22":"wvn-content-left","23":"wvn-thumbs-layout-vertical","24":"wvn-btn-normal","25":"wvn-tabs-layout-vertical","26":"has-no-thumbnails"},"acf":[],"_links":{"self":[{"href":"https:\/\/wateryou.eu\/de\/wp-json\/wp\/v2\/product\/22966","targetHints":{"allow":["GET"]}}],"collection":[{"href":"https:\/\/wateryou.eu\/de\/wp-json\/wp\/v2\/product"}],"about":[{"href":"https:\/\/wateryou.eu\/de\/wp-json\/wp\/v2\/types\/product"}],"replies":[{"embeddable":true,"href":"https:\/\/wateryou.eu\/de\/wp-json\/wp\/v2\/comments?post=22966"}],"wp:featuredmedia":[{"embeddable":true,"href":"https:\/\/wateryou.eu\/de\/wp-json\/wp\/v2\/media\/23849"}],"wp:attachment":[{"href":"https:\/\/wateryou.eu\/de\/wp-json\/wp\/v2\/media?parent=22966"}],"wp:term":[{"taxonomy":"product_brand","embeddable":true,"href":"https:\/\/wateryou.eu\/de\/wp-json\/wp\/v2\/product_brand?post=22966"},{"taxonomy":"product_cat","embeddable":true,"href":"https:\/\/wateryou.eu\/de\/wp-json\/wp\/v2\/product_cat?post=22966"},{"taxonomy":"product_tag","embeddable":true,"href":"https:\/\/wateryou.eu\/de\/wp-json\/wp\/v2\/product_tag?post=22966"}],"curies":[{"name":"wp","href":"https:\/\/api.w.org\/{rel}","templated":true}]}}