{"id":22965,"date":"2023-04-12T13:45:06","date_gmt":"2023-04-12T11:45:06","guid":{"rendered":"https:\/\/wateryou.eu\/product\/fish-feeder-easy-2\/"},"modified":"2025-06-17T14:57:45","modified_gmt":"2025-06-17T12:57:45","slug":"fish-feeder-easy-2","status":"publish","type":"product","link":"https:\/\/wateryou.eu\/de\/produkt\/fish-feeder-easy-2\/","title":{"rendered":"Fish Feeder Easy"},"content":{"rendered":"<p>Der Fish Feeder Easy ist die ultimative L\u00f6sung zur automatischen F\u00fctterung von Teichfischen. Dieser Futterautomat ist mit einem stabilen St\u00e4nder mit Stecker, einem wasserdichten 2,5 Liter Futterbeh\u00e4lter und einer Fein- und Grobdosierschnecke f\u00fcr verschiedene Gr\u00f6\u00dfen von Granulatfutter und Pellets ausgestattet. <\/p>\n<p>\u00dcber die Tastatursteuerung k\u00f6nnen Sie den festgelegten F\u00fctterungsplan anpassen und zus\u00e4tzliche F\u00fctterungen festlegen. Dar\u00fcber hinaus wird die F\u00fctterung nach einem Stromausfall von 1 bis 1,5 Stunden automatisch fortgesetzt. Auch w\u00e4hrend der Ferien und Abwesenheiten werden Ihre Fische nicht vergessen!  <\/p>\n<p>Der Fish Feeder Easy ist die ideale L\u00f6sung f\u00fcr eine gesunde Ern\u00e4hrung von Fischen mit schneller Verdauung. Mit dem automatischen Futterspender k\u00f6nnen Sie Ihre Fische bis zu 4 Mal t\u00e4glich mit abgemessenen Mengen f\u00fcttern. Gro\u00dfe Portionen werden nicht komplett aufgefressen, wodurch die Wasserqualit\u00e4t im Teich nicht belastet wird.  <\/p>\n<p>Merkmale:<br \/>\n&#8211; Stabiler St\u00e4nder mit Stecker zum einfachen Aufstellen des Futterautomaten<br \/>\n&#8211; Frequenz- und Mengentasten sind gut erreichbar und einfach zu bedienen<br \/>\n&#8211; Wasserdichter 2,5 Liter Futterbeh\u00e4lter, teilweise transparent zur Kontrolle des Futterstands<br \/>\n&#8211; Fein- und Grobdosierschnecke f\u00fcr verschiedene Granulat- und Pelletgr\u00f6\u00dfen<br \/>\n&#8211; Automatischer Futterspender, der Fische bis zu 4 Mal am Tag mit abgemessenen Mengen f\u00fcttert<br \/>\n&#8211; Die F\u00fctterung wird nach einem Stromausfall von 1-1,5 Stunden automatisch fortgesetzt<br \/>\n&#8211; Gesunde Ern\u00e4hrung f\u00fcr Fische mit schneller Verdauung, ohne die Wasserqualit\u00e4t im Teich zu belasten<\/p>\n","protected":false},"excerpt":{"rendered":"<p>automatische F\u00fctterungshilfe f\u00fcr alle Teichfische<\/p>\n","protected":false},"featured_media":22040,"comment_status":"closed","ping_status":"closed","template":"","meta":{"_acf_changed":false,"_seopress_robots_primary_cat":"none","_seopress_titles_title":"","_seopress_titles_desc":"","_seopress_robots_index":""},"product_brand":[],"product_cat":[1237,1240],"product_tag":[],"class_list":{"0":"post-22965","1":"product","2":"type-product","3":"status-publish","4":"has-post-thumbnail","6":"product_cat-fischpflege","7":"product_cat-futterungsmaschinen","8":"product_shipping_class-nl-standard-de","9":"pa_formaat-2500-ml-de","10":"yith_product_brand-velda-de","11":"entry","12":"has-media","14":"first","15":"instock","16":"sale","17":"taxable","18":"shipping-taxable","19":"purchasable","20":"product-type-simple","21":"col","22":"span_1_of_4","23":"wvn-content-left","24":"wvn-thumbs-layout-vertical","25":"wvn-btn-normal","26":"wvn-tabs-layout-vertical"},"acf":[],"_links":{"self":[{"href":"https:\/\/wateryou.eu\/de\/wp-json\/wp\/v2\/product\/22965","targetHints":{"allow":["GET"]}}],"collection":[{"href":"https:\/\/wateryou.eu\/de\/wp-json\/wp\/v2\/product"}],"about":[{"href":"https:\/\/wateryou.eu\/de\/wp-json\/wp\/v2\/types\/product"}],"replies":[{"embeddable":true,"href":"https:\/\/wateryou.eu\/de\/wp-json\/wp\/v2\/comments?post=22965"}],"wp:featuredmedia":[{"embeddable":true,"href":"https:\/\/wateryou.eu\/de\/wp-json\/wp\/v2\/media\/22040"}],"wp:attachment":[{"href":"https:\/\/wateryou.eu\/de\/wp-json\/wp\/v2\/media?parent=22965"}],"wp:term":[{"taxonomy":"product_brand","embeddable":true,"href":"https:\/\/wateryou.eu\/de\/wp-json\/wp\/v2\/product_brand?post=22965"},{"taxonomy":"product_cat","embeddable":true,"href":"https:\/\/wateryou.eu\/de\/wp-json\/wp\/v2\/product_cat?post=22965"},{"taxonomy":"product_tag","embeddable":true,"href":"https:\/\/wateryou.eu\/de\/wp-json\/wp\/v2\/product_tag?post=22965"}],"curies":[{"name":"wp","href":"https:\/\/api.w.org\/{rel}","templated":true}]}}