{"id":22964,"date":"2023-04-12T13:45:06","date_gmt":"2023-04-12T11:45:06","guid":{"rendered":"https:\/\/wateryou.eu\/product\/fish-feeder-pro-2\/"},"modified":"2023-04-12T13:45:06","modified_gmt":"2023-04-12T11:45:06","slug":"fish-feeder-pro-2","status":"publish","type":"product","link":"https:\/\/wateryou.eu\/de\/produkt\/fish-feeder-pro-2\/","title":{"rendered":"Fish Feeder Pro"},"content":{"rendered":"<p>Der Fish Feeder Pro ist die ultimative L\u00f6sung, um Fische bis zu 20 Mal pro Tag mit abgemessenen Mengen zu f\u00fcttern. Um Ihre Koi optimal zu ern\u00e4hren und eine \u00dcberlastung des Teichmilieu zu vermeiden, lassen sich F\u00fctterungsh\u00e4ufigkeit und -menge bequem digital einstellen. Mit dem Fish Feeder Pro k\u00f6nnen Sie Ihre Fische auch im Urlaub und bei weniger g\u00fcnstigen Wetterbedingungen f\u00fcttern, sodass Ihr Fischbestand gesund bleibt und stetig w\u00e4chst.  <\/p>\n<p>Merkmale:<br \/>\n&#8211; Automatischer Futterspender mit wasserdichtem 3-Liter-Futterbeh\u00e4lter und stabilem Erdspie\u00df<br \/>\n&#8211; Einfache Programmierung von Futterfrequenz und Futtermenge<br \/>\n&#8211; F\u00fcttern Sie bis zu 20 Mal pro Tag mit abgemessenen Mengen<br \/>\n&#8211; 4 Dosierschnecken: f\u00fcr Pelletfutter mit 3 bis 12 mm Durchmesser, Zahnschnecke f\u00fcr Flocken- und Naturfutter<br \/>\n&#8211; Befestigung an Erdn\u00e4geln, W\u00e4nden oder Masten<\/p>\n","protected":false},"excerpt":{"rendered":"<p>automatische F\u00fctterungshilfe f\u00fcr alle Teichfische<\/p>\n","protected":false},"featured_media":21736,"comment_status":"closed","ping_status":"closed","template":"","meta":{"_acf_changed":false,"_seopress_robots_primary_cat":"none","_seopress_titles_title":"","_seopress_titles_desc":"","_seopress_robots_index":""},"product_brand":[],"product_cat":[1237,1240],"product_tag":[],"class_list":{"0":"post-22964","1":"product","2":"type-product","3":"status-publish","4":"has-post-thumbnail","6":"product_cat-fischpflege","7":"product_cat-futterungsmaschinen","8":"product_shipping_class-nl-standard-de","9":"pa_formaat-3000-ml-de","10":"yith_product_brand-velda-de","11":"entry","12":"has-media","14":"first","15":"instock","16":"sale","17":"taxable","18":"shipping-taxable","19":"purchasable","20":"product-type-simple","21":"col","22":"span_1_of_4","23":"wvn-content-left","24":"wvn-thumbs-layout-vertical","25":"wvn-btn-normal","26":"wvn-tabs-layout-vertical"},"acf":[],"_links":{"self":[{"href":"https:\/\/wateryou.eu\/de\/wp-json\/wp\/v2\/product\/22964","targetHints":{"allow":["GET"]}}],"collection":[{"href":"https:\/\/wateryou.eu\/de\/wp-json\/wp\/v2\/product"}],"about":[{"href":"https:\/\/wateryou.eu\/de\/wp-json\/wp\/v2\/types\/product"}],"replies":[{"embeddable":true,"href":"https:\/\/wateryou.eu\/de\/wp-json\/wp\/v2\/comments?post=22964"}],"wp:featuredmedia":[{"embeddable":true,"href":"https:\/\/wateryou.eu\/de\/wp-json\/wp\/v2\/media\/21736"}],"wp:attachment":[{"href":"https:\/\/wateryou.eu\/de\/wp-json\/wp\/v2\/media?parent=22964"}],"wp:term":[{"taxonomy":"product_brand","embeddable":true,"href":"https:\/\/wateryou.eu\/de\/wp-json\/wp\/v2\/product_brand?post=22964"},{"taxonomy":"product_cat","embeddable":true,"href":"https:\/\/wateryou.eu\/de\/wp-json\/wp\/v2\/product_cat?post=22964"},{"taxonomy":"product_tag","embeddable":true,"href":"https:\/\/wateryou.eu\/de\/wp-json\/wp\/v2\/product_tag?post=22964"}],"curies":[{"name":"wp","href":"https:\/\/api.w.org\/{rel}","templated":true}]}}