{"id":22963,"date":"2023-04-12T13:45:06","date_gmt":"2023-04-12T11:45:06","guid":{"rendered":"https:\/\/wateryou.eu\/product\/heron-stop-2\/"},"modified":"2023-04-12T13:45:06","modified_gmt":"2023-04-12T11:45:06","slug":"heron-stop-2","status":"publish","type":"product","link":"https:\/\/wateryou.eu\/de\/produkt\/heron-stop-2\/","title":{"rendered":"Heron Stop"},"content":{"rendered":"<p>Velda Heron Stop ist ein einfaches und praktisch unsichtbares System, um Reiher und andere Raubv\u00f6gel von Ihrem Teich fernzuhalten. Das System besteht aus 8 Pfosten, 25 Metern Nylondraht und 8 Glocken. Durch das Spannen des Drahtes um den Teichrand wird der Zugang zum Teich versperrt. Das Klingeln der Glocken h\u00e4lt den Reiher von einem zweiten Versuch ab. Der Velda Heron Stop ist einfach zu installieren und bietet eine wirksame L\u00f6sung zur Abschreckung von Greifv\u00f6geln.    <\/p>\n","protected":false},"excerpt":{"rendered":"<p>Zaun mit Glocken zum Verscheuchen von Reihern<\/p>\n","protected":false},"featured_media":21734,"comment_status":"closed","ping_status":"closed","template":"","meta":{"_acf_changed":false,"_seopress_robots_primary_cat":"","_seopress_titles_title":"","_seopress_titles_desc":"","_seopress_robots_index":""},"product_brand":[],"product_cat":[1237,1165],"product_tag":[],"class_list":{"0":"post-22963","1":"product","2":"type-product","3":"status-publish","4":"has-post-thumbnail","6":"product_cat-fischpflege","7":"product_cat-schutz","8":"product_shipping_class-nl-standard-de","9":"pa_geschikt-voor-fur-12-m","10":"yith_product_brand-velda-de","11":"entry","12":"has-media","14":"first","15":"outofstock","16":"taxable","17":"shipping-taxable","18":"purchasable","19":"product-type-simple","20":"col","21":"span_1_of_4","22":"wvn-content-left","23":"wvn-thumbs-layout-vertical","24":"wvn-btn-normal","25":"wvn-tabs-layout-vertical","26":"has-no-thumbnails"},"acf":[],"_links":{"self":[{"href":"https:\/\/wateryou.eu\/de\/wp-json\/wp\/v2\/product\/22963","targetHints":{"allow":["GET"]}}],"collection":[{"href":"https:\/\/wateryou.eu\/de\/wp-json\/wp\/v2\/product"}],"about":[{"href":"https:\/\/wateryou.eu\/de\/wp-json\/wp\/v2\/types\/product"}],"replies":[{"embeddable":true,"href":"https:\/\/wateryou.eu\/de\/wp-json\/wp\/v2\/comments?post=22963"}],"wp:featuredmedia":[{"embeddable":true,"href":"https:\/\/wateryou.eu\/de\/wp-json\/wp\/v2\/media\/21734"}],"wp:attachment":[{"href":"https:\/\/wateryou.eu\/de\/wp-json\/wp\/v2\/media?parent=22963"}],"wp:term":[{"taxonomy":"product_brand","embeddable":true,"href":"https:\/\/wateryou.eu\/de\/wp-json\/wp\/v2\/product_brand?post=22963"},{"taxonomy":"product_cat","embeddable":true,"href":"https:\/\/wateryou.eu\/de\/wp-json\/wp\/v2\/product_cat?post=22963"},{"taxonomy":"product_tag","embeddable":true,"href":"https:\/\/wateryou.eu\/de\/wp-json\/wp\/v2\/product_tag?post=22963"}],"curies":[{"name":"wp","href":"https:\/\/api.w.org\/{rel}","templated":true}]}}