{"id":22962,"date":"2023-04-12T13:45:14","date_gmt":"2023-04-12T11:45:14","guid":{"rendered":"https:\/\/wateryou.eu\/product\/pond-dome-2\/"},"modified":"2025-06-17T14:39:37","modified_gmt":"2025-06-17T12:39:37","slug":"pond-dome-2","status":"publish","type":"product","link":"https:\/\/wateryou.eu\/de\/produkt\/pond-dome-2\/","title":{"rendered":"Pond Dome"},"content":{"rendered":"<p>Der Pond Dome ist eine einzigartige Teichdekoration, die f\u00fcr ein interessantes Schauspiel sorgt. Es besteht aus einer transparenten Kuppel und einem Schwimmring, der es erm\u00f6glicht, das Ganze unter Wasser zu dr\u00fccken und auf der Wasseroberfl\u00e4che schwimmen zu lassen. Die Kuppel f\u00fcllt sich mit Teichwasser und schwimmt. Der Pond Dome bietet nicht nur eine tolle Aussicht, sondern erm\u00f6glicht auch die Beobachtung neugieriger Fische.   <\/p>\n","protected":false},"excerpt":{"rendered":"<p>schwimmende Plexiglaskugel zur Beobachtung der Teichfische<\/p>\n","protected":false},"featured_media":21743,"comment_status":"closed","ping_status":"closed","template":"","meta":{"_acf_changed":false,"_seopress_robots_primary_cat":"none","_seopress_titles_title":"","_seopress_titles_desc":"","_seopress_robots_index":""},"product_brand":[],"product_cat":[1149],"product_tag":[],"class_list":{"0":"post-22962","1":"product","2":"type-product","3":"status-publish","4":"has-post-thumbnail","6":"product_cat-erleben-sie","7":"product_shipping_class-nl-standard-de","8":"pa_formaat-o-36-x-24-cm-de","9":"yith_product_brand-vt-de-2","10":"entry","11":"has-media","13":"first","14":"outofstock","15":"taxable","16":"shipping-taxable","17":"purchasable","18":"product-type-simple","19":"col","20":"span_1_of_4","21":"wvn-content-left","22":"wvn-thumbs-layout-vertical","23":"wvn-btn-normal","24":"wvn-tabs-layout-vertical","25":"has-no-thumbnails"},"acf":[],"_links":{"self":[{"href":"https:\/\/wateryou.eu\/de\/wp-json\/wp\/v2\/product\/22962","targetHints":{"allow":["GET"]}}],"collection":[{"href":"https:\/\/wateryou.eu\/de\/wp-json\/wp\/v2\/product"}],"about":[{"href":"https:\/\/wateryou.eu\/de\/wp-json\/wp\/v2\/types\/product"}],"replies":[{"embeddable":true,"href":"https:\/\/wateryou.eu\/de\/wp-json\/wp\/v2\/comments?post=22962"}],"wp:featuredmedia":[{"embeddable":true,"href":"https:\/\/wateryou.eu\/de\/wp-json\/wp\/v2\/media\/21743"}],"wp:attachment":[{"href":"https:\/\/wateryou.eu\/de\/wp-json\/wp\/v2\/media?parent=22962"}],"wp:term":[{"taxonomy":"product_brand","embeddable":true,"href":"https:\/\/wateryou.eu\/de\/wp-json\/wp\/v2\/product_brand?post=22962"},{"taxonomy":"product_cat","embeddable":true,"href":"https:\/\/wateryou.eu\/de\/wp-json\/wp\/v2\/product_cat?post=22962"},{"taxonomy":"product_tag","embeddable":true,"href":"https:\/\/wateryou.eu\/de\/wp-json\/wp\/v2\/product_tag?post=22962"}],"curies":[{"name":"wp","href":"https:\/\/api.w.org\/{rel}","templated":true}]}}