{"id":22961,"date":"2023-04-12T13:45:14","date_gmt":"2023-04-12T11:45:14","guid":{"rendered":"https:\/\/wateryou.eu\/product\/universal-verlangerungskabel\/"},"modified":"2025-06-17T14:34:41","modified_gmt":"2025-06-17T12:34:41","slug":"universal-verlangerungskabel","status":"publish","type":"product","link":"https:\/\/wateryou.eu\/de\/produkt\/universal-verlangerungskabel\/","title":{"rendered":"Universal-Verl\u00e4ngerungskabel"},"content":{"rendered":"<p>Der Fish Feeder Pro wurde speziell entwickelt, um Fische bis zu 20 Mal am Tag mit abgemessenen Mengen zu f\u00fcttern. F\u00fctterungsmenge und -h\u00e4ufigkeit sind bequem digital programmierbar. Dieses Futter ist ideal f\u00fcr Koi-Liebhaber, denn eine wohl\u00fcberlegte F\u00fctterung der Fische ist ausschlaggebend f\u00fcr ein optimales Wachstum und Farbbild. Dank diesem Futter wird das Teichmilieu nicht \u00fcberlastet und die Fische bleiben gesund.    <\/p>\n<p>Der Fish Feeder Pro wird mit vier Schneckenschrauben geliefert, von denen drei speziell f\u00fcr Granulat- und Pelletfutter mit einem Durchmesser von 3 bis 12 Millimetern ausgelegt sind. Die vierte Schneckenschraube ist f\u00fcr Flockenfutter geeignet. Beh\u00e4lter und F\u00fctterungsmechanismus verhindern, dass Feuchtigkeit an das Futter gelangt. Der Futterspender kann auf 3 Arten befestigt werden: an einem Erdnagel, an der Wand oder an einer Stange.    <\/p>\n<p>Mit dem Fish Feeder Pro werden die Fische mehrmals t\u00e4glich gef\u00fcttert, was zu einem gesunden Fischbestand mit stetigem Wachstum f\u00fchrt. Ideal f\u00fcr die Urlaubszeit und bei weniger g\u00fcnstigen Wetterbedingungen, da die Fische nie \u201evergessen\u201c werden. <\/p>\n","protected":false},"excerpt":{"rendered":"<p>universelles Verl\u00e4ngerungskabel f\u00fcr den Au\u00dfenbereich<\/p>\n","protected":false},"featured_media":21740,"comment_status":"closed","ping_status":"closed","template":"","meta":{"_acf_changed":false,"_seopress_robots_primary_cat":"","_seopress_titles_title":"","_seopress_titles_desc":"","_seopress_robots_index":""},"product_brand":[],"product_cat":[1240,1120,1143],"product_tag":[],"class_list":{"0":"post-22961","1":"product","2":"type-product","3":"status-publish","4":"has-post-thumbnail","6":"product_cat-futterungsmaschinen","7":"product_cat-nicht-kategorisiert","8":"product_cat-teile-und-wartung","9":"product_shipping_class-nl-standard-de","10":"pa_formaat-10-m-de","11":"yith_product_brand-velda-de","12":"entry","13":"has-media","15":"first","16":"outofstock","17":"taxable","18":"shipping-taxable","19":"purchasable","20":"product-type-simple","21":"col","22":"span_1_of_4","23":"wvn-content-left","24":"wvn-thumbs-layout-vertical","25":"wvn-btn-normal","26":"wvn-tabs-layout-vertical"},"acf":[],"_links":{"self":[{"href":"https:\/\/wateryou.eu\/de\/wp-json\/wp\/v2\/product\/22961","targetHints":{"allow":["GET"]}}],"collection":[{"href":"https:\/\/wateryou.eu\/de\/wp-json\/wp\/v2\/product"}],"about":[{"href":"https:\/\/wateryou.eu\/de\/wp-json\/wp\/v2\/types\/product"}],"replies":[{"embeddable":true,"href":"https:\/\/wateryou.eu\/de\/wp-json\/wp\/v2\/comments?post=22961"}],"wp:featuredmedia":[{"embeddable":true,"href":"https:\/\/wateryou.eu\/de\/wp-json\/wp\/v2\/media\/21740"}],"wp:attachment":[{"href":"https:\/\/wateryou.eu\/de\/wp-json\/wp\/v2\/media?parent=22961"}],"wp:term":[{"taxonomy":"product_brand","embeddable":true,"href":"https:\/\/wateryou.eu\/de\/wp-json\/wp\/v2\/product_brand?post=22961"},{"taxonomy":"product_cat","embeddable":true,"href":"https:\/\/wateryou.eu\/de\/wp-json\/wp\/v2\/product_cat?post=22961"},{"taxonomy":"product_tag","embeddable":true,"href":"https:\/\/wateryou.eu\/de\/wp-json\/wp\/v2\/product_tag?post=22961"}],"curies":[{"name":"wp","href":"https:\/\/api.w.org\/{rel}","templated":true}]}}