{"id":22960,"date":"2023-04-12T13:45:27","date_gmt":"2023-04-12T11:45:27","guid":{"rendered":"https:\/\/wateryou.eu\/product\/floating-pond-light-2\/"},"modified":"2023-04-12T13:45:27","modified_gmt":"2023-04-12T11:45:27","slug":"floating-pond-light-2","status":"publish","type":"product","link":"https:\/\/wateryou.eu\/de\/produkt\/floating-pond-light-2\/","title":{"rendered":"Floating Pond Light"},"content":{"rendered":"<p>Das schwimmende Teichlicht von Velda bringt Ihren Teichspa\u00df auf die n\u00e4chste Stufe! Diese moderne LED-Beleuchtung ist energieeffizient und nachhaltig und bietet Ihnen die M\u00f6glichkeit, Ihrem Teich mit Ihrer Lieblingsteichpflanze eine pers\u00f6nliche Note zu verleihen. Das Floating Pond Light ist ein schwimmendes Lichtobjekt, das sowohl tags\u00fcber als auch abends eine besondere Atmosph\u00e4re rund um Ihren Teich schafft.  <\/p>\n<p>Met de Floating Pond Light kun je genieten van:<br \/>\n&#8211; Duurzame en energiezuinige LED-verlichting<br \/>\n&#8211; Een eilandje vol groen of bloemenpracht dat ook bij daglicht altijd opvalt<br \/>\n&#8211; Een bijzondere sfeer rondom je vijver<br \/>\n&#8211; De mogelijkheid om je vijver een persoonlijk tintje te geven met je favoriete vijverplant<\/p>\n","protected":false},"excerpt":{"rendered":"<p>Schwimmende Teichbeleuchtung mit Platz f\u00fcr eine Teichpflanze<\/p>\n","protected":false},"featured_media":21757,"comment_status":"closed","ping_status":"closed","template":"","meta":{"_acf_changed":false,"_seopress_robots_primary_cat":"none","_seopress_titles_title":"Schwimmende Teichbeleuchtung","_seopress_titles_desc":"Schwimmende Teichbeleuchtung mit Platz f\u00fcr eine Teichpflanze f\u00fcr eine einzigartige stimmungsvolle Optik im Teich.","_seopress_robots_index":""},"product_brand":[],"product_cat":[1155,1151,1149],"product_tag":[],"class_list":{"0":"post-22960","1":"product","2":"type-product","3":"status-publish","4":"has-post-thumbnail","6":"product_cat-beleuchtung","7":"product_cat-dekoration-und-beleuchtung","8":"product_cat-erleben-sie","9":"product_shipping_class-nl-standard-de","10":"pa_heeft-verlichting-1-de","11":"yith_product_brand-velda-de","12":"entry","13":"has-media","15":"first","16":"instock","17":"taxable","18":"shipping-taxable","19":"purchasable","20":"product-type-simple","21":"col","22":"span_1_of_4","23":"wvn-content-left","24":"wvn-thumbs-layout-vertical","25":"wvn-btn-normal","26":"wvn-tabs-layout-vertical"},"acf":[],"_links":{"self":[{"href":"https:\/\/wateryou.eu\/de\/wp-json\/wp\/v2\/product\/22960","targetHints":{"allow":["GET"]}}],"collection":[{"href":"https:\/\/wateryou.eu\/de\/wp-json\/wp\/v2\/product"}],"about":[{"href":"https:\/\/wateryou.eu\/de\/wp-json\/wp\/v2\/types\/product"}],"replies":[{"embeddable":true,"href":"https:\/\/wateryou.eu\/de\/wp-json\/wp\/v2\/comments?post=22960"}],"wp:featuredmedia":[{"embeddable":true,"href":"https:\/\/wateryou.eu\/de\/wp-json\/wp\/v2\/media\/21757"}],"wp:attachment":[{"href":"https:\/\/wateryou.eu\/de\/wp-json\/wp\/v2\/media?parent=22960"}],"wp:term":[{"taxonomy":"product_brand","embeddable":true,"href":"https:\/\/wateryou.eu\/de\/wp-json\/wp\/v2\/product_brand?post=22960"},{"taxonomy":"product_cat","embeddable":true,"href":"https:\/\/wateryou.eu\/de\/wp-json\/wp\/v2\/product_cat?post=22960"},{"taxonomy":"product_tag","embeddable":true,"href":"https:\/\/wateryou.eu\/de\/wp-json\/wp\/v2\/product_tag?post=22960"}],"curies":[{"name":"wp","href":"https:\/\/api.w.org\/{rel}","templated":true}]}}