{"id":22959,"date":"2023-04-12T13:45:27","date_gmt":"2023-04-12T11:45:27","guid":{"rendered":"https:\/\/wateryou.eu\/product\/waterfall-2\/"},"modified":"2023-04-12T13:45:27","modified_gmt":"2023-04-12T11:45:27","slug":"waterfall-2","status":"publish","type":"product","link":"https:\/\/wateryou.eu\/de\/produkt\/waterfall-2\/","title":{"rendered":"Waterfall"},"content":{"rendered":"<p>Die Fountain Pond Miniteiche bieten ein vielseitiges und flexibles Dekorationselement f\u00fcr Garten und Terrasse, im Innenbereich und auf dem Balkon. Dank ihrer leichten Bauweise lassen sie sich einfach bewegen. Dieser Miniteich wird mit Springbrunnen oder Pflanzkorb geliefert, sodass alle M\u00f6glichkeiten offen bleiben. F\u00fcr ein besonders spektakul\u00e4res Erlebnis sorgt ein Wasserfall, der das Wasser sanft durch den Teich flie\u00dfen l\u00e4sst.   <\/p>\n<p>F\u00fcr ein optimales Teicherlebnis empfiehlt sich die Verwendung des Velda Mini-Pond Substrate Bodengrundes f\u00fcr klares und gesundes Wasser. Sauerstoffpflanzen halten das Wasser klar und algenfrei, w\u00e4hrend Sumpfpflanzen dem Springbrunnenteich ein attraktives Aussehen verleihen. <\/p>\n<p>Merkmale:<br \/>\n&#8211; Flexibles und vielseitiges Dekorationselement f\u00fcr Garten und Terrasse, im Innenbereich und auf dem Balkon<br \/>\n&#8211; Leichtes Design, einfach zu bewegen<br \/>\n&#8211; Inklusive Brunnen oder Pflanzkorb<br \/>\n&#8211; Wasserfall f\u00fcr ein besonders spektakul\u00e4res Erlebnis<br \/>\n&#8211; Velda Mini-Pond Substrat f\u00fcr klares und gesundes Wasser<br \/>\n&#8211; Sauerstoffpflanzen, um das Wasser klar und algenfrei zu halten<br \/>\n&#8211; Sumpfpflanzen f\u00fcr ein stimmungsvolles Erscheinungsbild<\/p>\n","protected":false},"excerpt":{"rendered":"<p>Wasserfallerweiterung<\/p>\n","protected":false},"featured_media":23862,"comment_status":"closed","ping_status":"closed","template":"","meta":{"_acf_changed":false,"_seopress_robots_primary_cat":"none","_seopress_titles_title":"","_seopress_titles_desc":"","_seopress_robots_index":""},"product_brand":[],"product_cat":[1220],"product_tag":[],"class_list":{"0":"post-22959","1":"product","2":"type-product","3":"status-publish","4":"has-post-thumbnail","6":"product_cat-mini-teiche","7":"product_shipping_class-nl-standard-de","8":"pa_formaat-75-x-15-cm-de","9":"pa_geschikt-voor-fuer-springbrunnenteich-75-x-75-x-35-cm","10":"yith_product_brand-velda-de","11":"entry","12":"has-media","14":"first","15":"instock","16":"sale","17":"taxable","18":"shipping-taxable","19":"purchasable","20":"product-type-simple","21":"col","22":"span_1_of_4","23":"wvn-content-left","24":"wvn-thumbs-layout-vertical","25":"wvn-btn-normal","26":"wvn-tabs-layout-vertical","27":"has-no-thumbnails"},"acf":[],"_links":{"self":[{"href":"https:\/\/wateryou.eu\/de\/wp-json\/wp\/v2\/product\/22959","targetHints":{"allow":["GET"]}}],"collection":[{"href":"https:\/\/wateryou.eu\/de\/wp-json\/wp\/v2\/product"}],"about":[{"href":"https:\/\/wateryou.eu\/de\/wp-json\/wp\/v2\/types\/product"}],"replies":[{"embeddable":true,"href":"https:\/\/wateryou.eu\/de\/wp-json\/wp\/v2\/comments?post=22959"}],"wp:featuredmedia":[{"embeddable":true,"href":"https:\/\/wateryou.eu\/de\/wp-json\/wp\/v2\/media\/23862"}],"wp:attachment":[{"href":"https:\/\/wateryou.eu\/de\/wp-json\/wp\/v2\/media?parent=22959"}],"wp:term":[{"taxonomy":"product_brand","embeddable":true,"href":"https:\/\/wateryou.eu\/de\/wp-json\/wp\/v2\/product_brand?post=22959"},{"taxonomy":"product_cat","embeddable":true,"href":"https:\/\/wateryou.eu\/de\/wp-json\/wp\/v2\/product_cat?post=22959"},{"taxonomy":"product_tag","embeddable":true,"href":"https:\/\/wateryou.eu\/de\/wp-json\/wp\/v2\/product_tag?post=22959"}],"curies":[{"name":"wp","href":"https:\/\/api.w.org\/{rel}","templated":true}]}}