{"id":22953,"date":"2023-04-12T13:45:51","date_gmt":"2023-04-12T11:45:51","guid":{"rendered":"https:\/\/wateryou.eu\/product\/uv-c-lamp-2\/"},"modified":"2025-06-17T14:13:03","modified_gmt":"2025-06-17T12:13:03","slug":"uv-c-lamp-2","status":"publish","type":"product","link":"https:\/\/wateryou.eu\/de\/produkt\/uv-c-lamp-2\/","title":{"rendered":"UV-C Lamp"},"content":{"rendered":"<p>Mit dem Filterbrunnen verf\u00fcgen Sie \u00fcber das umfassendste All-in-1-Produkt f\u00fcr Teiche bis zu 6000 Liter Wasser. Dieser kompakte Filterbrunnen reinigt das Wasser in 3 Phasen: mechanisch, biologisch und mit UV-C. Die 2000 l\/h Pumpe f\u00f6rdert das Wasser durch die Filtermaterialien, vorbei an der 11 Watt UV-C Lampe und anschlie\u00dfend durch den Springbrunnen zur\u00fcck in den Teich.  <\/p>\n<p>F\u00fcr optimale Ergebnisse sind folgende Komponenten vorhanden:<br \/>\nFilterschaum f\u00fcr die erste Phase: Entfernt sichtbare Schmutzpartikel<br \/>\n&#8211; Biofilterkugeln und Keramikfilterrohre f\u00fcr die zweite Phase: stimulieren die Anhaftung von Mikroorganismen, die organische Bestandteile aus dem Teichwasser entfernen<br \/>\n&#8211; UV-C Lampe f\u00fcr die dritte Phase: t\u00f6tet Schwebealgen und Keime durch ultraviolette Strahlung ab<br \/>\n&#8211; 3 Aufs\u00e4tze: Einzelbrause, Doppelbrause und Wasserglocke, dazu ein Wasserfall-\/Bachanschluss<br \/>\n&#8211; LED-Stimmungsbeleuchtung mit Tag-\/Nacht-Sensor<\/p>\n<p>Der Filterbrunnen ist einfach zu installieren und sorgt f\u00fcr klares und gesundes Teichwasser mit Pl\u00e4tschereffekt. Eine perfekte Erg\u00e4nzung f\u00fcr jeden Teich. <\/p>\n","protected":false},"excerpt":{"rendered":"<p>Mit dem Filterbrunnen verf\u00fcgen Sie \u00fcber das umfassendste All-in-1-Produkt f\u00fcr Teiche bis zu 6000 Liter Wasser. Dieser kompakte Filterbrunnen reinigt das Wasser in 3 Phasen: mechanisch, biologisch und mit UV-C. Die 2000 l\/h Pumpe f\u00f6rdert das Wasser durch die Filtermaterialien, vorbei an der 11 Watt UV-C Lampe und anschlie\u00dfend durch den Springbrunnen zur\u00fcck in den [&hellip;]<\/p>\n","protected":false},"featured_media":21607,"comment_status":"closed","ping_status":"closed","template":"","meta":{"_acf_changed":false,"_seopress_robots_primary_cat":"none","_seopress_titles_title":"","_seopress_titles_desc":"","_seopress_robots_index":""},"product_brand":[],"product_cat":[1232,1120,1229],"product_tag":[],"class_list":{"0":"post-22953","1":"product","2":"type-product","3":"status-publish","4":"has-post-thumbnail","6":"product_cat-biofilters-de","7":"product_cat-nicht-kategorisiert","8":"product_cat-uv-c-unit-de","9":"product_shipping_class-nl-standard-de","10":"pa_formaat-11-watt-de","11":"pa_geschikt-voor-fuer-all-in-1-filterbrunnen","12":"yith_product_brand-vt-de-2","13":"entry","14":"has-media","16":"first","17":"instock","18":"taxable","19":"shipping-taxable","20":"purchasable","21":"product-type-simple","22":"col","23":"span_1_of_4","24":"wvn-content-left","25":"wvn-thumbs-layout-vertical","26":"wvn-btn-normal","27":"wvn-tabs-layout-vertical","28":"has-no-thumbnails"},"acf":[],"_links":{"self":[{"href":"https:\/\/wateryou.eu\/de\/wp-json\/wp\/v2\/product\/22953","targetHints":{"allow":["GET"]}}],"collection":[{"href":"https:\/\/wateryou.eu\/de\/wp-json\/wp\/v2\/product"}],"about":[{"href":"https:\/\/wateryou.eu\/de\/wp-json\/wp\/v2\/types\/product"}],"replies":[{"embeddable":true,"href":"https:\/\/wateryou.eu\/de\/wp-json\/wp\/v2\/comments?post=22953"}],"wp:featuredmedia":[{"embeddable":true,"href":"https:\/\/wateryou.eu\/de\/wp-json\/wp\/v2\/media\/21607"}],"wp:attachment":[{"href":"https:\/\/wateryou.eu\/de\/wp-json\/wp\/v2\/media?parent=22953"}],"wp:term":[{"taxonomy":"product_brand","embeddable":true,"href":"https:\/\/wateryou.eu\/de\/wp-json\/wp\/v2\/product_brand?post=22953"},{"taxonomy":"product_cat","embeddable":true,"href":"https:\/\/wateryou.eu\/de\/wp-json\/wp\/v2\/product_cat?post=22953"},{"taxonomy":"product_tag","embeddable":true,"href":"https:\/\/wateryou.eu\/de\/wp-json\/wp\/v2\/product_tag?post=22953"}],"curies":[{"name":"wp","href":"https:\/\/api.w.org\/{rel}","templated":true}]}}