{"id":22952,"date":"2023-04-12T13:46:06","date_gmt":"2023-04-12T11:46:06","guid":{"rendered":"https:\/\/wateryou.eu\/product\/filter-foam-50-x-50-x-2-cm\/"},"modified":"2023-04-12T13:46:06","modified_gmt":"2023-04-12T11:46:06","slug":"filter-foam-50-x-50-x-2-cm","status":"publish","type":"product","link":"https:\/\/wateryou.eu\/de\/produkt\/filter-foam-50-x-50-x-2-cm\/","title":{"rendered":"Filter Foam 50 x 50 x 2 cm"},"content":{"rendered":"<p>Filter Foam ist ein effektiver Teichfilter, der sichtbare Schmutzpartikel aus dem Wasser filtert. Es ist in drei verschiedenen Texturtypen erh\u00e4ltlich: fein (wei\u00df), mittel (blau) und grob (schwarz). Filterschaum besteht aus Polyethylen, wurde auf Toxizit\u00e4t und L\u00f6slichkeit getestet und ist in verschiedenen Gr\u00f6\u00dfen und St\u00e4rken erh\u00e4ltlich. Mit einer Schere oder einem Messer k\u00f6nnen Sie den Schaumstoff ganz einfach auf die passende Gr\u00f6\u00dfe zuschneiden. F\u00fcr optimale Ergebnisse empfehlen wir die Verwendung mehrerer Schichten Filterschaum, von grob bis fein.    <\/p>\n","protected":false},"excerpt":{"rendered":"<p>Fein-, Mittel- und Grobfilterschaumstoff<\/p>\n","protected":false},"featured_media":23845,"comment_status":"closed","ping_status":"closed","template":"","meta":{"_acf_changed":false,"_seopress_robots_primary_cat":"none","_seopress_titles_title":"","_seopress_titles_desc":"","_seopress_robots_index":""},"product_brand":[],"product_cat":[1137,1120,1148],"product_tag":[1256],"class_list":{"0":"post-22952","1":"product","2":"type-product","3":"status-publish","4":"has-post-thumbnail","6":"product_cat-filter-materialien","7":"product_cat-nicht-kategorisiert","8":"product_cat-wartung","9":"product_tag-3-stuks-de","10":"product_shipping_class-nl-standard-de","11":"pa_formaat-50-x-50-x-2-cm-de","12":"pa_geschikt-voor-3-stuks-de","13":"yith_product_brand-vt-de-2","14":"entry","15":"has-media","17":"first","18":"instock","19":"taxable","20":"shipping-taxable","21":"purchasable","22":"product-type-simple","23":"col","24":"span_1_of_4","25":"wvn-content-left","26":"wvn-thumbs-layout-vertical","27":"wvn-btn-normal","28":"wvn-tabs-layout-vertical"},"acf":[],"_links":{"self":[{"href":"https:\/\/wateryou.eu\/de\/wp-json\/wp\/v2\/product\/22952","targetHints":{"allow":["GET"]}}],"collection":[{"href":"https:\/\/wateryou.eu\/de\/wp-json\/wp\/v2\/product"}],"about":[{"href":"https:\/\/wateryou.eu\/de\/wp-json\/wp\/v2\/types\/product"}],"replies":[{"embeddable":true,"href":"https:\/\/wateryou.eu\/de\/wp-json\/wp\/v2\/comments?post=22952"}],"wp:featuredmedia":[{"embeddable":true,"href":"https:\/\/wateryou.eu\/de\/wp-json\/wp\/v2\/media\/23845"}],"wp:attachment":[{"href":"https:\/\/wateryou.eu\/de\/wp-json\/wp\/v2\/media?parent=22952"}],"wp:term":[{"taxonomy":"product_brand","embeddable":true,"href":"https:\/\/wateryou.eu\/de\/wp-json\/wp\/v2\/product_brand?post=22952"},{"taxonomy":"product_cat","embeddable":true,"href":"https:\/\/wateryou.eu\/de\/wp-json\/wp\/v2\/product_cat?post=22952"},{"taxonomy":"product_tag","embeddable":true,"href":"https:\/\/wateryou.eu\/de\/wp-json\/wp\/v2\/product_tag?post=22952"}],"curies":[{"name":"wp","href":"https:\/\/api.w.org\/{rel}","templated":true}]}}