{"id":22949,"date":"2023-04-12T13:46:06","date_gmt":"2023-04-12T11:46:06","guid":{"rendered":"https:\/\/wateryou.eu\/product\/box-filter-set-4000-oder-7000\/"},"modified":"2023-04-12T13:46:06","modified_gmt":"2023-04-12T11:46:06","slug":"box-filter-set-4000-oder-7000","status":"publish","type":"product","link":"https:\/\/wateryou.eu\/de\/produkt\/box-filter-set-4000-oder-7000\/","title":{"rendered":"Box Filter Set 4000 oder 7000"},"content":{"rendered":"<p>Unsere Boxfilter-Sets bieten ein kompaktes System zur Filterung von Teichwasser. Mit feinem und grobem Filterschaum, Filtra-Sub und einer Teichpumpe zur Umw\u00e4lzung sorgt dieses Set f\u00fcr eine optimale biologische Filterung. Die Installation ist einfach und das Set ist in zwei Versionen mit einem Fassungsverm\u00f6gen von 4000 und 7000 Litern erh\u00e4ltlich.  <\/p>\n<p>Boxfilter-Set 4000:<br \/>\n-Kapazit\u00e4t: bis zu 4000 Liter Wasser<br \/>\n-Filtermedien: Filterschaum (fein und grob) + Filtra-Sub<br \/>\n-Teichpumpe: 1000 l\/h<br \/>\n-Schlauch: zur Verbindung zwischen Filter und Pumpe<\/p>\n<p>Boxfilter-Set 7000:<br \/>\n-Kapazit\u00e4t: bis zu 7000 Liter Wasser<br \/>\n-Filtermedien: Filterschaum (fein und grob) + Filtra-Sub<br \/>\n-Teichpumpe: 2000 l\/h<br \/>\n-Schlauch: zur Verbindung zwischen Filter und Pumpe<\/p>\n<p>Mit unseren Boxfilter-Sets erhalten Sie einen Qualit\u00e4tsfilter zur optimalen Filterung von Teichwasser. Das Set ist einfach zu installieren und bietet ein Fassungsverm\u00f6gen von 4000 oder 7000 Litern. Jedes Set enth\u00e4lt Filterschaum (fein und grob) und Filtra-Sub zur biologischen Filterung, dazu eine Teichpumpe und einen Schlauch f\u00fcr die Verbindung zwischen Filter und Pumpe. Schlie\u00dfen Sie den Filter zur Teichwasserumw\u00e4lzung an eine Schmutzwasser-\/Teichpumpe an und verbinden Sie den Eingang des Filters mit dem Ausgang der Pumpe \u00fcber den mitgelieferten Filterschlauch. Aktivieren Sie den Wasserfluss, indem Sie den Stecker in die Steckdose stecken. Lesen Sie zuerst die Anleitung!     <\/p>\n","protected":false},"excerpt":{"rendered":"<p>Kompakter Teichfilter + Pumpe 1000 l\/h + Schlauch<\/p>\n","protected":false},"featured_media":22246,"comment_status":"closed","ping_status":"closed","template":"","meta":{"_acf_changed":false,"_seopress_robots_primary_cat":"none","_seopress_titles_title":"Box Filter Set 4000 oder 7000 - Wateryou","_seopress_titles_desc":"Dieses Boxfilter-Set bietet ein kompaktes System zur Filterung von Teichwasser. Mit feinem und grobem Filterschaum, Filtra-Sub und einer Teichpumpe sorgt dieses Set f\u00fcr eine optimale biologische Filterung. ","_seopress_robots_index":""},"product_brand":[],"product_cat":[1232],"product_tag":[],"class_list":{"0":"post-22949","1":"product","2":"type-product","3":"status-publish","4":"has-post-thumbnail","6":"product_cat-biofilters-de","7":"product_shipping_class-nl-standard-de","8":"pa_geschikt-voor-bis-zu-4000-liter-wasser","9":"pa_geschikt-voor-bis-zu-7000-liter-wasser","10":"pa_heeft-filterfunctie-1-de","11":"pa_inhoud-compact-vijverfilter-pomp-1000-l-h-schlange","12":"yith_product_brand-vt-de-2","13":"entry","14":"has-media","16":"first","17":"instock","18":"sale","19":"taxable","20":"shipping-taxable","21":"purchasable","22":"product-type-variable","23":"has-default-attributes","24":"col","25":"span_1_of_4","26":"wvn-content-left","27":"wvn-thumbs-layout-vertical","28":"wvn-btn-normal","29":"wvn-tabs-layout-vertical"},"acf":[],"_links":{"self":[{"href":"https:\/\/wateryou.eu\/de\/wp-json\/wp\/v2\/product\/22949","targetHints":{"allow":["GET"]}}],"collection":[{"href":"https:\/\/wateryou.eu\/de\/wp-json\/wp\/v2\/product"}],"about":[{"href":"https:\/\/wateryou.eu\/de\/wp-json\/wp\/v2\/types\/product"}],"replies":[{"embeddable":true,"href":"https:\/\/wateryou.eu\/de\/wp-json\/wp\/v2\/comments?post=22949"}],"wp:featuredmedia":[{"embeddable":true,"href":"https:\/\/wateryou.eu\/de\/wp-json\/wp\/v2\/media\/22246"}],"wp:attachment":[{"href":"https:\/\/wateryou.eu\/de\/wp-json\/wp\/v2\/media?parent=22949"}],"wp:term":[{"taxonomy":"product_brand","embeddable":true,"href":"https:\/\/wateryou.eu\/de\/wp-json\/wp\/v2\/product_brand?post=22949"},{"taxonomy":"product_cat","embeddable":true,"href":"https:\/\/wateryou.eu\/de\/wp-json\/wp\/v2\/product_cat?post=22949"},{"taxonomy":"product_tag","embeddable":true,"href":"https:\/\/wateryou.eu\/de\/wp-json\/wp\/v2\/product_tag?post=22949"}],"curies":[{"name":"wp","href":"https:\/\/api.w.org\/{rel}","templated":true}]}}