{"id":22946,"date":"2023-04-20T13:47:37","date_gmt":"2023-04-20T11:47:37","guid":{"rendered":"https:\/\/wateryou.eu\/product\/clear-control-100-druckfilter\/"},"modified":"2023-04-20T13:47:37","modified_gmt":"2023-04-20T11:47:37","slug":"clear-control-100-druckfilter","status":"publish","type":"product","link":"https:\/\/wateryou.eu\/de\/produkt\/clear-control-100-druckfilter\/","title":{"rendered":"Clear Control 100 &#8211; Druckfilter"},"content":{"rendered":"<p>Machen Sie Ihren Teich klarer und ges\u00fcnder mit diesem speziellen Druckfilter mit einer Kapazit\u00e4t von ca. 100 Liter. Der Druckfilter ist sehr widerstandsf\u00e4hig gegen hohen Druck, der sich beim \u00dcberbr\u00fccken gro\u00dfer H\u00f6hen aufbaut und eignet sich f\u00fcr Teiche bis 60.000 Liter. Mit einem Mehrpositionshahn f\u00fcr eine einfache Bedienung und der Installationsoption f\u00fcr 2 UV-C-Einheiten mit 55 Watt ist dieser Druckfilter die perfekte L\u00f6sung f\u00fcr Ihren Teich.  <\/p>\n<p>Der Druckfilter ist mit einer mit Zeolith gef\u00fcllten Filterkartusche ausgestattet, optional sind aber auch verschiedene andere Filtermaterialien erh\u00e4ltlich. Der Mehrstellungshahn verf\u00fcgt \u00fcber vier Stellungen: Filtersp\u00fclstellung, Entleerungsstellung, Normalfiltrationsstellung und Sperrstellung. Es gibt auch einen Medizinmodus und einen Wintermodus. Der Druckfilter ist bis 1 Bar wasserdicht.   <\/p>\n","protected":false},"excerpt":{"rendered":"<p>Druckfilter mit Mehrpositionshahn<\/p>\n<p><span class=\"ui-provider a b c d e f g h i j k l m n o p q r s t u v w x y z ab ac ae af ag ah ai aj ak\" dir=\"ltr\"><em>Dieses Produkt wird auf einer Palette (<strong>kostenloser Versand)<\/strong> per Fracht versandt. Der Spediteur wird Sie bez\u00fcglich des Lieferzeitpunkts kontaktieren.<\/em><\/span><\/p>\n","protected":false},"featured_media":21679,"comment_status":"closed","ping_status":"closed","template":"","meta":{"_acf_changed":false,"_seopress_robots_primary_cat":"none","_seopress_titles_title":"","_seopress_titles_desc":"","_seopress_robots_index":""},"product_brand":[],"product_cat":[1233,1230],"product_tag":[],"class_list":{"0":"post-22946","1":"product","2":"type-product","3":"status-publish","4":"has-post-thumbnail","6":"product_cat-druckfilter","7":"product_cat-pumpen-und-filter","8":"product_shipping_class-nl-standard-de","9":"pa_geschikt-voor-bis-zu-60-000-liter-wasser","10":"pa_heeft-filterfunctie-1-de","11":"pa_inhoud-filter-100-de","12":"yith_product_brand-velda-de","13":"entry","14":"has-media","16":"first","17":"instock","18":"sale","19":"taxable","20":"shipping-taxable","21":"purchasable","22":"product-type-simple","23":"col","24":"span_1_of_4","25":"wvn-content-left","26":"wvn-thumbs-layout-vertical","27":"wvn-btn-normal","28":"wvn-tabs-layout-vertical","29":"has-no-thumbnails"},"acf":[],"_links":{"self":[{"href":"https:\/\/wateryou.eu\/de\/wp-json\/wp\/v2\/product\/22946","targetHints":{"allow":["GET"]}}],"collection":[{"href":"https:\/\/wateryou.eu\/de\/wp-json\/wp\/v2\/product"}],"about":[{"href":"https:\/\/wateryou.eu\/de\/wp-json\/wp\/v2\/types\/product"}],"replies":[{"embeddable":true,"href":"https:\/\/wateryou.eu\/de\/wp-json\/wp\/v2\/comments?post=22946"}],"wp:featuredmedia":[{"embeddable":true,"href":"https:\/\/wateryou.eu\/de\/wp-json\/wp\/v2\/media\/21679"}],"wp:attachment":[{"href":"https:\/\/wateryou.eu\/de\/wp-json\/wp\/v2\/media?parent=22946"}],"wp:term":[{"taxonomy":"product_brand","embeddable":true,"href":"https:\/\/wateryou.eu\/de\/wp-json\/wp\/v2\/product_brand?post=22946"},{"taxonomy":"product_cat","embeddable":true,"href":"https:\/\/wateryou.eu\/de\/wp-json\/wp\/v2\/product_cat?post=22946"},{"taxonomy":"product_tag","embeddable":true,"href":"https:\/\/wateryou.eu\/de\/wp-json\/wp\/v2\/product_tag?post=22946"}],"curies":[{"name":"wp","href":"https:\/\/api.w.org\/{rel}","templated":true}]}}