{"id":22945,"date":"2023-04-20T13:47:37","date_gmt":"2023-04-20T11:47:37","guid":{"rendered":"https:\/\/wateryou.eu\/product\/clear-control-75-set-druckfilter\/"},"modified":"2023-04-20T13:47:37","modified_gmt":"2023-04-20T11:47:37","slug":"clear-control-75-set-druckfilter","status":"publish","type":"product","link":"https:\/\/wateryou.eu\/de\/produkt\/clear-control-75-set-druckfilter\/","title":{"rendered":"Clear Control 75 Set &#8211; Druckfilter"},"content":{"rendered":"<p>Clear Control 75 Set:<br \/>\n&#8211; Komplettset f\u00fcr Teiche bis 30.000 Liter Wasser<br \/>\n&#8211; Inklusive UV-C Unit 9 Watt, Green Line Teichpumpe, Filterschlauch und Filtermaterialien<br \/>\n&#8211; Druckfilter, der hohem Druck standh\u00e4lt und einen H\u00f6henunterschied \u00fcberbr\u00fcckt<br \/>\n&#8211; Einfache Installation durch Filterschl\u00e4uche<br \/>\n&#8211; Geringer Energieverbrauch und gro\u00dfe Kapazit\u00e4t<br \/>\n&#8211; Lesen Sie die Bedienungsanleitung f\u00fcr die korrekte Installation<\/p>\n","protected":false},"excerpt":{"rendered":"<p>+ UV-C Unit 36 \u200b\u200bW + Green Line 12500 + Schlauch<\/p>\n<p><span class=\"ui-provider a b c d e f g h i j k l m n o p q r s t u v w x y z ab ac ae af ag ah ai aj ak\" dir=\"ltr\"><em>Dieses Produkt wird auf einer Palette (<strong>kostenloser Versand<\/strong>) per Fracht versandt. Der Spediteur wird Sie bez\u00fcglich des Lieferzeitpunkts kontaktieren.<\/em><\/span><\/p>\n","protected":false},"featured_media":21587,"comment_status":"closed","ping_status":"closed","template":"","meta":{"_acf_changed":false,"_seopress_robots_primary_cat":"none","_seopress_titles_title":"","_seopress_titles_desc":"","_seopress_robots_index":""},"product_brand":[],"product_cat":[1233,1230,1235,1143,1229],"product_tag":[],"class_list":{"0":"post-22945","1":"product","2":"type-product","3":"status-publish","4":"has-post-thumbnail","6":"product_cat-druckfilter","7":"product_cat-pumpen-und-filter","8":"product_cat-pumps","9":"product_cat-teile-und-wartung","10":"product_cat-uv-c-unit-de","11":"product_shipping_class-nl-standard-de","12":"pa_geschikt-voor-bis-zu-30-000-liter-wasser","13":"pa_heeft-filterfunctie-1-de","14":"pa_heeft-uvc-1-de","15":"pa_inhoud-clear-control-75-uv-c-unit-36-w-green-line-12500-schlange","16":"pa_inhoud-filter-75-de","17":"yith_product_brand-velda-de","18":"entry","19":"has-media","21":"first","22":"instock","23":"sale","24":"taxable","25":"shipping-taxable","26":"purchasable","27":"product-type-simple","28":"col","29":"span_1_of_4","30":"wvn-content-left","31":"wvn-thumbs-layout-vertical","32":"wvn-btn-normal","33":"wvn-tabs-layout-vertical"},"acf":[],"_links":{"self":[{"href":"https:\/\/wateryou.eu\/de\/wp-json\/wp\/v2\/product\/22945","targetHints":{"allow":["GET"]}}],"collection":[{"href":"https:\/\/wateryou.eu\/de\/wp-json\/wp\/v2\/product"}],"about":[{"href":"https:\/\/wateryou.eu\/de\/wp-json\/wp\/v2\/types\/product"}],"replies":[{"embeddable":true,"href":"https:\/\/wateryou.eu\/de\/wp-json\/wp\/v2\/comments?post=22945"}],"wp:featuredmedia":[{"embeddable":true,"href":"https:\/\/wateryou.eu\/de\/wp-json\/wp\/v2\/media\/21587"}],"wp:attachment":[{"href":"https:\/\/wateryou.eu\/de\/wp-json\/wp\/v2\/media?parent=22945"}],"wp:term":[{"taxonomy":"product_brand","embeddable":true,"href":"https:\/\/wateryou.eu\/de\/wp-json\/wp\/v2\/product_brand?post=22945"},{"taxonomy":"product_cat","embeddable":true,"href":"https:\/\/wateryou.eu\/de\/wp-json\/wp\/v2\/product_cat?post=22945"},{"taxonomy":"product_tag","embeddable":true,"href":"https:\/\/wateryou.eu\/de\/wp-json\/wp\/v2\/product_tag?post=22945"}],"curies":[{"name":"wp","href":"https:\/\/api.w.org\/{rel}","templated":true}]}}