{"id":22942,"date":"2023-04-20T13:47:40","date_gmt":"2023-04-20T11:47:40","guid":{"rendered":"https:\/\/wateryou.eu\/product\/cross-flow-biofill-set-teichfilter\/"},"modified":"2025-06-17T11:48:37","modified_gmt":"2025-06-17T09:48:37","slug":"cross-flow-biofill-set-teichfilter","status":"publish","type":"product","link":"https:\/\/wateryou.eu\/de\/produkt\/cross-flow-biofill-set-teichfilter\/","title":{"rendered":"Cross-Flow Biofill Set &#8211; Teichfilter"},"content":{"rendered":"<p>Das Velda Cross-Flow Biofill Set ist ein komplettes Filtersystem f\u00fcr Teiche bis zu 10.000 Liter. Mit diesem Set erreichen Sie schnell und einfach eine optimale Wasserfilterung. Das Set besteht aus:  <\/p>\n<p>&#8211; Cross-Flow Biofill-Durchflussfilter<br \/>\n&#8211; UV-C Einheit 18 Watt<br \/>\n&#8211; Green Line 5000 Pumpe (energieeffizient!)<br \/>\n&#8211; Bakterienfilterstart<br \/>\n&#8211; Filterschlauch 40 mm (3 m) und 50 mm (1 m) + Schlauchschellen<br \/>\n&#8211; Filtermaterialien und Armaturen<\/p>\n<p>Der Velda Cross-Flow Biofill-Filter ist speziell mit mehreren Kammern ausgestattet, die mit Filtermaterialien gef\u00fcllt sind. Die biologische Wirkung ist sehr gut, ebenso die Reinigungsleistung. Diese Eigenschaften, kombiniert mit einfacher Installation, geringem Wartungsaufwand und ultimativer Wasserfilterung, machen diesen Filter universell einsetzbar. Die Green Line Teichpumpe verf\u00fcgt \u00fcber eine gro\u00dfe F\u00f6rderleistung bei geringem Energieverbrauch. Schlie\u00dfen Sie den Filter zur Teichwasserzirkulation an eine Schmutzwasser-\/Teichpumpe an und befestigen Sie zwei Schl\u00e4uche am Ein- und Auslass des Filters. Aktivieren Sie die UV-C-Lampe und den Wasserfluss, indem Sie die Stecker in die Steckdose stecken. Lesen Sie zuerst die Anleitung!      <\/p>\n","protected":false},"excerpt":{"rendered":"<p>+ UV-C Unit 18 W + Green Line 5000 + Schlauch<\/p>\n<p><span class=\"ui-provider a b c d e f g h i j k l m n o p q r s t u v w x y z ab ac ae af ag ah ai aj ak\" dir=\"ltr\"><em>Dieses Produkt wird auf einer Palette <strong>(kostenloser Versand)<\/strong> per Fracht versandt. Der Spediteur wird Sie bez\u00fcglich des Lieferzeitpunkts kontaktieren.<\/em><\/span><\/p>\n","protected":false},"featured_media":21689,"comment_status":"closed","ping_status":"closed","template":"","meta":{"_acf_changed":false,"_seopress_robots_primary_cat":"none","_seopress_titles_title":"","_seopress_titles_desc":"","_seopress_robots_index":""},"product_brand":[],"product_cat":[1232,1230,1235,1143,1229],"product_tag":[],"class_list":{"0":"post-22942","1":"product","2":"type-product","3":"status-publish","4":"has-post-thumbnail","6":"product_cat-biofilters-de","7":"product_cat-pumpen-und-filter","8":"product_cat-pumps","9":"product_cat-teile-und-wartung","10":"product_cat-uv-c-unit-de","11":"product_shipping_class-nl-standard-de","12":"pa_geschikt-voor-bis-zu-10-000-liter-wasser","13":"pa_heeft-filterfunctie-1-de","14":"pa_heeft-uvc-1-de","15":"pa_inhoud-cross-flow-biofill-uv-c-unit-18-w-green-line-5000-schlange","16":"yith_product_brand-velda-de","17":"entry","18":"has-media","20":"first","21":"instock","22":"sale","23":"taxable","24":"shipping-taxable","25":"purchasable","26":"product-type-simple","27":"col","28":"span_1_of_4","29":"wvn-content-left","30":"wvn-thumbs-layout-vertical","31":"wvn-btn-normal","32":"wvn-tabs-layout-vertical","33":"has-no-thumbnails"},"acf":[],"_links":{"self":[{"href":"https:\/\/wateryou.eu\/de\/wp-json\/wp\/v2\/product\/22942","targetHints":{"allow":["GET"]}}],"collection":[{"href":"https:\/\/wateryou.eu\/de\/wp-json\/wp\/v2\/product"}],"about":[{"href":"https:\/\/wateryou.eu\/de\/wp-json\/wp\/v2\/types\/product"}],"replies":[{"embeddable":true,"href":"https:\/\/wateryou.eu\/de\/wp-json\/wp\/v2\/comments?post=22942"}],"wp:featuredmedia":[{"embeddable":true,"href":"https:\/\/wateryou.eu\/de\/wp-json\/wp\/v2\/media\/21689"}],"wp:attachment":[{"href":"https:\/\/wateryou.eu\/de\/wp-json\/wp\/v2\/media?parent=22942"}],"wp:term":[{"taxonomy":"product_brand","embeddable":true,"href":"https:\/\/wateryou.eu\/de\/wp-json\/wp\/v2\/product_brand?post=22942"},{"taxonomy":"product_cat","embeddable":true,"href":"https:\/\/wateryou.eu\/de\/wp-json\/wp\/v2\/product_cat?post=22942"},{"taxonomy":"product_tag","embeddable":true,"href":"https:\/\/wateryou.eu\/de\/wp-json\/wp\/v2\/product_tag?post=22942"}],"curies":[{"name":"wp","href":"https:\/\/api.w.org\/{rel}","templated":true}]}}