{"id":22937,"date":"2023-04-20T13:47:43","date_gmt":"2023-04-20T11:47:43","guid":{"rendered":"https:\/\/wateryou.eu\/product\/clear-control-25-set-druckfilter\/"},"modified":"2023-04-20T13:47:43","modified_gmt":"2023-04-20T11:47:43","slug":"clear-control-25-set-druckfilter","status":"publish","type":"product","link":"https:\/\/wateryou.eu\/de\/produkt\/clear-control-25-set-druckfilter\/","title":{"rendered":"Clear Control 25 Set &#8211; Druckfilter"},"content":{"rendered":"<p>Die Clear Control-Druckfilter sind eine ideale L\u00f6sung zur Erhaltung klaren und sauberen Teichwassers. Die Filter sind als Komplettsets f\u00fcr Teiche von 10.000, 20.000 und 30.000 Litern erh\u00e4ltlich. Jedes Set enth\u00e4lt eine UV-C-Einheit, eine Green Line Teichpumpe und einen Filterschlauch mit Filtermaterialien und Verbindungsst\u00fccken.  <\/p>\n<p>Merkmale:<br \/>\n&#8211; Ideal zur Erhaltung klaren und sauberen Teichwassers<br \/>\n&#8211; Erh\u00e4ltlich in Sets f\u00fcr Teiche mit 10.000, 20.000 und 30.000 Litern<br \/>\n&#8211; Inhalt: UV-C Unit, Green Line Teichpumpe, Filterschlauch, Filtermaterialien und Verbindungsst\u00fccke<br \/>\n&#8211; Hohe Druckfestigkeit<br \/>\n&#8211; \u00dcberbr\u00fcckung des H\u00f6henunterschieds<br \/>\n&#8211; Gro\u00dfe Kapazit\u00e4t bei geringem Energieverbrauch<br \/>\n&#8211; Einfache Installation<\/p>\n","protected":false},"excerpt":{"rendered":"<p>+ UV-C Einheit 9 W + Green Line 5000 + Schlauch<\/p>\n<p><span class=\"ui-provider a b c d e f g h i j k l m n o p q r s t u v w x y z ab ac ae af ag ah ai aj ak\" dir=\"ltr\"><em>Dieses Produkt wird auf einer Palette <strong>(kostenloser Versand) <\/strong>per Fracht versandt. Der Spediteur wird Sie bez\u00fcglich des Lieferzeitpunkts kontaktieren.<\/em><\/span><\/p>\n","protected":false},"featured_media":21576,"comment_status":"closed","ping_status":"closed","template":"","meta":{"_acf_changed":false,"_seopress_robots_primary_cat":"none","_seopress_titles_title":"","_seopress_titles_desc":"","_seopress_robots_index":""},"product_brand":[],"product_cat":[1233,1230],"product_tag":[],"class_list":{"0":"post-22937","1":"product","2":"type-product","3":"status-publish","4":"has-post-thumbnail","6":"product_cat-druckfilter","7":"product_cat-pumpen-und-filter","8":"product_shipping_class-nl-standard-de","9":"pa_geschikt-voor-bis-zu-10-000-liter-wasser","10":"pa_heeft-filterfunctie-1-de","11":"pa_heeft-uvc-1-de","12":"pa_inhoud-clear-control-25-uv-c-unit-9-w-green-line-5000-schlange","13":"pa_inhoud-filter-25-de","14":"yith_product_brand-velda-de","15":"entry","16":"has-media","18":"first","19":"instock","20":"sale","21":"taxable","22":"shipping-taxable","23":"purchasable","24":"product-type-simple","25":"col","26":"span_1_of_4","27":"wvn-content-left","28":"wvn-thumbs-layout-vertical","29":"wvn-btn-normal","30":"wvn-tabs-layout-vertical"},"acf":[],"_links":{"self":[{"href":"https:\/\/wateryou.eu\/de\/wp-json\/wp\/v2\/product\/22937","targetHints":{"allow":["GET"]}}],"collection":[{"href":"https:\/\/wateryou.eu\/de\/wp-json\/wp\/v2\/product"}],"about":[{"href":"https:\/\/wateryou.eu\/de\/wp-json\/wp\/v2\/types\/product"}],"replies":[{"embeddable":true,"href":"https:\/\/wateryou.eu\/de\/wp-json\/wp\/v2\/comments?post=22937"}],"wp:featuredmedia":[{"embeddable":true,"href":"https:\/\/wateryou.eu\/de\/wp-json\/wp\/v2\/media\/21576"}],"wp:attachment":[{"href":"https:\/\/wateryou.eu\/de\/wp-json\/wp\/v2\/media?parent=22937"}],"wp:term":[{"taxonomy":"product_brand","embeddable":true,"href":"https:\/\/wateryou.eu\/de\/wp-json\/wp\/v2\/product_brand?post=22937"},{"taxonomy":"product_cat","embeddable":true,"href":"https:\/\/wateryou.eu\/de\/wp-json\/wp\/v2\/product_cat?post=22937"},{"taxonomy":"product_tag","embeddable":true,"href":"https:\/\/wateryou.eu\/de\/wp-json\/wp\/v2\/product_tag?post=22937"}],"curies":[{"name":"wp","href":"https:\/\/api.w.org\/{rel}","templated":true}]}}