{"id":22935,"date":"2023-04-20T13:47:53","date_gmt":"2023-04-20T11:47:53","guid":{"rendered":"https:\/\/wateryou.eu\/product\/clear-control-25-uv-c-9w-druckfilter\/"},"modified":"2023-04-20T13:47:53","modified_gmt":"2023-04-20T11:47:53","slug":"clear-control-25-uv-c-9w-druckfilter","status":"publish","type":"product","link":"https:\/\/wateryou.eu\/de\/produkt\/clear-control-25-uv-c-9w-druckfilter\/","title":{"rendered":"Clear Control 25 + UV-C 9W &#8211; Druckfilter"},"content":{"rendered":"<p>Der Clear Control Druckfilter ist die perfekte L\u00f6sung f\u00fcr einen klaren Teich, Wasserfall oder Bach. Dieser Kompaktfilter ist dicht bis 1,5 Bar und f\u00fcr Teiche bis 10.000 Liter Wasser geeignet. Aufgrund seiner St\u00e4rke und Benutzerfreundlichkeit ist dieser Filter ideal zum Filtern von Teichwasser.  <\/p>\n<p>Der Clear Control Druckfilter verf\u00fcgt \u00fcber folgende Eigenschaften:<br \/>\n&#8211; 9 Watt UV-C Lampe die Schwebealgen und Keime abt\u00f6tet<br \/>\n&#8211; Japanische Matte, hochaktivierte Kohle und Filterlava, die das Wasser reinigen, indem sie Schmutz zur\u00fcckhalten<br \/>\n&#8211; Mehrpositionshahn f\u00fcr verschiedene Funktionen, einschlie\u00dflich normaler Filterung, Verabreichung von Fischmedikamenten, Entleeren des Teichs und R\u00fccksp\u00fclen<br \/>\n&#8211; Optionales Heizelement (300 Watt)<br \/>\n&#8211; Einfache Installation und Benutzerfreundlichkeit<\/p>\n","protected":false},"excerpt":{"rendered":"<p>Druckfilter mit Mehrpositionshahn + UV-C-Einheit<\/p>\n","protected":false},"featured_media":22032,"comment_status":"closed","ping_status":"closed","template":"","meta":{"_acf_changed":false,"_seopress_robots_primary_cat":"none","_seopress_titles_title":"","_seopress_titles_desc":"","_seopress_robots_index":""},"product_brand":[],"product_cat":[1233,1230],"product_tag":[],"class_list":{"0":"post-22935","1":"product","2":"type-product","3":"status-publish","4":"has-post-thumbnail","6":"product_cat-druckfilter","7":"product_cat-pumpen-und-filter","8":"product_shipping_class-nl-standard-de","9":"pa_geschikt-voor-bis-zu-10-000-liter-wasser","10":"pa_heeft-filterfunctie-1-de","11":"pa_heeft-uvc-1-de","12":"pa_inhoud-filter-25-de","13":"yith_product_brand-velda-de","14":"entry","15":"has-media","17":"first","18":"instock","19":"sale","20":"taxable","21":"shipping-taxable","22":"purchasable","23":"product-type-simple","24":"col","25":"span_1_of_4","26":"wvn-content-left","27":"wvn-thumbs-layout-vertical","28":"wvn-btn-normal","29":"wvn-tabs-layout-vertical"},"acf":[],"_links":{"self":[{"href":"https:\/\/wateryou.eu\/de\/wp-json\/wp\/v2\/product\/22935","targetHints":{"allow":["GET"]}}],"collection":[{"href":"https:\/\/wateryou.eu\/de\/wp-json\/wp\/v2\/product"}],"about":[{"href":"https:\/\/wateryou.eu\/de\/wp-json\/wp\/v2\/types\/product"}],"replies":[{"embeddable":true,"href":"https:\/\/wateryou.eu\/de\/wp-json\/wp\/v2\/comments?post=22935"}],"wp:featuredmedia":[{"embeddable":true,"href":"https:\/\/wateryou.eu\/de\/wp-json\/wp\/v2\/media\/22032"}],"wp:attachment":[{"href":"https:\/\/wateryou.eu\/de\/wp-json\/wp\/v2\/media?parent=22935"}],"wp:term":[{"taxonomy":"product_brand","embeddable":true,"href":"https:\/\/wateryou.eu\/de\/wp-json\/wp\/v2\/product_brand?post=22935"},{"taxonomy":"product_cat","embeddable":true,"href":"https:\/\/wateryou.eu\/de\/wp-json\/wp\/v2\/product_cat?post=22935"},{"taxonomy":"product_tag","embeddable":true,"href":"https:\/\/wateryou.eu\/de\/wp-json\/wp\/v2\/product_tag?post=22935"}],"curies":[{"name":"wp","href":"https:\/\/api.w.org\/{rel}","templated":true}]}}