{"id":22934,"date":"2023-04-20T13:47:47","date_gmt":"2023-04-20T11:47:47","guid":{"rendered":"https:\/\/wateryou.eu\/product\/cross-flow-biofill-uv-c-18w-teichfilter\/"},"modified":"2023-04-20T13:47:47","modified_gmt":"2023-04-20T11:47:47","slug":"cross-flow-biofill-uv-c-18w-teichfilter","status":"publish","type":"product","link":"https:\/\/wateryou.eu\/de\/produkt\/cross-flow-biofill-uv-c-18w-teichfilter\/","title":{"rendered":"Cross-Flow Biofill + UV-C 18W &#8211; Teichfilter"},"content":{"rendered":"<p>Der Velda Cross-Flow Biofill ist ein umfangreicher Mehrkammer-Durchflussfilter, ideal zur Aufrechterhaltung des biologischen Gleichgewichts in Ihrem Teich. Dieser Filter verf\u00fcgt \u00fcber eine 18-Watt-UV-C-Einheit, eine japanische Filtermatte, Aktivkohlefilter und Filtra-Sub f\u00fcr eine optimale biologische Filterung. Diese Eigenschaften, kombiniert mit der einfachen Installation, dem geringen Wartungsaufwand und der ultimativen Wasserfiltration, machen diesen Filter universell einsetzbar. Optional besteht die M\u00f6glichkeit einen Velda Pond Heater (300 Watt) zu integrieren.    <\/p>\n<p>Merkmale:<br \/>\n&#8211; 18 Watt UV-C-Einheit<br \/>\n&#8211; Japanische Filtermatte<br \/>\n&#8211; Aktivkohlefilter<br \/>\n&#8211; Filtra-Sub<br \/>\n&#8211; Einfache Installation<br \/>\n&#8211; Optional: Heizelement im Filter<br \/>\n&#8211; Optional: Komplettset mit Pumpe und Schlauch<br \/>\n&#8211; Sehr stabil durch Nylon-Schlaucht\u00fcllen und gew\u00f6lbten Deckel<br \/>\nUltimative Wasserfilterung<br \/>\n&#8211; Geringer Wartungsaufwand<\/p>\n","protected":false},"excerpt":{"rendered":"<p>kompakter Durchlauffilter + UV-C-Einheit<\/p>\n","protected":false},"featured_media":21687,"comment_status":"closed","ping_status":"closed","template":"","meta":{"_acf_changed":false,"_seopress_robots_primary_cat":"","_seopress_titles_title":"","_seopress_titles_desc":"","_seopress_robots_index":""},"product_brand":[],"product_cat":[1232,1230],"product_tag":[],"class_list":{"0":"post-22934","1":"product","2":"type-product","3":"status-publish","4":"has-post-thumbnail","6":"product_cat-biofilters-de","7":"product_cat-pumpen-und-filter","8":"product_shipping_class-nl-standard-de","9":"pa_geschikt-voor-bis-zu-10-000-liter-wasser","10":"pa_heeft-uvc-1-de","11":"yith_product_brand-velda-de","12":"entry","13":"has-media","15":"first","16":"instock","17":"sale","18":"taxable","19":"shipping-taxable","20":"purchasable","21":"product-type-simple","22":"col","23":"span_1_of_4","24":"wvn-content-left","25":"wvn-thumbs-layout-vertical","26":"wvn-btn-normal","27":"wvn-tabs-layout-vertical"},"acf":[],"_links":{"self":[{"href":"https:\/\/wateryou.eu\/de\/wp-json\/wp\/v2\/product\/22934","targetHints":{"allow":["GET"]}}],"collection":[{"href":"https:\/\/wateryou.eu\/de\/wp-json\/wp\/v2\/product"}],"about":[{"href":"https:\/\/wateryou.eu\/de\/wp-json\/wp\/v2\/types\/product"}],"replies":[{"embeddable":true,"href":"https:\/\/wateryou.eu\/de\/wp-json\/wp\/v2\/comments?post=22934"}],"wp:featuredmedia":[{"embeddable":true,"href":"https:\/\/wateryou.eu\/de\/wp-json\/wp\/v2\/media\/21687"}],"wp:attachment":[{"href":"https:\/\/wateryou.eu\/de\/wp-json\/wp\/v2\/media?parent=22934"}],"wp:term":[{"taxonomy":"product_brand","embeddable":true,"href":"https:\/\/wateryou.eu\/de\/wp-json\/wp\/v2\/product_brand?post=22934"},{"taxonomy":"product_cat","embeddable":true,"href":"https:\/\/wateryou.eu\/de\/wp-json\/wp\/v2\/product_cat?post=22934"},{"taxonomy":"product_tag","embeddable":true,"href":"https:\/\/wateryou.eu\/de\/wp-json\/wp\/v2\/product_tag?post=22934"}],"curies":[{"name":"wp","href":"https:\/\/api.w.org\/{rel}","templated":true}]}}