{"id":22931,"date":"2023-04-20T13:47:53","date_gmt":"2023-04-20T11:47:53","guid":{"rendered":"https:\/\/wateryou.eu\/product\/ready-filter-set-teichfilter-set\/"},"modified":"2023-04-20T13:47:53","modified_gmt":"2023-04-20T11:47:53","slug":"ready-filter-set-teichfilter-set","status":"publish","type":"product","link":"https:\/\/wateryou.eu\/de\/produkt\/ready-filter-set-teichfilter-set\/","title":{"rendered":"Ready Filter Set &#8211; Teichfilter-Set"},"content":{"rendered":"<p>Das Ready Filter Set ist ein komplettes, sofort einsatzbereites Teichfiltersystem. Mit diesem Set machen Sie Ihren Teich klar und gesund. Das Set besteht aus einem Kompaktfilter, einer Teichpumpe, einem Filterschlauch, einer UV-C Lampe und Filterschaum. Die Installation ist einfach, da Sie den Filter an eine Abwasser-\/Teichpumpe anschlie\u00dfen, um die Teichwasserzirkulation sicherzustellen. Die UV-C-Lampe t\u00f6tet Schwebealgen und Keime ab, w\u00e4hrend der Filterschaum grobe Schmutzpartikel entfernt. Das Ready Filter Set ist in 2 Kapazit\u00e4ten f\u00fcr Teiche bis 9.000 Liter erh\u00e4ltlich. Vergessen Sie nicht, f\u00fcr dauerhafte Ergebnisse j\u00e4hrlich eine neue UV-C-Lampe zu installieren.      <\/p>\n","protected":false},"excerpt":{"rendered":"<p>+ UV-C 9 W + Pumpe 1500 l\/h + Schlauch<\/p>\n","protected":false},"featured_media":22238,"comment_status":"closed","ping_status":"closed","template":"","meta":{"_acf_changed":false,"_seopress_robots_primary_cat":"none","_seopress_titles_title":"","_seopress_titles_desc":"","_seopress_robots_index":""},"product_brand":[],"product_cat":[1232,1230],"product_tag":[],"class_list":{"0":"post-22931","1":"product","2":"type-product","3":"status-publish","4":"has-post-thumbnail","6":"product_cat-biofilters-de","7":"product_cat-pumpen-und-filter","8":"product_shipping_class-nl-standard-de","9":"pa_geschikt-voor-bis-zu-6000-liter-wasser","10":"pa_geschikt-voor-bis-zu-9000-liter-wasser","11":"pa_heeft-filterfunctie-1-de","12":"pa_heeft-uvc-1-de","13":"pa_inhoud-ready-filter-set-6000-uv-c-9-w-pomp-1500-l-h-schlange","14":"yith_product_brand-vt-de-2","15":"entry","16":"has-media","18":"first","19":"instock","20":"sale","21":"taxable","22":"shipping-taxable","23":"purchasable","24":"product-type-variable","25":"has-default-attributes","26":"col","27":"span_1_of_4","28":"wvn-content-left","29":"wvn-thumbs-layout-vertical","30":"wvn-btn-normal","31":"wvn-tabs-layout-vertical"},"acf":[],"_links":{"self":[{"href":"https:\/\/wateryou.eu\/de\/wp-json\/wp\/v2\/product\/22931","targetHints":{"allow":["GET"]}}],"collection":[{"href":"https:\/\/wateryou.eu\/de\/wp-json\/wp\/v2\/product"}],"about":[{"href":"https:\/\/wateryou.eu\/de\/wp-json\/wp\/v2\/types\/product"}],"replies":[{"embeddable":true,"href":"https:\/\/wateryou.eu\/de\/wp-json\/wp\/v2\/comments?post=22931"}],"wp:featuredmedia":[{"embeddable":true,"href":"https:\/\/wateryou.eu\/de\/wp-json\/wp\/v2\/media\/22238"}],"wp:attachment":[{"href":"https:\/\/wateryou.eu\/de\/wp-json\/wp\/v2\/media?parent=22931"}],"wp:term":[{"taxonomy":"product_brand","embeddable":true,"href":"https:\/\/wateryou.eu\/de\/wp-json\/wp\/v2\/product_brand?post=22931"},{"taxonomy":"product_cat","embeddable":true,"href":"https:\/\/wateryou.eu\/de\/wp-json\/wp\/v2\/product_cat?post=22931"},{"taxonomy":"product_tag","embeddable":true,"href":"https:\/\/wateryou.eu\/de\/wp-json\/wp\/v2\/product_tag?post=22931"}],"curies":[{"name":"wp","href":"https:\/\/api.w.org\/{rel}","templated":true}]}}