{"id":22930,"date":"2023-04-20T13:47:57","date_gmt":"2023-04-20T11:47:57","guid":{"rendered":"https:\/\/wateryou.eu\/product\/all-in-1-filter-fountain-2\/"},"modified":"2023-04-20T13:47:57","modified_gmt":"2023-04-20T11:47:57","slug":"all-in-1-filter-fountain-2","status":"publish","type":"product","link":"https:\/\/wateryou.eu\/de\/produkt\/all-in-1-filter-fountain-2\/","title":{"rendered":"All-in-1 Filter Fountain"},"content":{"rendered":"<p>Der Filter fountain ist ein komplettes All-in-1-Produkt f\u00fcr Teiche bis zu 6000 Liter Wasser. Es sorgt f\u00fcr eine pl\u00e4tschernde Font\u00e4ne im Teich und filtert gleichzeitig das Teichwasser. Die Pumpe hat eine Leistung von 2000 l\/h und verf\u00fcgt \u00fcber eine 11 Watt UV-C Lampe. Dieser Filterbrunnen reinigt das Wasser in drei Phasen: mechanisch, biologisch und mit UV-C-Strahlung. Im Lieferumfang sind drei Aufs\u00e4tze enthalten: Einzelbrause, Doppelbrause und die Wasserglocke sowie ein Wasserfall-\/Bachanschluss. Dar\u00fcber hinaus gibt es eine LED-Stimmungsbeleuchtung mit Tag-\/Nachtsensor, die das Bild des perfekten Teichs abrundet.     <\/p>\n<p>Eigenschaften des Filter fountain:<br \/>\n&#8211; Geeignet f\u00fcr Teiche bis 6000 Liter Wasser<br \/>\n&#8211; 2000 l\/h Pumpe<br \/>\n&#8211; 11 Watt UV-C Lampe<br \/>\n&#8211; 3 Aufs\u00e4tze inklusive: Einzelbrause, Doppelbrause und Wasserglocke<br \/>\n&#8211; Wasserfall-\/Bachanschluss<br \/>\n&#8211; LED-Stimmungsbeleuchtung mit Tag-\/Nacht-Sensor<br \/>\n&#8211; Reinigung in drei Phasen: mechanisch, biologisch und mit UV-C-Strahlung<\/p>\n","protected":false},"excerpt":{"rendered":"<p>+ UV-C 11 W + pomp + LED +Tag-\/Nachtsensor<\/p>\n","protected":false},"featured_media":21605,"comment_status":"closed","ping_status":"closed","template":"","meta":{"_acf_changed":false,"_seopress_robots_primary_cat":"none","_seopress_titles_title":"","_seopress_titles_desc":"","_seopress_robots_index":""},"product_brand":[],"product_cat":[1232,1236,1230,1235],"product_tag":[],"class_list":{"0":"post-22930","1":"product","2":"type-product","3":"status-publish","4":"has-post-thumbnail","6":"product_cat-biofilters-de","7":"product_cat-brunnen","8":"product_cat-pumpen-und-filter","9":"product_cat-pumps","10":"product_shipping_class-nl-standard-de","11":"pa_formaat-2000-l-h-de","12":"pa_geschikt-voor-bis-zu-6000-liter-wasser","13":"pa_heeft-filterfunctie-1-de","14":"pa_heeft-uvc-1-de","15":"pa_heeft-verlichting-1-de","16":"pa_inhoud-all-in-1-filter-fountain-uv-c-11-w-pomp-led-tag-nachtsensor","17":"yith_product_brand-vt-de-2","18":"entry","19":"has-media","21":"first","22":"instock","23":"sale","24":"taxable","25":"shipping-taxable","26":"purchasable","27":"product-type-simple","28":"col","29":"span_1_of_4","30":"wvn-content-left","31":"wvn-thumbs-layout-vertical","32":"wvn-btn-normal","33":"wvn-tabs-layout-vertical"},"acf":[],"_links":{"self":[{"href":"https:\/\/wateryou.eu\/de\/wp-json\/wp\/v2\/product\/22930","targetHints":{"allow":["GET"]}}],"collection":[{"href":"https:\/\/wateryou.eu\/de\/wp-json\/wp\/v2\/product"}],"about":[{"href":"https:\/\/wateryou.eu\/de\/wp-json\/wp\/v2\/types\/product"}],"replies":[{"embeddable":true,"href":"https:\/\/wateryou.eu\/de\/wp-json\/wp\/v2\/comments?post=22930"}],"wp:featuredmedia":[{"embeddable":true,"href":"https:\/\/wateryou.eu\/de\/wp-json\/wp\/v2\/media\/21605"}],"wp:attachment":[{"href":"https:\/\/wateryou.eu\/de\/wp-json\/wp\/v2\/media?parent=22930"}],"wp:term":[{"taxonomy":"product_brand","embeddable":true,"href":"https:\/\/wateryou.eu\/de\/wp-json\/wp\/v2\/product_brand?post=22930"},{"taxonomy":"product_cat","embeddable":true,"href":"https:\/\/wateryou.eu\/de\/wp-json\/wp\/v2\/product_cat?post=22930"},{"taxonomy":"product_tag","embeddable":true,"href":"https:\/\/wateryou.eu\/de\/wp-json\/wp\/v2\/product_tag?post=22930"}],"curies":[{"name":"wp","href":"https:\/\/api.w.org\/{rel}","templated":true}]}}