{"id":22926,"date":"2023-04-20T13:47:57","date_gmt":"2023-04-20T11:47:57","guid":{"rendered":"https:\/\/wateryou.eu\/product\/clear-line-uv-c-filter\/"},"modified":"2023-04-20T13:47:57","modified_gmt":"2023-04-20T11:47:57","slug":"clear-line-uv-c-filter","status":"publish","type":"product","link":"https:\/\/wateryou.eu\/de\/produkt\/clear-line-uv-c-filter\/","title":{"rendered":"Clear Line UV-C filter"},"content":{"rendered":"<p>Mit dem UV-C-Filter von Velda erhalten Sie kristallklares Wasser, ein gesundes Teichmilieu und eine dauerhafte L\u00f6sung f\u00fcr gr\u00fcn tr\u00fcbes Teichwasser. Durch die UV-Strahlung werden Schwebealgen und Keime im Teich abget\u00f6tet. Der Filter ist in den Leistungsstufen 18, 36 und 55 Watt erh\u00e4ltlich und verf\u00fcgt \u00fcber ein Vorschaltger\u00e4t, das konstanten Strom f\u00fcr eine l\u00e4ngere Lebensdauer liefert, sowie \u00fcber zwei Schlauchanschl\u00fcsse f\u00fcr den Abfluss nach links oder rechts. Dar\u00fcber hinaus sind Schnellkupplungen zur einfachen Schlauchmontage und ein Schauglas zur Kontrolle der Funktion der UV-C-Lampe vorhanden. Genie\u00dfen Sie optimierte Effizienz mit dem reflektierenden Innengeh\u00e4use.     <\/p>\n<p>Zusammensetzung: Kunststoff, Kupfer, Glas. N\u00e4hrwert: k.A.<br \/>\nErg\u00e4nzungen: Ballast, Schlauchanschl\u00fcsse, Schnellkupplungen, Schauglas, reflektierendes Innengeh\u00e4use.<\/p>\n","protected":false},"excerpt":{"rendered":"<p>T\u00f6tet Schwebealgen und Keime im Teich ab.<\/p>\n","protected":false},"featured_media":22301,"comment_status":"closed","ping_status":"closed","template":"","meta":{"_acf_changed":false,"_seopress_robots_primary_cat":"none","_seopress_titles_title":"Clear Line UV-C filter - Velda - Wateryou","_seopress_titles_desc":"Mit dem UV-C-Filter erhalten Sie kristallklares Wasser, ein gesundes Teichmilieu und eine dauerhafte L\u00f6sung f\u00fcr gr\u00fcn tr\u00fcbes Teichwasser. Durch die UV-Strahlung werden Schwebealgen und Keime im Teich abget\u00f6tet. ","_seopress_robots_index":""},"product_brand":[],"product_cat":[1143,1229],"product_tag":[],"class_list":{"0":"post-22926","1":"product","2":"type-product","3":"status-publish","4":"has-post-thumbnail","6":"product_cat-teile-und-wartung","7":"product_cat-uv-c-unit-de","8":"product_shipping_class-nl-standard-de","9":"pa_formaat-18-watt-de","10":"pa_formaat-36-watt-de","11":"pa_formaat-55-watt-de","12":"pa_geschikt-voor-bis-zu-18-000-liter-wasser","13":"pa_geschikt-voor-bis-zu-27-500-liter-wasser","14":"pa_geschikt-voor-bis-zu-9000-liter-wasser","15":"pa_heeft-uvc-1-de","16":"yith_product_brand-velda-de","17":"entry","18":"has-media","20":"first","21":"instock","22":"sale","23":"taxable","24":"shipping-taxable","25":"purchasable","26":"product-type-variable","27":"has-default-attributes","28":"col","29":"span_1_of_4","30":"wvn-content-left","31":"wvn-thumbs-layout-vertical","32":"wvn-btn-normal","33":"wvn-tabs-layout-vertical"},"acf":[],"_links":{"self":[{"href":"https:\/\/wateryou.eu\/de\/wp-json\/wp\/v2\/product\/22926","targetHints":{"allow":["GET"]}}],"collection":[{"href":"https:\/\/wateryou.eu\/de\/wp-json\/wp\/v2\/product"}],"about":[{"href":"https:\/\/wateryou.eu\/de\/wp-json\/wp\/v2\/types\/product"}],"replies":[{"embeddable":true,"href":"https:\/\/wateryou.eu\/de\/wp-json\/wp\/v2\/comments?post=22926"}],"wp:featuredmedia":[{"embeddable":true,"href":"https:\/\/wateryou.eu\/de\/wp-json\/wp\/v2\/media\/22301"}],"wp:attachment":[{"href":"https:\/\/wateryou.eu\/de\/wp-json\/wp\/v2\/media?parent=22926"}],"wp:term":[{"taxonomy":"product_brand","embeddable":true,"href":"https:\/\/wateryou.eu\/de\/wp-json\/wp\/v2\/product_brand?post=22926"},{"taxonomy":"product_cat","embeddable":true,"href":"https:\/\/wateryou.eu\/de\/wp-json\/wp\/v2\/product_cat?post=22926"},{"taxonomy":"product_tag","embeddable":true,"href":"https:\/\/wateryou.eu\/de\/wp-json\/wp\/v2\/product_tag?post=22926"}],"curies":[{"name":"wp","href":"https:\/\/api.w.org\/{rel}","templated":true}]}}