{"id":22919,"date":"2023-04-20T13:48:09","date_gmt":"2023-04-20T11:48:09","guid":{"rendered":"https:\/\/wateryou.eu\/product\/green-line-2\/"},"modified":"2023-04-20T13:48:09","modified_gmt":"2023-04-20T11:48:09","slug":"green-line-2","status":"publish","type":"product","link":"https:\/\/wateryou.eu\/de\/produkt\/green-line-2\/","title":{"rendered":"Green Line"},"content":{"rendered":"<p>Die Green Line Abwasserpumpen von Velda sind nach den neuesten technischen M\u00f6glichkeiten konzipiert und bieten die qualitativ hochwertigsten Teichpumpen der Welt. Durch den geringen Energieverbrauch und den Thermoschutz gew\u00e4hrleistet diese Pumpe eine lange Lebensdauer. Die Pumpe ist multifunktional und kann Wasser mit Schmutzpartikeln bis zu 6 mm bewegen, ohne zu verstopfen. Die maximale F\u00f6rderh\u00f6he betr\u00e4gt 3,5 Meter, somit ist die Pumpe f\u00fcr Schl\u00e4uche mit einem Durchmesser von ? geeignet. 25, 32 oder 40 mm. Mit einer Leistung von 40 Watt profitieren Sie von geringen Stromkosten und diese Schmutzwasserpumpe ist perfekt geeignet f\u00fcr Filter, Wasserf\u00e4lle oder Bachl\u00e4ufe. Die Green Line Pumpen sind in 5 verschiedenen Ausf\u00fchrungen mit einer Leistung von 5.000 bis 20.000 Litern pro Stunde erh\u00e4ltlich. Die spezifischen Informationen pro Pumpe lauten wie folgt:       <\/p>\n<p>5000 l\/h: F\u00f6rderleistung 5000 Liter pro Stunde, maximale F\u00f6rderh\u00f6he 3,5 Meter, Leistung 40 Watt, Schlauchdurchmesser ? 25, 32 oder 40 mm <\/p>\n<p>8000 l\/h: F\u00f6rderleistung 8000 Liter pro Stunde, maximale F\u00f6rderh\u00f6he 4,5 Meter, Leistung 70 Watt, Schlauchdurchmesser ? 25, 32 oder 40 mm <\/p>\n<p>12500 l\/h: F\u00f6rderleistung 12500 Liter pro Stunde, maximale F\u00f6rderh\u00f6he 5,5 Meter, Leistung 110 Watt, Schlauchdurchmesser ? 32 oder 40 mm <\/p>\n<p>15000 l\/h: F\u00f6rderleistung 15000 Liter pro Stunde, maximale F\u00f6rderh\u00f6he 6,0 Meter, Leistung 135 Watt, Schlauchdurchmesser ? 32 oder 40 mm <\/p>\n<p>20000 l\/h: F\u00f6rderleistung 20000 Liter pro Stunde, maximale F\u00f6rderh\u00f6he 7,0 Meter, Leistung 200 Watt, Schlauchdurchmesser ? 32 oder 40 mm <\/p>\n<p>Die Green Line Abwasserpumpen von Velda eignen sich perfekt f\u00fcr Filter, Wasserf\u00e4lle oder Bachl\u00e4ufe. Durch den geringen Energieverbrauch und den Thermoschutz gew\u00e4hrleisten diese Pumpen eine lange Lebensdauer und niedrige Stromkosten. Die Multifunktionspumpen k\u00f6nnen Wasser mit Schmutzpartikeln bis zu 6 mm bewegen und sind in 5 verschiedenen Ausf\u00fchrungen mit einer Leistung von 5.000 bis 20.000 Litern pro Stunde erh\u00e4ltlich.  <\/p>\n","protected":false},"excerpt":{"rendered":"<p>Schmutzwasserpumpe f\u00fcr Teiche<\/p>\n","protected":false},"featured_media":22237,"comment_status":"closed","ping_status":"closed","template":"","meta":{"_acf_changed":false,"_seopress_robots_primary_cat":"none","_seopress_titles_title":"","_seopress_titles_desc":"","_seopress_robots_index":""},"product_brand":[],"product_cat":[1230,1235],"product_tag":[],"class_list":{"0":"post-22919","1":"product","2":"type-product","3":"status-publish","4":"has-post-thumbnail","6":"product_cat-pumpen-und-filter","7":"product_cat-pumps","8":"product_shipping_class-nl-standard-de","9":"pa_formaat-12500-l-h","10":"pa_formaat-15000-l-h-de","11":"pa_formaat-20000-l-h-de","12":"pa_formaat-5000-l-h-de","13":"pa_formaat-8000-l-h-de","14":"yith_product_brand-velda-de","15":"entry","16":"has-media","18":"first","19":"instock","20":"sale","21":"taxable","22":"shipping-taxable","23":"purchasable","24":"product-type-variable","25":"has-default-attributes","26":"col","27":"span_1_of_4","28":"wvn-content-left","29":"wvn-thumbs-layout-vertical","30":"wvn-btn-normal","31":"wvn-tabs-layout-vertical","32":"has-no-thumbnails"},"acf":[],"_links":{"self":[{"href":"https:\/\/wateryou.eu\/de\/wp-json\/wp\/v2\/product\/22919","targetHints":{"allow":["GET"]}}],"collection":[{"href":"https:\/\/wateryou.eu\/de\/wp-json\/wp\/v2\/product"}],"about":[{"href":"https:\/\/wateryou.eu\/de\/wp-json\/wp\/v2\/types\/product"}],"replies":[{"embeddable":true,"href":"https:\/\/wateryou.eu\/de\/wp-json\/wp\/v2\/comments?post=22919"}],"wp:featuredmedia":[{"embeddable":true,"href":"https:\/\/wateryou.eu\/de\/wp-json\/wp\/v2\/media\/22237"}],"wp:attachment":[{"href":"https:\/\/wateryou.eu\/de\/wp-json\/wp\/v2\/media?parent=22919"}],"wp:term":[{"taxonomy":"product_brand","embeddable":true,"href":"https:\/\/wateryou.eu\/de\/wp-json\/wp\/v2\/product_brand?post=22919"},{"taxonomy":"product_cat","embeddable":true,"href":"https:\/\/wateryou.eu\/de\/wp-json\/wp\/v2\/product_cat?post=22919"},{"taxonomy":"product_tag","embeddable":true,"href":"https:\/\/wateryou.eu\/de\/wp-json\/wp\/v2\/product_tag?post=22919"}],"curies":[{"name":"wp","href":"https:\/\/api.w.org\/{rel}","templated":true}]}}