{"id":22918,"date":"2023-04-20T13:48:17","date_gmt":"2023-04-20T11:48:17","guid":{"rendered":"https:\/\/wateryou.eu\/product\/floating-combi-filter-2500-2\/"},"modified":"2023-04-20T13:48:17","modified_gmt":"2023-04-20T11:48:17","slug":"floating-combi-filter-2500-2","status":"publish","type":"product","link":"https:\/\/wateryou.eu\/de\/produkt\/floating-combi-filter-2500-2\/","title":{"rendered":"Floating Combi Filter 2500"},"content":{"rendered":"<p>Der Floating Combifilter ist ein einzigartiger, schwimmender Teichfilter, der maximale Filterung bietet und kein st\u00f6rendes Element im oder um den Teich darstellt. Der Filter ist gebrauchsfertig und wird mit Filtermaterialien, darunter einem speziellen Filterschaum und einer wasserdichten UV-C-Einheit, geliefert. Der Filter schwimmt unsichtbar auf der Wasseroberfl\u00e4che, wodurch das gefilterte Wasser \u00fcber die Oberseite des Filters flie\u00dft. Dar\u00fcber hinaus ist er mit einer leistungsstarken Teichpumpe ausgestattet, die f\u00fcr klares Wasser mit guter Sauerstoffs\u00e4ttigung sorgt.   <\/p>\n<p>Spezifische Informationen:<br \/>\n&#8211; Der Floating Combifilter ist ein einzigartiger schwimmender Teichfilter<br \/>\n&#8211; Lieferung mit Filtermaterialien, darunter ein spezieller Filterschaum und eine wasserdichte UV-C-Einheit<br \/>\n&#8211; Schwimmt unsichtbar auf der Wasseroberfl\u00e4che<br \/>\n&#8211; Ausgestattet mit einer leistungsstarken Teichpumpe<br \/>\n&#8211; Sorgt f\u00fcr klares Wasser mit guter Sauerstoffs\u00e4ttigung<\/p>\n","protected":false},"excerpt":{"rendered":"<p>schwimmender Teichfilter + pomp 2500 l\/h + UV-C 13 W<\/p>\n","protected":false},"featured_media":22036,"comment_status":"closed","ping_status":"closed","template":"","meta":{"_acf_changed":false,"_seopress_robots_primary_cat":"none","_seopress_titles_title":"Floating Combi Filter 2500","_seopress_titles_desc":"Floating Combi Filter 2500","_seopress_robots_index":""},"product_brand":[],"product_cat":[1232,1230],"product_tag":[],"class_list":{"0":"post-22918","1":"product","2":"type-product","3":"status-publish","4":"has-post-thumbnail","6":"product_cat-biofilters-de","7":"product_cat-pumpen-und-filter","8":"product_shipping_class-nl-standard-de","9":"pa_geschikt-voor-bis-zu-5000-liter-wasser","10":"yith_product_brand-velda-de","11":"entry","12":"has-media","14":"first","15":"instock","16":"sale","17":"taxable","18":"shipping-taxable","19":"purchasable","20":"product-type-simple","21":"col","22":"span_1_of_4","23":"wvn-content-left","24":"wvn-thumbs-layout-vertical","25":"wvn-btn-normal","26":"wvn-tabs-layout-vertical"},"acf":[],"_links":{"self":[{"href":"https:\/\/wateryou.eu\/de\/wp-json\/wp\/v2\/product\/22918","targetHints":{"allow":["GET"]}}],"collection":[{"href":"https:\/\/wateryou.eu\/de\/wp-json\/wp\/v2\/product"}],"about":[{"href":"https:\/\/wateryou.eu\/de\/wp-json\/wp\/v2\/types\/product"}],"replies":[{"embeddable":true,"href":"https:\/\/wateryou.eu\/de\/wp-json\/wp\/v2\/comments?post=22918"}],"wp:featuredmedia":[{"embeddable":true,"href":"https:\/\/wateryou.eu\/de\/wp-json\/wp\/v2\/media\/22036"}],"wp:attachment":[{"href":"https:\/\/wateryou.eu\/de\/wp-json\/wp\/v2\/media?parent=22918"}],"wp:term":[{"taxonomy":"product_brand","embeddable":true,"href":"https:\/\/wateryou.eu\/de\/wp-json\/wp\/v2\/product_brand?post=22918"},{"taxonomy":"product_cat","embeddable":true,"href":"https:\/\/wateryou.eu\/de\/wp-json\/wp\/v2\/product_cat?post=22918"},{"taxonomy":"product_tag","embeddable":true,"href":"https:\/\/wateryou.eu\/de\/wp-json\/wp\/v2\/product_tag?post=22918"}],"curies":[{"name":"wp","href":"https:\/\/api.w.org\/{rel}","templated":true}]}}