{"id":22917,"date":"2023-04-20T13:48:37","date_gmt":"2023-04-20T11:48:37","guid":{"rendered":"https:\/\/wateryou.eu\/product\/fountain-pond-miniteich\/"},"modified":"2026-04-07T15:31:37","modified_gmt":"2026-04-07T13:31:37","slug":"fountain-pond-miniteich","status":"publish","type":"product","link":"https:\/\/wateryou.eu\/de\/produkt\/fountain-pond-miniteich\/","title":{"rendered":"Fountain Pond \/ Miniteich"},"content":{"rendered":"<p>Der Fountain Pond Miniteich ist die perfekte M\u00f6glichkeit, Ihren Garten oder Ihre Terrasse zu versch\u00f6nern! Der leichte Terrassenteich l\u00e4sst sich einfach bewegen, sodass Sie ihn an vielen Orten aufstellen k\u00f6nnen, auch im Innenbereich und auf dem Balkon. Mit dem mitgelieferten Springbrunnen bzw. Pflanzkorb ist der Teich im Handumdrehen einsatzbereit. Vervollst\u00e4ndigen Sie das Erlebnis mit dem Wasserfall, der den Miniteich mit einem sanften Pl\u00e4tschern bereichert.   <\/p>\n<p>F\u00fcr langanhaltend klares und gesundes Wasser verwenden Sie das Velda Mini-Pond Substrate Substrat. Sie k\u00f6nnen das Wasser auch durch die Zugabe von Sauerstoffpflanzen klar und algenfrei halten. Machen Sie den Springbrunnenteich mit Sumpfpflanzen zu einer echten Attraktion!  <\/p>\n","protected":false},"excerpt":{"rendered":"<p>quadratischer Terrassenteich mit Springbrunnenpumpe und Pflanzkorb<\/p>\n","protected":false},"featured_media":22260,"comment_status":"closed","ping_status":"closed","template":"","meta":{"_acf_changed":false,"_seopress_robots_primary_cat":"none","_seopress_titles_title":"Miniteich \/ fountain pond","_seopress_titles_desc":"De Fountain Pond \/ Ein Miniteich ist die perfekte M\u00f6glichkeit, Ihren Garten oder Ihre Terrasse zu versch\u00f6nern! Der leichte Terrassenteich l\u00e4sst sich einfach bewegen, sodass Sie ihn an vielen Orten aufstellen k\u00f6nnen, auch im Innenbereich und auf dem Balkon. ","_seopress_robots_index":""},"product_brand":[],"product_cat":[1236,1151,1149,1220],"product_tag":[],"class_list":{"0":"post-22917","1":"product","2":"type-product","3":"status-publish","4":"has-post-thumbnail","6":"product_cat-brunnen","7":"product_cat-dekoration-und-beleuchtung","8":"product_cat-erleben-sie","9":"product_cat-mini-teiche","10":"product_shipping_class-nl-standard-de","11":"pa_formaat-55-x-55-x-32-cm-de","12":"pa_formaat-75-x-75-x-35-cm-de","13":"pa_formaat-o-75-x-35-cm-de","14":"yith_product_brand-velda-de","15":"entry","16":"has-media","18":"first","19":"instock","20":"sale","21":"taxable","22":"shipping-taxable","23":"purchasable","24":"product-type-variable","25":"has-default-attributes","26":"col","27":"span_1_of_4","28":"wvn-content-left","29":"wvn-thumbs-layout-vertical","30":"wvn-btn-normal","31":"wvn-tabs-layout-vertical"},"acf":[],"_links":{"self":[{"href":"https:\/\/wateryou.eu\/de\/wp-json\/wp\/v2\/product\/22917","targetHints":{"allow":["GET"]}}],"collection":[{"href":"https:\/\/wateryou.eu\/de\/wp-json\/wp\/v2\/product"}],"about":[{"href":"https:\/\/wateryou.eu\/de\/wp-json\/wp\/v2\/types\/product"}],"replies":[{"embeddable":true,"href":"https:\/\/wateryou.eu\/de\/wp-json\/wp\/v2\/comments?post=22917"}],"wp:featuredmedia":[{"embeddable":true,"href":"https:\/\/wateryou.eu\/de\/wp-json\/wp\/v2\/media\/22260"}],"wp:attachment":[{"href":"https:\/\/wateryou.eu\/de\/wp-json\/wp\/v2\/media?parent=22917"}],"wp:term":[{"taxonomy":"product_brand","embeddable":true,"href":"https:\/\/wateryou.eu\/de\/wp-json\/wp\/v2\/product_brand?post=22917"},{"taxonomy":"product_cat","embeddable":true,"href":"https:\/\/wateryou.eu\/de\/wp-json\/wp\/v2\/product_cat?post=22917"},{"taxonomy":"product_tag","embeddable":true,"href":"https:\/\/wateryou.eu\/de\/wp-json\/wp\/v2\/product_tag?post=22917"}],"curies":[{"name":"wp","href":"https:\/\/api.w.org\/{rel}","templated":true}]}}