{"id":22916,"date":"2023-04-20T13:48:37","date_gmt":"2023-04-20T11:48:37","guid":{"rendered":"https:\/\/wateryou.eu\/product\/floating-mistmaker-2\/"},"modified":"2023-04-20T13:48:37","modified_gmt":"2023-04-20T11:48:37","slug":"floating-mistmaker-2","status":"publish","type":"product","link":"https:\/\/wateryou.eu\/de\/produkt\/floating-mistmaker-2\/","title":{"rendered":"Floating Mistmaker"},"content":{"rendered":"<p>Der schwimmende Nebelmacher von Velda ist ein einfach zu installierender, energieeffizienter Nebelmacher, der in Ihrem Garten eine geheimnisvolle und entspannende Atmosph\u00e4re schafft. Der Nebelmacher hat eine Eingangsspannung von 220\u2013240 V und eine Ausgangsspannung von 36 V AC. Der Nebelerzeuger verf\u00fcgt \u00fcber eine Frequenz von 50 Hz, eine Leistung von 60W und 3 D\u00fcsen f\u00fcr eine maximale Verdunstung von 900 ml\/h. Der Nebelerzeuger verf\u00fcgt au\u00dferdem \u00fcber ein robustes 2 Meter langes Kabel mit Stecker zum Transformator und ein 5 Meter langes Kabel vom Transformator zum Nebelerzeuger. Der Nebelmacher verf\u00fcgt \u00fcber einen IP68-Schutz f\u00fcr zus\u00e4tzliche Haltbarkeit. Genie\u00dfen Sie mit dem schwebenden Nebelmacher von Velda eine geheimnisvolle Atmosph\u00e4re in Ihrem Garten.<\/p>\n","protected":false},"excerpt":{"rendered":"<p>schwimmender Nebelmacher f\u00fcr eine geheimnisvolle Atmosph\u00e4re auf dem Wasser<\/p>\n","protected":false},"featured_media":21744,"comment_status":"closed","ping_status":"closed","template":"","meta":{"_acf_changed":false,"_seopress_robots_primary_cat":"","_seopress_titles_title":"Floating Mistmaker","_seopress_titles_desc":"Floating Mistmaker","_seopress_robots_index":""},"product_brand":[],"product_cat":[1151,1149],"product_tag":[],"class_list":{"0":"post-22916","1":"product","2":"type-product","3":"status-publish","4":"has-post-thumbnail","6":"product_cat-dekoration-und-beleuchtung","7":"product_cat-erleben-sie","8":"product_shipping_class-nl-standard-de","9":"pa_formaat-60-watt-de","10":"yith_product_brand-velda-de","11":"entry","12":"has-media","14":"first","15":"instock","16":"sale","17":"taxable","18":"shipping-taxable","19":"purchasable","20":"product-type-simple","21":"col","22":"span_1_of_4","23":"wvn-content-left","24":"wvn-thumbs-layout-vertical","25":"wvn-btn-normal","26":"wvn-tabs-layout-vertical"},"acf":[],"_links":{"self":[{"href":"https:\/\/wateryou.eu\/de\/wp-json\/wp\/v2\/product\/22916","targetHints":{"allow":["GET"]}}],"collection":[{"href":"https:\/\/wateryou.eu\/de\/wp-json\/wp\/v2\/product"}],"about":[{"href":"https:\/\/wateryou.eu\/de\/wp-json\/wp\/v2\/types\/product"}],"replies":[{"embeddable":true,"href":"https:\/\/wateryou.eu\/de\/wp-json\/wp\/v2\/comments?post=22916"}],"wp:featuredmedia":[{"embeddable":true,"href":"https:\/\/wateryou.eu\/de\/wp-json\/wp\/v2\/media\/21744"}],"wp:attachment":[{"href":"https:\/\/wateryou.eu\/de\/wp-json\/wp\/v2\/media?parent=22916"}],"wp:term":[{"taxonomy":"product_brand","embeddable":true,"href":"https:\/\/wateryou.eu\/de\/wp-json\/wp\/v2\/product_brand?post=22916"},{"taxonomy":"product_cat","embeddable":true,"href":"https:\/\/wateryou.eu\/de\/wp-json\/wp\/v2\/product_cat?post=22916"},{"taxonomy":"product_tag","embeddable":true,"href":"https:\/\/wateryou.eu\/de\/wp-json\/wp\/v2\/product_tag?post=22916"}],"curies":[{"name":"wp","href":"https:\/\/api.w.org\/{rel}","templated":true}]}}