{"id":22907,"date":"2023-04-20T13:48:42","date_gmt":"2023-04-20T11:48:42","guid":{"rendered":"https:\/\/wateryou.eu\/product\/uv-c-unit-velda\/"},"modified":"2023-04-20T13:48:42","modified_gmt":"2023-04-20T11:48:42","slug":"uv-c-unit-velda","status":"publish","type":"product","link":"https:\/\/wateryou.eu\/de\/produkt\/uv-c-unit-velda\/","title":{"rendered":"UV-C Unit &#8211; Velda"},"content":{"rendered":"<p>Velda UV-C-Einheiten sorgen f\u00fcr kristallklares Teichwasser und eine gesunde Umgebung f\u00fcr Fische und Wasserpflanzen. Diese Einzeleinheiten sind f\u00fcr die Druckfilter Clear Control, Cross-Flow Biofill und Giant Biofill XL konzipiert. Es funktioniert durch den Einsatz ultravioletter Strahlung, die die Zellen von Gr\u00fcnalgen und Keimen angreift.  <\/p>\n<p>Die UV-C Ger\u00e4te haben eine Leistungsaufnahme von 9, 18, 36 und 55 Watt. Die langlebigen UV-C Lampen haben eine Lebensdauer von 7500 Leistungsstufen und 55 Watt Leistung f\u00fcr die Velda Clear Control Druckfilter 75 und 100. <\/p>\n<p>Vorteile:<br \/>\n&#8211; Kristallklares Teichwasser<br \/>\n&#8211; Gesunde Umgebung f\u00fcr Fische und Wasserpflanzen<br \/>\n&#8211; Separate Einheiten f\u00fcr Clear Control Druckfilter, Cross-Flow Biofill und Giant Biofill XL<br \/>\n&#8211; Ultraviolette Strahlung, die Zellen von Gr\u00fcnalgen und Keimen angreift<br \/>\n&#8211; Erh\u00e4ltlich in 9, 18, 36 und 55 Watt<br \/>\n&#8211; Langlebige UV-C Lampen mit einer Lebensdauer von \u00fcber 7500 Brennstunden<br \/>\n&#8211; UV-C Einheit 55 Watt passend f\u00fcr Clear Control 75 und 100 Druckfilter<\/p>\n","protected":false},"excerpt":{"rendered":"<p>f\u00fcr Clear Control, Cross-Flow und Giant Biofill XL<\/p>\n","protected":false},"featured_media":22300,"comment_status":"closed","ping_status":"closed","template":"","meta":{"_acf_changed":false,"_seopress_robots_primary_cat":"none","_seopress_titles_title":"UV-C Unit Ultraviolet - Wateryou","_seopress_titles_desc":"Separate UV-C-Einheiten, entwickelt f\u00fcr die Druckfilter Clear Control, Cross-Flow Biofill und Giant Biofill XL. Wirkungsweise mittels ultravioletter Strahlung, die die Zellen von Gr\u00fcnalgen und Krankheitserregern angreift. ","_seopress_robots_index":""},"product_brand":[],"product_cat":[1143,1229],"product_tag":[],"class_list":{"0":"post-22907","1":"product","2":"type-product","3":"status-publish","4":"has-post-thumbnail","6":"product_cat-teile-und-wartung","7":"product_cat-uv-c-unit-de","8":"product_shipping_class-nl-standard-de","9":"pa_formaat-18-watt-de","10":"pa_formaat-36-watt-de","11":"pa_formaat-55-watt-de","12":"pa_formaat-9-watt-de","13":"pa_geschikt-voor-fuer-einbau","14":"yith_product_brand-velda-de","15":"entry","16":"has-media","18":"first","19":"instock","20":"sale","21":"taxable","22":"shipping-taxable","23":"purchasable","24":"product-type-variable","25":"has-default-attributes","26":"col","27":"span_1_of_4","28":"wvn-content-left","29":"wvn-thumbs-layout-vertical","30":"wvn-btn-normal","31":"wvn-tabs-layout-vertical","32":"has-no-thumbnails"},"acf":[],"_links":{"self":[{"href":"https:\/\/wateryou.eu\/de\/wp-json\/wp\/v2\/product\/22907","targetHints":{"allow":["GET"]}}],"collection":[{"href":"https:\/\/wateryou.eu\/de\/wp-json\/wp\/v2\/product"}],"about":[{"href":"https:\/\/wateryou.eu\/de\/wp-json\/wp\/v2\/types\/product"}],"replies":[{"embeddable":true,"href":"https:\/\/wateryou.eu\/de\/wp-json\/wp\/v2\/comments?post=22907"}],"wp:featuredmedia":[{"embeddable":true,"href":"https:\/\/wateryou.eu\/de\/wp-json\/wp\/v2\/media\/22300"}],"wp:attachment":[{"href":"https:\/\/wateryou.eu\/de\/wp-json\/wp\/v2\/media?parent=22907"}],"wp:term":[{"taxonomy":"product_brand","embeddable":true,"href":"https:\/\/wateryou.eu\/de\/wp-json\/wp\/v2\/product_brand?post=22907"},{"taxonomy":"product_cat","embeddable":true,"href":"https:\/\/wateryou.eu\/de\/wp-json\/wp\/v2\/product_cat?post=22907"},{"taxonomy":"product_tag","embeddable":true,"href":"https:\/\/wateryou.eu\/de\/wp-json\/wp\/v2\/product_tag?post=22907"}],"curies":[{"name":"wp","href":"https:\/\/api.w.org\/{rel}","templated":true}]}}