{"id":22900,"date":"2023-04-20T13:48:46","date_gmt":"2023-04-20T11:48:46","guid":{"rendered":"https:\/\/wateryou.eu\/product\/silenta-outdoor-beluftungspumpe\/"},"modified":"2023-04-20T13:48:46","modified_gmt":"2023-04-20T11:48:46","slug":"silenta-outdoor-beluftungspumpe","status":"publish","type":"product","link":"https:\/\/wateryou.eu\/de\/produkt\/silenta-outdoor-beluftungspumpe\/","title":{"rendered":"Silenta Outdoor &#8211; Bel\u00fcftungspumpe"},"content":{"rendered":"<p>Die Silenta Outdoor Pumpe ist die perfekte L\u00f6sung f\u00fcr die professionelle Bel\u00fcftung Ihres Teiches. Die 20 Liter pro Minute starke Luftpumpe ist regenwasserbest\u00e4ndig und befindet sich neben dem Teich. Das Set beinhaltet ein robustes Geh\u00e4use, einen faserverst\u00e4rkten Luftschlauch, einen gro\u00dfen Ausstr\u00f6merstein und einen 2-Wege-Luftverteiler. Die Luftblasen entziehen dem Wasser Sauerstoff und entfernen gleichzeitig sch\u00e4dliche Gase, die in den tiefen Wasserschichten vorhanden sind. Dadurch wird ein Ersticken der Kleinstlebewesen und Fische im Teich verhindert.    <\/p>\n<p>Die Silenta Outdoor-Pumpe ist leise und hat eine lange Lebensdauer. Im Sommer beugt es Sauerstoffmangel im Teich vor, da die Luftblasen Sauerstoff an das Wasser abgeben. Die Pumpe h\u00e4lt den Teich auch im Winter eisfrei. Durch die Wasserbewegung wird verhindert, dass das Teichwasser zufriert und die Fische ersticken.   <\/p>\n<p>Die Silenta Outdoor-Pumpe ist in f\u00fcnf Modellen erh\u00e4ltlich, n\u00e4mlich Silenta 1200, 1800, 3600, 4800 und 6000. Diese Luftpumpe ist ideal f\u00fcr die Erhaltung eines gesunden und sauberen Teichs. <\/p>\n","protected":false},"excerpt":{"rendered":"<p>ger\u00e4uscharme Luftpumpe mit gro\u00dfem Ausstr\u00f6merstein<\/p>\n","protected":false},"featured_media":22233,"comment_status":"closed","ping_status":"closed","template":"","meta":{"_acf_changed":false,"_seopress_robots_primary_cat":"none","_seopress_titles_title":"","_seopress_titles_desc":"","_seopress_robots_index":""},"product_brand":[],"product_cat":[1231,1230],"product_tag":[],"class_list":{"0":"post-22900","1":"product","2":"type-product","3":"status-publish","4":"has-post-thumbnail","6":"product_cat-beluftung","7":"product_cat-pumpen-und-filter","8":"product_shipping_class-nl-standard-de","9":"pa_formaat-15-watt-de","10":"pa_formaat-25-watt-de","11":"pa_formaat-35-watt-de","12":"pa_formaat-65-watt-de-2","13":"pa_formaat-80-watt-de","14":"pa_geschikt-voor-bis-zu-3000-liter-wasser","15":"yith_product_brand-velda-de","16":"entry","17":"has-media","19":"first","20":"instock","21":"sale","22":"taxable","23":"shipping-taxable","24":"purchasable","25":"product-type-variable","26":"has-default-attributes","27":"col","28":"span_1_of_4","29":"wvn-content-left","30":"wvn-thumbs-layout-vertical","31":"wvn-btn-normal","32":"wvn-tabs-layout-vertical"},"acf":[],"_links":{"self":[{"href":"https:\/\/wateryou.eu\/de\/wp-json\/wp\/v2\/product\/22900","targetHints":{"allow":["GET"]}}],"collection":[{"href":"https:\/\/wateryou.eu\/de\/wp-json\/wp\/v2\/product"}],"about":[{"href":"https:\/\/wateryou.eu\/de\/wp-json\/wp\/v2\/types\/product"}],"replies":[{"embeddable":true,"href":"https:\/\/wateryou.eu\/de\/wp-json\/wp\/v2\/comments?post=22900"}],"wp:featuredmedia":[{"embeddable":true,"href":"https:\/\/wateryou.eu\/de\/wp-json\/wp\/v2\/media\/22233"}],"wp:attachment":[{"href":"https:\/\/wateryou.eu\/de\/wp-json\/wp\/v2\/media?parent=22900"}],"wp:term":[{"taxonomy":"product_brand","embeddable":true,"href":"https:\/\/wateryou.eu\/de\/wp-json\/wp\/v2\/product_brand?post=22900"},{"taxonomy":"product_cat","embeddable":true,"href":"https:\/\/wateryou.eu\/de\/wp-json\/wp\/v2\/product_cat?post=22900"},{"taxonomy":"product_tag","embeddable":true,"href":"https:\/\/wateryou.eu\/de\/wp-json\/wp\/v2\/product_tag?post=22900"}],"curies":[{"name":"wp","href":"https:\/\/api.w.org\/{rel}","templated":true}]}}