{"id":22899,"date":"2023-04-20T13:48:46","date_gmt":"2023-04-20T11:48:46","guid":{"rendered":"https:\/\/wateryou.eu\/product\/pond-skimmer-pro-2\/"},"modified":"2023-04-20T13:48:46","modified_gmt":"2023-04-20T11:48:46","slug":"pond-skimmer-pro-2","status":"publish","type":"product","link":"https:\/\/wateryou.eu\/de\/produkt\/pond-skimmer-pro-2\/","title":{"rendered":"Pond Skimmer Pro"},"content":{"rendered":"<p>Der Pond Skimmer Pro ist die perfekte L\u00f6sung zum Absaugen von Schmutz von der Wasseroberfl\u00e4che. Mit eingebauter 3000 l\/h Pumpe und Schmutzbeh\u00e4lter entfernt der Skimmer Bl\u00e4tter, Zweige, Bl\u00fcten und Schmutz, w\u00e4hrend der Schaumstofffilter feine Schmutzpartikel, Pollen und Staub filtert. Der Skimmer l\u00e4sst sich \u00fcberall einfach installieren und ist f\u00fcr Teiche bis 40 m\u00b2 geeignet.  <\/p>\n<p>Merkmale:<br \/>\n&#8211; Eingebaute 3000 l\/h Pumpe<br \/>\n&#8211; Schmutzbeh\u00e4lter entfernt Bl\u00e4tter, Zweige, Bl\u00fcten und Schmutz<br \/>\n&#8211; Schaumstofffilter entfernt feine Schmutzpartikel, Pollen und Staub<br \/>\n&#8211; Geeignet f\u00fcr Teiche bis 40 m2<br \/>\n&#8211; Einfach \u00fcberall zu platzieren<br \/>\n&#8211; Beugt Problemen mit der Wasserqualit\u00e4t und Algenwachstum vor<br \/>\n&#8211; Verbessert die Sicht auf die Teichfische<\/p>\n","protected":false},"excerpt":{"rendered":"<p>schwimmender Oberfl\u00e4chenabsauger mit Pumpe<\/p>\n","protected":false},"featured_media":21713,"comment_status":"closed","ping_status":"closed","template":"","meta":{"_acf_changed":false,"_seopress_robots_primary_cat":"","_seopress_titles_title":"","_seopress_titles_desc":"","_seopress_robots_index":""},"product_brand":[],"product_cat":[1234,1230],"product_tag":[],"class_list":{"0":"post-22899","1":"product","2":"type-product","3":"status-publish","4":"has-post-thumbnail","6":"product_cat-oberflachenfilter","7":"product_cat-pumpen-und-filter","8":"product_shipping_class-nl-standard-de","9":"pa_formaat-43-watt-de","10":"pa_geschikt-voor-fuer-40-m","11":"yith_product_brand-velda-de","12":"entry","13":"has-media","15":"first","16":"instock","17":"sale","18":"taxable","19":"shipping-taxable","20":"purchasable","21":"product-type-simple","22":"col","23":"span_1_of_4","24":"wvn-content-left","25":"wvn-thumbs-layout-vertical","26":"wvn-btn-normal","27":"wvn-tabs-layout-vertical"},"acf":[],"_links":{"self":[{"href":"https:\/\/wateryou.eu\/de\/wp-json\/wp\/v2\/product\/22899","targetHints":{"allow":["GET"]}}],"collection":[{"href":"https:\/\/wateryou.eu\/de\/wp-json\/wp\/v2\/product"}],"about":[{"href":"https:\/\/wateryou.eu\/de\/wp-json\/wp\/v2\/types\/product"}],"replies":[{"embeddable":true,"href":"https:\/\/wateryou.eu\/de\/wp-json\/wp\/v2\/comments?post=22899"}],"wp:featuredmedia":[{"embeddable":true,"href":"https:\/\/wateryou.eu\/de\/wp-json\/wp\/v2\/media\/21713"}],"wp:attachment":[{"href":"https:\/\/wateryou.eu\/de\/wp-json\/wp\/v2\/media?parent=22899"}],"wp:term":[{"taxonomy":"product_brand","embeddable":true,"href":"https:\/\/wateryou.eu\/de\/wp-json\/wp\/v2\/product_brand?post=22899"},{"taxonomy":"product_cat","embeddable":true,"href":"https:\/\/wateryou.eu\/de\/wp-json\/wp\/v2\/product_cat?post=22899"},{"taxonomy":"product_tag","embeddable":true,"href":"https:\/\/wateryou.eu\/de\/wp-json\/wp\/v2\/product_tag?post=22899"}],"curies":[{"name":"wp","href":"https:\/\/api.w.org\/{rel}","templated":true}]}}