{"id":22894,"date":"2023-04-20T13:48:52","date_gmt":"2023-04-20T11:48:52","guid":{"rendered":"https:\/\/wateryou.eu\/product\/econo-pond-pump-2\/"},"modified":"2023-04-20T13:48:52","modified_gmt":"2023-04-20T11:48:52","slug":"econo-pond-pump-2","status":"publish","type":"product","link":"https:\/\/wateryou.eu\/de\/produkt\/econo-pond-pump-2\/","title":{"rendered":"Econo Pond Pump"},"content":{"rendered":"<p>Die VT Econo Teichpumpen sind die besten Abwasserpumpen in ihrem Segment. Mit ihren energieeffizienten Motoren verf\u00fcgen sie \u00fcber eine gro\u00dfe Kapazit\u00e4t bei geringem Energieverbrauch. Das spezielle, wasserdichte Geh\u00e4use ist resistent gegen grobe Schmutzpartikel, was den Reinigungs- und Wartungsaufwand auf ein Minimum reduziert. Mit den VT-H\u00e4hnen und -Verbindern (optional) kann die Wasserleistung auf mehrere Ausg\u00e4nge aufgeteilt oder die Wassermenge reduziert werden. Die Pumpen eignen sich optimal f\u00fcr den Einsatz in einer Filteranlage, einem Wasserfall oder einem Bachlauf.    <\/p>\n<p>Merkmale:<br \/>\n&#8211; Energieeffiziente Motoren mit gro\u00dfer Leistung und geringem Energieverbrauch<br \/>\n&#8211; Spezielles, wasserdichtes Geh\u00e4use, das gegen grobe Schmutzpartikel resistent ist<br \/>\n&#8211; M\u00f6glichkeit, die Wasserausgabe auf mehrere Ausl\u00e4sse aufzuteilen oder die Wasserkapazit\u00e4t zu reduzieren<br \/>\n&#8211; Geeignet f\u00fcr den Einsatz mit einer Filteranlage, einem Wasserfall oder einem Bachlauf<\/p>\n","protected":false},"excerpt":{"rendered":"<p>starke Schmutzwasser-Teichpumpe<\/p>\n","protected":false},"featured_media":22247,"comment_status":"closed","ping_status":"closed","template":"","meta":{"_acf_changed":false,"_seopress_robots_primary_cat":"none","_seopress_titles_title":"","_seopress_titles_desc":"","_seopress_robots_index":""},"product_brand":[],"product_cat":[1230,1235],"product_tag":[],"class_list":{"0":"post-22894","1":"product","2":"type-product","3":"status-publish","4":"has-post-thumbnail","6":"product_cat-pumpen-und-filter","7":"product_cat-pumps","8":"product_shipping_class-nl-standard-de","9":"pa_formaat-1950-l-h-de","10":"pa_formaat-4000-l-h-de","11":"pa_formaat-5800-l-h-de","12":"pa_formaat-8000-l-h-de","13":"pa_geschikt-voor-max-195-m-de","14":"yith_product_brand-vt-de-2","15":"entry","16":"has-media","18":"first","19":"instock","20":"sale","21":"taxable","22":"shipping-taxable","23":"purchasable","24":"product-type-variable","25":"has-default-attributes","26":"col","27":"span_1_of_4","28":"wvn-content-left","29":"wvn-thumbs-layout-vertical","30":"wvn-btn-normal","31":"wvn-tabs-layout-vertical"},"acf":[],"_links":{"self":[{"href":"https:\/\/wateryou.eu\/de\/wp-json\/wp\/v2\/product\/22894","targetHints":{"allow":["GET"]}}],"collection":[{"href":"https:\/\/wateryou.eu\/de\/wp-json\/wp\/v2\/product"}],"about":[{"href":"https:\/\/wateryou.eu\/de\/wp-json\/wp\/v2\/types\/product"}],"replies":[{"embeddable":true,"href":"https:\/\/wateryou.eu\/de\/wp-json\/wp\/v2\/comments?post=22894"}],"wp:featuredmedia":[{"embeddable":true,"href":"https:\/\/wateryou.eu\/de\/wp-json\/wp\/v2\/media\/22247"}],"wp:attachment":[{"href":"https:\/\/wateryou.eu\/de\/wp-json\/wp\/v2\/media?parent=22894"}],"wp:term":[{"taxonomy":"product_brand","embeddable":true,"href":"https:\/\/wateryou.eu\/de\/wp-json\/wp\/v2\/product_brand?post=22894"},{"taxonomy":"product_cat","embeddable":true,"href":"https:\/\/wateryou.eu\/de\/wp-json\/wp\/v2\/product_cat?post=22894"},{"taxonomy":"product_tag","embeddable":true,"href":"https:\/\/wateryou.eu\/de\/wp-json\/wp\/v2\/product_tag?post=22894"}],"curies":[{"name":"wp","href":"https:\/\/api.w.org\/{rel}","templated":true}]}}