{"id":22890,"date":"2023-04-20T13:49:12","date_gmt":"2023-04-20T11:49:12","guid":{"rendered":"https:\/\/wateryou.eu\/product\/tauchpumpe\/"},"modified":"2023-04-20T13:49:12","modified_gmt":"2023-04-20T11:49:12","slug":"tauchpumpe","status":"publish","type":"product","link":"https:\/\/wateryou.eu\/de\/produkt\/tauchpumpe\/","title":{"rendered":"Tauchpumpe"},"content":{"rendered":"<p>Die VT-Tauchpumpe mit eingebautem Schwimmer ist eine leistungsstarke L\u00f6sung zum Entfernen von Wasser aus Teichen, Wasserbecken und \u00fcberfluteten Kellern. Durch einen verstellbaren Schwimmer l\u00e4sst sich der Wasserstand kontrollieren und \u00dcberschwemmungen vorbeugen. Spezifische Merkmale des Produkts:<br \/>\n&#8211; Entleert sich bis zu einem Wasserstand von 5 mm.<br \/>\n&#8211; Gewaltige Hubh\u00f6he.<br \/>\n&#8211; Selbstansaugend.<br \/>\n&#8211; Mit eingebautem, einstellbarem Schwimmer.<br \/>\n&#8211; Geeignet zum Entfernen von Wasser mit Verunreinigungen bis maximal 5 mm (= Wassertiefe).  <\/p>\n","protected":false},"excerpt":{"rendered":"<p>selbstansaugende Tauchpumpe, interner Schwimmer<\/p>\n","protected":false},"featured_media":22262,"comment_status":"closed","ping_status":"closed","template":"","meta":{"_acf_changed":false,"_seopress_robots_primary_cat":"none","_seopress_titles_title":"Selbstansaugende Tauchpumpe mit eingebautem Schwimmer","_seopress_titles_desc":"Die selbstansaugende Tauchpumpe mit eingebautem Schwimmer ist eine leistungsstarke L\u00f6sung zum Entfernen von Wasser aus beispielsweise Teichen, Wasserbecken und \u00fcberfluteten Kellern.","_seopress_robots_index":""},"product_brand":[],"product_cat":[1230,1235],"product_tag":[1252],"class_list":{"0":"post-22890","1":"product","2":"type-product","3":"status-publish","4":"has-post-thumbnail","6":"product_cat-pumpen-und-filter","7":"product_cat-pumps","8":"product_tag-0-m-de","9":"product_shipping_class-nl-standard-de","10":"pa_formaat-11000-l-h-de","11":"pa_formaat-5000-l-h-de","12":"pa_formaat-7000-l-h-de","13":"pa_geschikt-voor-max-60-m-de","14":"yith_product_brand-vt-de-2","15":"entry","16":"has-media","18":"first","19":"instock","20":"sale","21":"taxable","22":"shipping-taxable","23":"purchasable","24":"product-type-variable","25":"has-default-attributes","26":"col","27":"span_1_of_4","28":"wvn-content-left","29":"wvn-thumbs-layout-vertical","30":"wvn-btn-normal","31":"wvn-tabs-layout-vertical","32":"has-no-thumbnails"},"acf":[],"_links":{"self":[{"href":"https:\/\/wateryou.eu\/de\/wp-json\/wp\/v2\/product\/22890","targetHints":{"allow":["GET"]}}],"collection":[{"href":"https:\/\/wateryou.eu\/de\/wp-json\/wp\/v2\/product"}],"about":[{"href":"https:\/\/wateryou.eu\/de\/wp-json\/wp\/v2\/types\/product"}],"replies":[{"embeddable":true,"href":"https:\/\/wateryou.eu\/de\/wp-json\/wp\/v2\/comments?post=22890"}],"wp:featuredmedia":[{"embeddable":true,"href":"https:\/\/wateryou.eu\/de\/wp-json\/wp\/v2\/media\/22262"}],"wp:attachment":[{"href":"https:\/\/wateryou.eu\/de\/wp-json\/wp\/v2\/media?parent=22890"}],"wp:term":[{"taxonomy":"product_brand","embeddable":true,"href":"https:\/\/wateryou.eu\/de\/wp-json\/wp\/v2\/product_brand?post=22890"},{"taxonomy":"product_cat","embeddable":true,"href":"https:\/\/wateryou.eu\/de\/wp-json\/wp\/v2\/product_cat?post=22890"},{"taxonomy":"product_tag","embeddable":true,"href":"https:\/\/wateryou.eu\/de\/wp-json\/wp\/v2\/product_tag?post=22890"}],"curies":[{"name":"wp","href":"https:\/\/api.w.org\/{rel}","templated":true}]}}