{"id":22889,"date":"2023-04-20T13:49:17","date_gmt":"2023-04-20T11:49:17","guid":{"rendered":"https:\/\/wateryou.eu\/product\/pond-protector-2\/"},"modified":"2023-04-20T13:49:17","modified_gmt":"2023-04-20T11:49:17","slug":"pond-protector-2","status":"publish","type":"product","link":"https:\/\/wateryou.eu\/de\/produkt\/pond-protector-2\/","title":{"rendered":"Pond Protector"},"content":{"rendered":"<p>Der Velda Pond Protector ist eine sehr wirksame Methode, Reiher und Katzen von Ihrem Teich fernzuhalten. Das Set besteht aus einem Transformator, 10 Kunststoffpf\u00e4hlen, 80 Metern Weidezaundraht, Verbindern und einer Anleitung. Mit diesem Set ist es m\u00f6glich, einen 40 Meter langen Zaun um den Teich zu erstellen, wobei zwei Dr\u00e4hte in unterschiedlicher H\u00f6he gespannt sind. Bei Ber\u00fchrung des Drahtes versp\u00fcren Reiher und Katzen einen unangenehmen Schock und ergreifen sofort die Flucht. Dies sch\u00fctzt Teichfische vor Reihern und Katzen, insbesondere in den Herbst- und Wintermonaten, wenn das Nahrungsangebot in der Natur geringer ist und Teichfische eine leichte Beute sind. Sch\u00fctzen Sie Ihre Teichfische mit dem Velda Pond Protector!<\/p>\n","protected":false},"excerpt":{"rendered":"<p>Elektrozaun zum Verscheuchen von Reihern und Katzen<\/p>\n","protected":false},"featured_media":22038,"comment_status":"closed","ping_status":"closed","template":"","meta":{"_acf_changed":false,"_seopress_robots_primary_cat":"none","_seopress_titles_title":"","_seopress_titles_desc":"","_seopress_robots_index":""},"product_brand":[],"product_cat":[1237,1165],"product_tag":[],"class_list":{"0":"post-22889","1":"product","2":"type-product","3":"status-publish","4":"has-post-thumbnail","6":"product_cat-fischpflege","7":"product_cat-schutz","8":"product_shipping_class-nl-standard-de","9":"pa_geschikt-voor-fuer-40-m","10":"yith_product_brand-velda-de","11":"entry","12":"has-media","14":"first","15":"instock","16":"sale","17":"taxable","18":"shipping-taxable","19":"purchasable","20":"product-type-simple","21":"col","22":"span_1_of_4","23":"wvn-content-left","24":"wvn-thumbs-layout-vertical","25":"wvn-btn-normal","26":"wvn-tabs-layout-vertical"},"acf":[],"_links":{"self":[{"href":"https:\/\/wateryou.eu\/de\/wp-json\/wp\/v2\/product\/22889","targetHints":{"allow":["GET"]}}],"collection":[{"href":"https:\/\/wateryou.eu\/de\/wp-json\/wp\/v2\/product"}],"about":[{"href":"https:\/\/wateryou.eu\/de\/wp-json\/wp\/v2\/types\/product"}],"replies":[{"embeddable":true,"href":"https:\/\/wateryou.eu\/de\/wp-json\/wp\/v2\/comments?post=22889"}],"wp:featuredmedia":[{"embeddable":true,"href":"https:\/\/wateryou.eu\/de\/wp-json\/wp\/v2\/media\/22038"}],"wp:attachment":[{"href":"https:\/\/wateryou.eu\/de\/wp-json\/wp\/v2\/media?parent=22889"}],"wp:term":[{"taxonomy":"product_brand","embeddable":true,"href":"https:\/\/wateryou.eu\/de\/wp-json\/wp\/v2\/product_brand?post=22889"},{"taxonomy":"product_cat","embeddable":true,"href":"https:\/\/wateryou.eu\/de\/wp-json\/wp\/v2\/product_cat?post=22889"},{"taxonomy":"product_tag","embeddable":true,"href":"https:\/\/wateryou.eu\/de\/wp-json\/wp\/v2\/product_tag?post=22889"}],"curies":[{"name":"wp","href":"https:\/\/api.w.org\/{rel}","templated":true}]}}