{"id":22888,"date":"2023-04-20T13:49:17","date_gmt":"2023-04-20T11:49:17","guid":{"rendered":"https:\/\/wateryou.eu\/product\/garden-protector-2\/"},"modified":"2026-04-28T03:30:04","modified_gmt":"2026-04-28T01:30:04","slug":"garden-protector-2","status":"publish","type":"product","link":"https:\/\/wateryou.eu\/de\/produkt\/garden-protector-2\/","title":{"rendered":"Garden Protector"},"content":{"rendered":"<p>Der Garden Protector ist ein Komplettset zum Schutz Ihres Gartens und Ihrer Voliere vor unerw\u00fcnschten Eindringlingen. Das Set besteht aus einem Weidezaunger\u00e4t, das elektrische Impulse an den Leitdraht des Zauns sendet. Bei der Ber\u00fchrung beider Dr\u00e4hte versp\u00fcrt das Tier einen Schock und weicht instinktiv aus. Sicher f\u00fcr Mensch und Tier.<\/p>\n<p>Spezifische Informationen:<br \/>\n&#8211; Elektrozaunger\u00e4t erzeugt elektrische Impulse<br \/>\n&#8211; 10 kurze Isolatoren + 10 lange Isolatoren f\u00fcr Z\u00e4une in 2 H\u00f6hen<br \/>\n&#8211; 80 Meter Elektrozaun zum Schutz von 40 m mit 2 Dr\u00e4hten<br \/>\n&#8211; Metallischer Erdungsstift zur ordnungsgem\u00e4\u00dfen Erdung der Installation<\/p>\n","protected":false},"excerpt":{"rendered":"<p>Elektrozaun zum Schutz des Gartens vor Eindringlingen<\/p>\n","protected":false},"featured_media":22039,"comment_status":"closed","ping_status":"closed","template":"","meta":{"_acf_changed":false,"_seopress_robots_primary_cat":"none","_seopress_titles_title":"","_seopress_titles_desc":"","_seopress_robots_index":""},"product_brand":[],"product_cat":[1237,1165],"product_tag":[],"class_list":{"0":"post-22888","1":"product","2":"type-product","3":"status-publish","4":"has-post-thumbnail","6":"product_cat-fischpflege","7":"product_cat-schutz","8":"product_shipping_class-nl-standard-de","9":"pa_geschikt-voor-fuer-40-m","10":"yith_product_brand-velda-de","11":"entry","12":"has-media","14":"first","15":"instock","16":"sale","17":"taxable","18":"shipping-taxable","19":"purchasable","20":"product-type-simple","21":"has-rating","22":"col","23":"span_1_of_4","24":"wvn-content-left","25":"wvn-thumbs-layout-vertical","26":"wvn-btn-normal","27":"wvn-tabs-layout-vertical"},"acf":[],"_links":{"self":[{"href":"https:\/\/wateryou.eu\/de\/wp-json\/wp\/v2\/product\/22888","targetHints":{"allow":["GET"]}}],"collection":[{"href":"https:\/\/wateryou.eu\/de\/wp-json\/wp\/v2\/product"}],"about":[{"href":"https:\/\/wateryou.eu\/de\/wp-json\/wp\/v2\/types\/product"}],"replies":[{"embeddable":true,"href":"https:\/\/wateryou.eu\/de\/wp-json\/wp\/v2\/comments?post=22888"}],"wp:featuredmedia":[{"embeddable":true,"href":"https:\/\/wateryou.eu\/de\/wp-json\/wp\/v2\/media\/22039"}],"wp:attachment":[{"href":"https:\/\/wateryou.eu\/de\/wp-json\/wp\/v2\/media?parent=22888"}],"wp:term":[{"taxonomy":"product_brand","embeddable":true,"href":"https:\/\/wateryou.eu\/de\/wp-json\/wp\/v2\/product_brand?post=22888"},{"taxonomy":"product_cat","embeddable":true,"href":"https:\/\/wateryou.eu\/de\/wp-json\/wp\/v2\/product_cat?post=22888"},{"taxonomy":"product_tag","embeddable":true,"href":"https:\/\/wateryou.eu\/de\/wp-json\/wp\/v2\/product_tag?post=22888"}],"curies":[{"name":"wp","href":"https:\/\/api.w.org\/{rel}","templated":true}]}}