{"id":22887,"date":"2023-04-20T13:49:41","date_gmt":"2023-04-20T11:49:41","guid":{"rendered":"https:\/\/wateryou.eu\/product\/teichbeleuchtung-3x-led-spots\/"},"modified":"2023-04-20T13:49:41","modified_gmt":"2023-04-20T11:49:41","slug":"teichbeleuchtung-3x-led-spots","status":"publish","type":"product","link":"https:\/\/wateryou.eu\/de\/produkt\/teichbeleuchtung-3x-led-spots\/","title":{"rendered":"Teichbeleuchtung 3x LED Spots"},"content":{"rendered":"<p>Verl\u00e4ngern Sie Ihren Teichspa\u00df mit der wasserdichten LED-Beleuchtung von VT! Dieses Set aus 3 Strahlern ist f\u00fcr Teiche konzipiert und l\u00e4sst sich einfach und ohne Montage im oder um den Teich herum platzieren. Die Pond LED Lights sorgen abends f\u00fcr einen spektakul\u00e4ren Blick auf die Unterwasserwelt im Teich.  <\/p>\n<p>Mit dieser Beleuchtung k\u00f6nnen Sie die Atmosph\u00e4re rund um das Wasserspiel noch lange nach Sonnenuntergang genie\u00dfen. Die Hauptmerkmale dieses Sets von Lichtspots sind: <\/p>\n<p>&#8211; Transformer: 12VAC 4W<br \/>\n&#8211; Failure: &lt; 5% 1000 hours<br \/>\n&#8211; Failure: &lt; 10% 6000 hours<br \/>\n&#8211; Flux: &gt; 80% 6000 hours<br \/>\n&#8211; Color Rendering Index: &gt; 65<br \/>\n&#8211; Power Factor: &gt; 0.5<br \/>\n&#8211; kWh\/1000 hours: 4W<br \/>\n&#8211; Beam angle: 30\u00b0<br \/>\n&#8211; Protection: IP68<\/p>\n","protected":false},"excerpt":{"rendered":"<p>Stimmungsvolles Unterwasser-Scheinwerfer-Set<\/p>\n","protected":false},"featured_media":21754,"comment_status":"closed","ping_status":"closed","template":"","meta":{"_acf_changed":false,"_seopress_robots_primary_cat":"none","_seopress_titles_title":"Teichbeleuchtung 3x LED Spots","_seopress_titles_desc":"Set mit 3 Strahlern, f\u00fcr Teiche konzipiert und einfach im\/um den Teich herum zu platzieren (ohne Montage). Die Pond LED Lights sorgen abends f\u00fcr einen wundersch\u00f6nen Blick auf die Unterwasserwelt im Teich. ","_seopress_robots_index":""},"product_brand":[],"product_cat":[1155,1151,1149],"product_tag":[1256],"class_list":{"0":"post-22887","1":"product","2":"type-product","3":"status-publish","4":"has-post-thumbnail","6":"product_cat-beleuchtung","7":"product_cat-dekoration-und-beleuchtung","8":"product_cat-erleben-sie","9":"product_tag-3-stuks-de","10":"product_shipping_class-nl-standard-de","11":"pa_formaat-4-5-watt-de","12":"pa_geschikt-voor-3-stuks-de","13":"yith_product_brand-velda-de","14":"entry","15":"has-media","17":"first","18":"outofstock","19":"sale","20":"taxable","21":"shipping-taxable","22":"purchasable","23":"product-type-simple","24":"col","25":"span_1_of_4","26":"wvn-content-left","27":"wvn-thumbs-layout-vertical","28":"wvn-btn-normal","29":"wvn-tabs-layout-vertical"},"acf":[],"_links":{"self":[{"href":"https:\/\/wateryou.eu\/de\/wp-json\/wp\/v2\/product\/22887","targetHints":{"allow":["GET"]}}],"collection":[{"href":"https:\/\/wateryou.eu\/de\/wp-json\/wp\/v2\/product"}],"about":[{"href":"https:\/\/wateryou.eu\/de\/wp-json\/wp\/v2\/types\/product"}],"replies":[{"embeddable":true,"href":"https:\/\/wateryou.eu\/de\/wp-json\/wp\/v2\/comments?post=22887"}],"wp:featuredmedia":[{"embeddable":true,"href":"https:\/\/wateryou.eu\/de\/wp-json\/wp\/v2\/media\/21754"}],"wp:attachment":[{"href":"https:\/\/wateryou.eu\/de\/wp-json\/wp\/v2\/media?parent=22887"}],"wp:term":[{"taxonomy":"product_brand","embeddable":true,"href":"https:\/\/wateryou.eu\/de\/wp-json\/wp\/v2\/product_brand?post=22887"},{"taxonomy":"product_cat","embeddable":true,"href":"https:\/\/wateryou.eu\/de\/wp-json\/wp\/v2\/product_cat?post=22887"},{"taxonomy":"product_tag","embeddable":true,"href":"https:\/\/wateryou.eu\/de\/wp-json\/wp\/v2\/product_tag?post=22887"}],"curies":[{"name":"wp","href":"https:\/\/api.w.org\/{rel}","templated":true}]}}