{"id":22884,"date":"2023-04-20T13:49:45","date_gmt":"2023-04-20T11:49:45","guid":{"rendered":"https:\/\/wateryou.eu\/product\/box-filter-4000-oder-7000\/"},"modified":"2023-04-20T13:49:45","modified_gmt":"2023-04-20T11:49:45","slug":"box-filter-4000-oder-7000","status":"publish","type":"product","link":"https:\/\/wateryou.eu\/de\/produkt\/box-filter-4000-oder-7000\/","title":{"rendered":"Box Filter &#8211; 4000 oder 7000"},"content":{"rendered":"<p>Unsere Boxfilter-Sets bieten ein kompaktes System zur Filterung von Teichwasser. Mit feinem und grobem Filterschaum, Filtra-Sub in Kombination mit einer Teichpumpe zur Umw\u00e4lzung wird eine optimale biologische Filterung gew\u00e4hrleistet. Die Installation ist einfach und er ist in zwei Versionen mit einem Fassungsverm\u00f6gen von 4000 und 7000 Litern erh\u00e4ltlich. (auch als Set inkl. Pumpe erh\u00e4ltlich) www.wateryou.eu\/product\/box-filter-set\/   <\/p>\n<p>Kastenfilter 4000 |<br \/>\n-Kapazit\u00e4t: bis zu 4000 Liter Wasser<br \/>\n-Filtermedien: Filterschaum (fein und grob) + Filtra-Sub<\/p>\n<p>Kastenfilter 7000 |<br \/>\n-Kapazit\u00e4t: bis zu 7000 Liter Wasser<br \/>\n-Filtermedien: Filterschaum (fein und grob) + Filtra-Sub<\/p>\n<p>Mit unserem Boxfilter erhalten Sie einen Qualit\u00e4tsfilter zur optimalen Filterung von Teichwasser. Es ist einfach zu installieren (in Kombination mit einer Pumpe) und bietet ein Fassungsverm\u00f6gen von 4000 oder 7000 Litern. Jede Box enth\u00e4lt Filterschaum (fein und grob) und Filtra-Sub zur biologischen Filterung.  <\/p>\n","protected":false},"excerpt":{"rendered":"<p>kompakter Teichfilter mit Filtermaterialien<\/p>\n","protected":false},"featured_media":22286,"comment_status":"closed","ping_status":"closed","template":"","meta":{"_acf_changed":false,"_seopress_robots_primary_cat":"none","_seopress_titles_title":"Box Filter - 4000\/7000 - Wateryou","_seopress_titles_desc":"Box Filterset bietet ein kompaktes System zum Filtern von Teichwasser. Mit Filterschaum und Filtra-Sub haben Sie eine gute Basis f\u00fcr eine optimale biologische Filterung. ","_seopress_robots_index":""},"product_brand":[],"product_cat":[1232],"product_tag":[],"class_list":{"0":"post-22884","1":"product","2":"type-product","3":"status-publish","4":"has-post-thumbnail","6":"product_cat-biofilters-de","7":"product_shipping_class-nl-standard-de","8":"pa_geschikt-voor-bis-zu-4000-liter-wasser","9":"pa_geschikt-voor-bis-zu-7000-liter-wasser","10":"yith_product_brand-vt-de-2","11":"entry","12":"has-media","14":"first","15":"instock","16":"sale","17":"taxable","18":"shipping-taxable","19":"purchasable","20":"product-type-variable","21":"has-default-attributes","22":"col","23":"span_1_of_4","24":"wvn-content-left","25":"wvn-thumbs-layout-vertical","26":"wvn-btn-normal","27":"wvn-tabs-layout-vertical"},"acf":[],"_links":{"self":[{"href":"https:\/\/wateryou.eu\/de\/wp-json\/wp\/v2\/product\/22884","targetHints":{"allow":["GET"]}}],"collection":[{"href":"https:\/\/wateryou.eu\/de\/wp-json\/wp\/v2\/product"}],"about":[{"href":"https:\/\/wateryou.eu\/de\/wp-json\/wp\/v2\/types\/product"}],"replies":[{"embeddable":true,"href":"https:\/\/wateryou.eu\/de\/wp-json\/wp\/v2\/comments?post=22884"}],"wp:featuredmedia":[{"embeddable":true,"href":"https:\/\/wateryou.eu\/de\/wp-json\/wp\/v2\/media\/22286"}],"wp:attachment":[{"href":"https:\/\/wateryou.eu\/de\/wp-json\/wp\/v2\/media?parent=22884"}],"wp:term":[{"taxonomy":"product_brand","embeddable":true,"href":"https:\/\/wateryou.eu\/de\/wp-json\/wp\/v2\/product_brand?post=22884"},{"taxonomy":"product_cat","embeddable":true,"href":"https:\/\/wateryou.eu\/de\/wp-json\/wp\/v2\/product_cat?post=22884"},{"taxonomy":"product_tag","embeddable":true,"href":"https:\/\/wateryou.eu\/de\/wp-json\/wp\/v2\/product_tag?post=22884"}],"curies":[{"name":"wp","href":"https:\/\/api.w.org\/{rel}","templated":true}]}}