{"id":22883,"date":"2023-04-20T13:50:01","date_gmt":"2023-04-20T11:50:01","guid":{"rendered":"https:\/\/wateryou.eu\/product\/welkin-unterwasserbeleuchtung\/"},"modified":"2026-03-08T08:10:52","modified_gmt":"2026-03-08T07:10:52","slug":"welkin-unterwasserbeleuchtung","status":"publish","type":"product","link":"https:\/\/wateryou.eu\/de\/produkt\/welkin-unterwasserbeleuchtung\/","title":{"rendered":"Welkin Unterwasserbeleuchtung"},"content":{"rendered":"<p>Velda stellt das Welkin Perfect Pond Light vor, eine Unterwasserbeleuchtung f\u00fcr Teiche, die den Spa\u00df bis in die sp\u00e4ten Stunden verl\u00e4ngert. Die verstellbaren LED-Lampen imitieren die Spiegelung des Sternenhimmels und verleihen Ihrem Teich ein wundersch\u00f6nes Aussehen. <\/p>\n<p>Das Welkin Perfect Pond Light ist aus hochwertigen Materialien f\u00fcr eine lange Lebensdauer gefertigt. Es verf\u00fcgt \u00fcber einen Leistungsfaktor von \u00fcber 0,5, eine Brenndauer von 10.000 Stunden, einen 12 VDC 3W Transformator, ein nicht dimmbares Kabel von 5 m, einen Farbwiedergabeindex von \u00fcber 65 und einen Lichtstrom von \u00fcber 80 % bei 6000 Stunden. Die Abmessungen betragen \u00d8 120 mm x 400 mm. Diese Beleuchtung weist eine hervorragende Leistung auf, mit sofortigem vollem Licht und einer Ausfallrate von weniger als 5 % nach 1000 Stunden und weniger als 10 % nach 6000 Stunden.   <\/p>\n","protected":false},"excerpt":{"rendered":"<p>Einstellbare stimmungsvolle Unterwasserbeleuchtung<\/p>\n","protected":false},"featured_media":21756,"comment_status":"closed","ping_status":"closed","template":"","meta":{"_acf_changed":false,"_seopress_robots_primary_cat":"none","_seopress_titles_title":"Welkin Unterwasserbeleuchtung","_seopress_titles_desc":"Welkin, speziell f\u00fcr Teiche entwickelte Unterwasserbeleuchtung. Diese LED-Gl\u00fchbirne ist aus hochwertigen Materialien f\u00fcr eine lange Lebensdauer gefertigt. ","_seopress_robots_index":""},"product_brand":[],"product_cat":[1155],"product_tag":[1266],"class_list":{"0":"post-22883","1":"product","2":"type-product","3":"status-publish","4":"has-post-thumbnail","6":"product_cat-beleuchtung","7":"product_tag-13-leds-de","8":"product_shipping_class-nl-standard-de","9":"pa_geschikt-voor-13-leds-de","10":"yith_product_brand-velda-de","11":"entry","12":"has-media","14":"first","15":"instock","16":"taxable","17":"shipping-taxable","18":"purchasable","19":"product-type-simple","20":"col","21":"span_1_of_4","22":"wvn-content-left","23":"wvn-thumbs-layout-vertical","24":"wvn-btn-normal","25":"wvn-tabs-layout-vertical"},"acf":[],"_links":{"self":[{"href":"https:\/\/wateryou.eu\/de\/wp-json\/wp\/v2\/product\/22883","targetHints":{"allow":["GET"]}}],"collection":[{"href":"https:\/\/wateryou.eu\/de\/wp-json\/wp\/v2\/product"}],"about":[{"href":"https:\/\/wateryou.eu\/de\/wp-json\/wp\/v2\/types\/product"}],"replies":[{"embeddable":true,"href":"https:\/\/wateryou.eu\/de\/wp-json\/wp\/v2\/comments?post=22883"}],"wp:featuredmedia":[{"embeddable":true,"href":"https:\/\/wateryou.eu\/de\/wp-json\/wp\/v2\/media\/21756"}],"wp:attachment":[{"href":"https:\/\/wateryou.eu\/de\/wp-json\/wp\/v2\/media?parent=22883"}],"wp:term":[{"taxonomy":"product_brand","embeddable":true,"href":"https:\/\/wateryou.eu\/de\/wp-json\/wp\/v2\/product_brand?post=22883"},{"taxonomy":"product_cat","embeddable":true,"href":"https:\/\/wateryou.eu\/de\/wp-json\/wp\/v2\/product_cat?post=22883"},{"taxonomy":"product_tag","embeddable":true,"href":"https:\/\/wateryou.eu\/de\/wp-json\/wp\/v2\/product_tag?post=22883"}],"curies":[{"name":"wp","href":"https:\/\/api.w.org\/{rel}","templated":true}]}}