{"id":22881,"date":"2023-04-20T13:50:09","date_gmt":"2023-04-20T11:50:09","guid":{"rendered":"https:\/\/wateryou.eu\/product\/japanische-matte-fein\/"},"modified":"2023-04-20T13:50:09","modified_gmt":"2023-04-20T11:50:09","slug":"japanische-matte-fein","status":"publish","type":"product","link":"https:\/\/wateryou.eu\/de\/produkt\/japanische-matte-fein\/","title":{"rendered":"Japanische Matte fein"},"content":{"rendered":"<p>Velda Cross-Flow Biofill Durchflussfilter:<br \/>\n&#8211; 18 Watt UV-C Einheit zur Abt\u00f6tung von Schwebealgen und Keimen<br \/>\n&#8211; Japanische Filtermatte entfernt grobe Schmutzpartikel<br \/>\n&#8211; Aktivkohlefilter absorbiert feine Schmutzpartikel<br \/>\n&#8211; Filtra-Sub f\u00fcr optimale biologische Filterung<br \/>\n&#8211; Optionales Heizelement (300 Watt)<br \/>\n&#8211; Optionales Komplettset mit Pumpe und Schlauch<br \/>\n&#8211; Einfache Installation<br \/>\n&#8211; Extrem stabil durch Nylon-Schlaucht\u00fcllen und gew\u00f6lbten Deckel<br \/>\n&#8211; Universell einsetzbar<\/p>\n<p>Mit dem Cross-Flow Biofill Filter von Velda wird das Teichwasser sowohl mechanisch als auch biologisch gefiltert. Die 18 Watt UV-C-Einheit t\u00f6tet Schwebealgen und Keime ab und die japanische Filtermatte entfernt grobe Schmutzpartikel. Zus\u00e4tzlich absorbiert die Aktivkohle des Filters feine Schmutzpartikel. Der Filtra-Sub sorgt f\u00fcr eine optimale biologische Filterung und das Heizelement (optional 300 Watt) stimuliert die Aktivit\u00e4t der Mikroorganismen. Durch die Nylon-Schlaucht\u00fcllen und den gew\u00f6lbten Deckel ist der Cross-Flow Biofill \u00e4u\u00dferst stabil, universell einsetzbar und einfach zu installieren. Schlie\u00dfen Sie den Filter zur Teichwasserzirkulation an eine Abwasser-\/Teichpumpe an. Mit dem Cross-Flow Biofill wird und bleibt das Teichwasser kristallklar und gesund.      <\/p>\n","protected":false},"excerpt":{"rendered":"<p>auswechselbare Filtermatte Fein<\/p>\n","protected":false},"featured_media":21690,"comment_status":"closed","ping_status":"closed","template":"","meta":{"_acf_changed":false,"_seopress_robots_primary_cat":"none","_seopress_titles_title":"Japanische Filtermatte Fein, universell einsetzbar","_seopress_titles_desc":"Universell einsetzbar, einfache Installation f\u00fcr ultimative Wasserfiltration","_seopress_robots_index":""},"product_brand":[],"product_cat":[1232,1137,1120,1148],"product_tag":[],"class_list":{"0":"post-22881","1":"product","2":"type-product","3":"status-publish","4":"has-post-thumbnail","6":"product_cat-biofilters-de","7":"product_cat-filter-materialien","8":"product_cat-nicht-kategorisiert","9":"product_cat-wartung","10":"product_shipping_class-nl-standard-de","11":"pa_geschikt-voor-fuer-cross-flow-biofill","12":"yith_product_brand-velda-de","13":"entry","14":"has-media","16":"first","17":"instock","18":"taxable","19":"shipping-taxable","20":"purchasable","21":"product-type-simple","22":"col","23":"span_1_of_4","24":"wvn-content-left","25":"wvn-thumbs-layout-vertical","26":"wvn-btn-normal","27":"wvn-tabs-layout-vertical","28":"has-no-thumbnails"},"acf":[],"_links":{"self":[{"href":"https:\/\/wateryou.eu\/de\/wp-json\/wp\/v2\/product\/22881","targetHints":{"allow":["GET"]}}],"collection":[{"href":"https:\/\/wateryou.eu\/de\/wp-json\/wp\/v2\/product"}],"about":[{"href":"https:\/\/wateryou.eu\/de\/wp-json\/wp\/v2\/types\/product"}],"replies":[{"embeddable":true,"href":"https:\/\/wateryou.eu\/de\/wp-json\/wp\/v2\/comments?post=22881"}],"wp:featuredmedia":[{"embeddable":true,"href":"https:\/\/wateryou.eu\/de\/wp-json\/wp\/v2\/media\/21690"}],"wp:attachment":[{"href":"https:\/\/wateryou.eu\/de\/wp-json\/wp\/v2\/media?parent=22881"}],"wp:term":[{"taxonomy":"product_brand","embeddable":true,"href":"https:\/\/wateryou.eu\/de\/wp-json\/wp\/v2\/product_brand?post=22881"},{"taxonomy":"product_cat","embeddable":true,"href":"https:\/\/wateryou.eu\/de\/wp-json\/wp\/v2\/product_cat?post=22881"},{"taxonomy":"product_tag","embeddable":true,"href":"https:\/\/wateryou.eu\/de\/wp-json\/wp\/v2\/product_tag?post=22881"}],"curies":[{"name":"wp","href":"https:\/\/api.w.org\/{rel}","templated":true}]}}