{"id":22877,"date":"2023-04-20T13:51:08","date_gmt":"2023-04-20T11:51:08","guid":{"rendered":"https:\/\/wateryou.eu\/product\/pond-net-daphnia-teichnetz\/"},"modified":"2025-11-30T23:50:13","modified_gmt":"2025-11-30T22:50:13","slug":"pond-net-daphnia-teichnetz","status":"publish","type":"product","link":"https:\/\/wateryou.eu\/de\/produkt\/pond-net-daphnia-teichnetz\/","title":{"rendered":"Pond Net Daphnia &#8211; Teichnetz"},"content":{"rendered":"<p>Die Teichnetze von Velda sind die perfekte L\u00f6sung f\u00fcr die Pflege Ihres Teiches. Diese Kescher haben eine lange Lebensdauer und k\u00f6nnen Bl\u00e4tter, Zweige und Schmutz problemlos aus dem Teich entfernen. Der Teleskopstiel ist bis auf 180 cm ausziehbar, sodass Sie bequem an das Netz gelangen.  <\/p>\n<p>Die Netze sind in verschiedenen Formen und Gr\u00f6\u00dfen erh\u00e4ltlich, darunter auch Daphniennetze mit feinmaschigem Gewebe, die sich perfekt zum Aufsammeln von Pollen und kleinen Zweigen\/Bl\u00e4ttern eignen. Die grobmaschigen Netze eignen sich zum Aussetzen und Fangen von Fischen, aber auch zum Entfernen von Laub. W\u00e4hlen Sie die Form, die am besten zum Einsatzzweck passt; eckig f\u00fcr glatte Teiche, rund f\u00fcr Naturteiche zum Beispiel.  <\/p>\n<p>Der Rahmen ist stabil und unsichtbar in das Netz integriert, sodass Netzsch\u00e4den der Vergangenheit angeh\u00f6ren. Die auff\u00e4lligen gr\u00fcnen Linien im Netz sorgen f\u00fcr gute Sichtbarkeit unter Wasser. Zusammensetzung: Polyester, Stahl  <\/p>\n<p>Mit den Teichkeschern von Velda haben Sie das richtige Werkzeug zur Pflege Ihres Teiches. W\u00e4hlen Sie aus unseren unterschiedlichen Typen und Gr\u00f6\u00dfen und profitieren Sie von der hohen Qualit\u00e4t, Robustheit und langen Lebensdauer. <\/p>\n","protected":false},"excerpt":{"rendered":"<p>feinmaschiger wei\u00dfer Kescher mit Teleskopstiel<\/p>\n","protected":false},"featured_media":22042,"comment_status":"closed","ping_status":"closed","template":"","meta":{"_acf_changed":false,"_seopress_robots_primary_cat":"none","_seopress_titles_title":"","_seopress_titles_desc":"","_seopress_robots_index":""},"product_brand":[],"product_cat":[1183,1148],"product_tag":[1193],"class_list":{"0":"post-22877","1":"product","2":"type-product","3":"status-publish","4":"has-post-thumbnail","6":"product_cat-setzkescher","7":"product_cat-wartung","8":"product_tag-teichnetz","9":"product_shipping_class-nl-standard-de","10":"pa_diameter-o-25-cm-de","11":"pa_formaat-o-25-cm-de","12":"pa_formaat-o-35-cm-de","13":"pa_formaat-quadrat-35-cm","14":"yith_product_brand-velda-de","15":"entry","16":"has-media","18":"first","19":"instock","20":"taxable","21":"shipping-taxable","22":"purchasable","23":"product-type-variable","24":"col","25":"span_1_of_4","26":"wvn-content-left","27":"wvn-thumbs-layout-vertical","28":"wvn-btn-normal","29":"wvn-tabs-layout-vertical"},"acf":[],"_links":{"self":[{"href":"https:\/\/wateryou.eu\/de\/wp-json\/wp\/v2\/product\/22877","targetHints":{"allow":["GET"]}}],"collection":[{"href":"https:\/\/wateryou.eu\/de\/wp-json\/wp\/v2\/product"}],"about":[{"href":"https:\/\/wateryou.eu\/de\/wp-json\/wp\/v2\/types\/product"}],"replies":[{"embeddable":true,"href":"https:\/\/wateryou.eu\/de\/wp-json\/wp\/v2\/comments?post=22877"}],"wp:featuredmedia":[{"embeddable":true,"href":"https:\/\/wateryou.eu\/de\/wp-json\/wp\/v2\/media\/22042"}],"wp:attachment":[{"href":"https:\/\/wateryou.eu\/de\/wp-json\/wp\/v2\/media?parent=22877"}],"wp:term":[{"taxonomy":"product_brand","embeddable":true,"href":"https:\/\/wateryou.eu\/de\/wp-json\/wp\/v2\/product_brand?post=22877"},{"taxonomy":"product_cat","embeddable":true,"href":"https:\/\/wateryou.eu\/de\/wp-json\/wp\/v2\/product_cat?post=22877"},{"taxonomy":"product_tag","embeddable":true,"href":"https:\/\/wateryou.eu\/de\/wp-json\/wp\/v2\/product_tag?post=22877"}],"curies":[{"name":"wp","href":"https:\/\/api.w.org\/{rel}","templated":true}]}}