{"id":22855,"date":"2023-04-20T13:51:42","date_gmt":"2023-04-20T11:51:42","guid":{"rendered":"https:\/\/wateryou.eu\/product\/super-fountain-pump-2\/"},"modified":"2023-04-20T13:51:42","modified_gmt":"2023-04-20T11:51:42","slug":"super-fountain-pump-2","status":"publish","type":"product","link":"https:\/\/wateryou.eu\/de\/produkt\/super-fountain-pump-2\/","title":{"rendered":"Super Fountain Pump"},"content":{"rendered":"<p>Die Super Fountain Pump ist die perfekte Erg\u00e4nzung f\u00fcr jeden Teich. Genie\u00dfen Sie den Pl\u00e4tschereffekt und lassen Sie die Fische die Bewegung im Wasser genie\u00dfen. Durch den verstellbaren Schlauch und den Dosierhahn l\u00e4sst sich die H\u00f6he des Brunnens leicht anpassen und der Ausfluss regulieren.  <\/p>\n<p>Merkmale:<br \/>\n&#8211; Niedriger Energieverbrauch<br \/>\n&#8211; W\u00e4rmeschutz, der eine \u00dcberhitzung verhindert<br \/>\n&#8211; Komplett wasserdicht versiegelte Motoren<br \/>\n&#8211; Gro\u00dfe Kapazit\u00e4t und lange Lebensdauer<br \/>\n&#8211; Verstellbarer Schlauch und Dosierhahn<br \/>\n&#8211; Lieferung mit zwei Font\u00e4nenk\u00f6pfen: Sprudel- und Spr\u00fcheffekt<\/p>\n","protected":false},"excerpt":{"rendered":"<p>Springbrunnenpumpe mit Wasserblase und Springbrunnenkopf<\/p>\n","protected":false},"featured_media":22263,"comment_status":"closed","ping_status":"closed","template":"","meta":{"_acf_changed":false,"_seopress_robots_primary_cat":"none","_seopress_titles_title":"","_seopress_titles_desc":"","_seopress_robots_index":""},"product_brand":[],"product_cat":[1236,1230,1235],"product_tag":[1252],"class_list":{"0":"post-22855","1":"product","2":"type-product","3":"status-publish","4":"has-post-thumbnail","6":"product_cat-brunnen","7":"product_cat-pumpen-und-filter","8":"product_cat-pumps","9":"product_tag-0-m-de","10":"product_shipping_class-nl-standard-de","11":"pa_formaat-10-watt-de","12":"pa_geschikt-voor-max-25-m-de","13":"pa_geschikt-voor-max-10-m-de","14":"pa_geschikt-voor-max-12-m-de","15":"pa_geschikt-voor-max-15-m-de","16":"pa_geschikt-voor-max-20-m-de","17":"pa_geschikt-voor-max-30-m-de","18":"yith_product_brand-vt-de-2","19":"entry","20":"has-media","22":"first","23":"instock","24":"sale","25":"taxable","26":"shipping-taxable","27":"purchasable","28":"product-type-variable","29":"has-default-attributes","30":"col","31":"span_1_of_4","32":"wvn-content-left","33":"wvn-thumbs-layout-vertical","34":"wvn-btn-normal","35":"wvn-tabs-layout-vertical"},"acf":[],"_links":{"self":[{"href":"https:\/\/wateryou.eu\/de\/wp-json\/wp\/v2\/product\/22855","targetHints":{"allow":["GET"]}}],"collection":[{"href":"https:\/\/wateryou.eu\/de\/wp-json\/wp\/v2\/product"}],"about":[{"href":"https:\/\/wateryou.eu\/de\/wp-json\/wp\/v2\/types\/product"}],"replies":[{"embeddable":true,"href":"https:\/\/wateryou.eu\/de\/wp-json\/wp\/v2\/comments?post=22855"}],"wp:featuredmedia":[{"embeddable":true,"href":"https:\/\/wateryou.eu\/de\/wp-json\/wp\/v2\/media\/22263"}],"wp:attachment":[{"href":"https:\/\/wateryou.eu\/de\/wp-json\/wp\/v2\/media?parent=22855"}],"wp:term":[{"taxonomy":"product_brand","embeddable":true,"href":"https:\/\/wateryou.eu\/de\/wp-json\/wp\/v2\/product_brand?post=22855"},{"taxonomy":"product_cat","embeddable":true,"href":"https:\/\/wateryou.eu\/de\/wp-json\/wp\/v2\/product_cat?post=22855"},{"taxonomy":"product_tag","embeddable":true,"href":"https:\/\/wateryou.eu\/de\/wp-json\/wp\/v2\/product_tag?post=22855"}],"curies":[{"name":"wp","href":"https:\/\/api.w.org\/{rel}","templated":true}]}}