{"id":22852,"date":"2023-04-20T13:51:55","date_gmt":"2023-04-20T11:51:55","guid":{"rendered":"https:\/\/wateryou.eu\/product\/pond-net-teleskopisch-stahl-teichnetz\/"},"modified":"2023-04-20T13:51:55","modified_gmt":"2023-04-20T11:51:55","slug":"pond-net-teleskopisch-stahl-teichnetz","status":"publish","type":"product","link":"https:\/\/wateryou.eu\/de\/produkt\/pond-net-teleskopisch-stahl-teichnetz\/","title":{"rendered":"Pond Net + teleskopisch. Stahl &#8211; Teichnetz"},"content":{"rendered":"<p>Unsere multifunktionalen Angel- und Teichkescher sind die perfekte L\u00f6sung zum Fangen von Fischen und anderen Wassertieren. Durch den Teleskopstiel k\u00f6nnen Sie die L\u00e4nge des Keschers selbst bestimmen. Wir haben vier verschiedene Versionen, darunter 25 x 25 cm, 30 x 30 cm, 35 x 35 cm und Daphnia.  <\/p>\n<p>Die Netze sind aus hochwertigem, strapazierf\u00e4higem Polyester gefertigt und halten einiges aus. Sie verf\u00fcgen \u00fcber eine spezielle Beschichtung, die sie wasserabweisend macht und Schmutz und Sand nicht anzieht. Die Netze sind robust konstruiert und korrosionsbest\u00e4ndig. Sie sind leicht und einfach zu tragen.   <\/p>\n<p>Unsere Fisch- und Teichnetze sind in verschiedenen Farben erh\u00e4ltlich, darunter Schwarz, Rot, Blau und Gelb. Sie verf\u00fcgen \u00fcber eine spezielle verst\u00e4rkte Kante, um ihre Robustheit und Haltbarkeit zu gew\u00e4hrleisten. F\u00fcr zus\u00e4tzlichen Komfort verf\u00fcgen die Netze au\u00dferdem \u00fcber einen Komfortgriff.  <\/p>\n<p>Kurz gesagt: Unsere multifunktionalen Angel- und Teichnetze sind die perfekte L\u00f6sung zum Fangen von Fischen und anderen Wassertieren. Sie sind robust, langlebig, leicht und einfach zu tragen. Sie sind au\u00dferdem in verschiedenen Farben erh\u00e4ltlich und verf\u00fcgen \u00fcber einen komfortablen Griff. W\u00e4hlen Sie die perfekte Gr\u00f6\u00dfe f\u00fcr Ihre Bed\u00fcrfnisse und machen Sie Ihr Angelabenteuer komplett!   <\/p>\n","protected":false},"excerpt":{"rendered":"<p>multifunktionaler Kescher mit Teleskopstiel<\/p>\n","protected":false},"featured_media":21854,"comment_status":"closed","ping_status":"closed","template":"","meta":{"_acf_changed":false,"_seopress_robots_primary_cat":"none","_seopress_titles_title":"","_seopress_titles_desc":"","_seopress_robots_index":""},"product_brand":[],"product_cat":[1183,1143,1148],"product_tag":[1193],"class_list":{"0":"post-22852","1":"product","2":"type-product","3":"status-publish","4":"has-post-thumbnail","6":"product_cat-setzkescher","7":"product_cat-teile-und-wartung","8":"product_cat-wartung","9":"product_tag-teichnetz","10":"product_shipping_class-nl-standard-de","11":"pa_formaat-25-x-25-cm-de","12":"pa_formaat-30-x-30-cm-de","13":"pa_formaat-35-x-35-cm-de","14":"yith_product_brand-vt-de-2","15":"entry","16":"has-media","18":"first","19":"instock","20":"taxable","21":"shipping-taxable","22":"purchasable","23":"product-type-variable","24":"has-default-attributes","25":"col","26":"span_1_of_4","27":"wvn-content-left","28":"wvn-thumbs-layout-vertical","29":"wvn-btn-normal","30":"wvn-tabs-layout-vertical"},"acf":[],"_links":{"self":[{"href":"https:\/\/wateryou.eu\/de\/wp-json\/wp\/v2\/product\/22852","targetHints":{"allow":["GET"]}}],"collection":[{"href":"https:\/\/wateryou.eu\/de\/wp-json\/wp\/v2\/product"}],"about":[{"href":"https:\/\/wateryou.eu\/de\/wp-json\/wp\/v2\/types\/product"}],"replies":[{"embeddable":true,"href":"https:\/\/wateryou.eu\/de\/wp-json\/wp\/v2\/comments?post=22852"}],"wp:featuredmedia":[{"embeddable":true,"href":"https:\/\/wateryou.eu\/de\/wp-json\/wp\/v2\/media\/21854"}],"wp:attachment":[{"href":"https:\/\/wateryou.eu\/de\/wp-json\/wp\/v2\/media?parent=22852"}],"wp:term":[{"taxonomy":"product_brand","embeddable":true,"href":"https:\/\/wateryou.eu\/de\/wp-json\/wp\/v2\/product_brand?post=22852"},{"taxonomy":"product_cat","embeddable":true,"href":"https:\/\/wateryou.eu\/de\/wp-json\/wp\/v2\/product_cat?post=22852"},{"taxonomy":"product_tag","embeddable":true,"href":"https:\/\/wateryou.eu\/de\/wp-json\/wp\/v2\/product_tag?post=22852"}],"curies":[{"name":"wp","href":"https:\/\/api.w.org\/{rel}","templated":true}]}}